{"id":978,"date":"2021-02-12T10:47:11","date_gmt":"2021-02-12T09:47:11","guid":{"rendered":"https:\/\/www.monteescalier.net\/france\/?page_id=978"},"modified":"2021-11-10T10:15:21","modified_gmt":"2021-11-10T09:15:21","slug":"monte-escalier-merignac","status":"publish","type":"page","link":"https:\/\/www.monteescalier.net\/france\/monte-escalier-merignac\/","title":{"rendered":"Monte escalier M\u00e9rignac"},"content":{"rendered":"<h1>Quel installateur chosir pour un monte escalier \u00e0 M\u00e9rignac<\/h1>\n<div class=\"boite_texte\">\n<div style=\"text-align: justify;\">Faire installer un monte escalier \u00e0 M\u00e9rignac, monteescalier.net peut vous aider \u00e0 choisir votre installateur. Par quel moyen? \u00a0tout simplement en communiquant vos coordonn\u00e9es\u00e0 une s\u00e9lection d&rsquo;installateurs de monte escalier pr\u00e9sents dans votre d\u00e9partement.<\/div>\n<p>&nbsp;<\/p>\n<div style=\"text-align: justify;\">\n<p>Plusieurs ann\u00e9es notre mission est de rapprocher les possibles acqu\u00e9reurs de monte escalier et les vendeurs de monte escalier en Aquitaine. Ils sont tr\u00e8s nombreux ceux qui, comme vous, sont venus sur ce site et ont fait confiance \u00e0 notre s\u00e9lection pour trouver leur installateur de monte escalier et nous pensons pas que certains d&rsquo;entre eux aient pu \u00e0 aucun moment le regretter. Parce que notre service est clair et transparent : on se contente de vous mettre en relation, sans co\u00fbt ni obligation.<\/p>\n<\/div>\n<div style=\"text-align: justify;\">A quoi bon multipliez les demandes \u00e0 droite et \u00e0 gauche, alors que nous vous proposons gratuitement de centraliser votre demande aupr\u00e8s des professionnels du monte escalier de M\u00e9rignac. Saisissez vite vos coordonn\u00e9es dans notre formulaire de demande de devis (en haut de cette page) et vous recevrez leurs propositions apr\u00e8s vous \u00eatre entretenus avec eux sur les caract\u00e9ristiques de votre escalier, ce qui va conditionner le mod\u00e8le et la technologie utilis\u00e9e : monte escalier droit ou courbe, monorail ou double rail, largeur et hauteur des marches, \u00e0 l&rsquo;int\u00e9rieur de la maison ou \u00e0 l&rsquo;ext\u00e9rieur, etc&#8230;<\/div>\n<p>&nbsp;<\/p>\n<div style=\"text-align: justify;\">Un seul formulaire \u00e0 compl\u00e9ter pour \u00eatre rappel\u00e9 par des professionnels du monte escalier, c&rsquo;est le deuxi\u00e8me service totalement gratuit que nous vous proposons avec la demande de rappel. C&rsquo;est la garantie d&rsquo;\u00eatre rappel\u00e9 tr\u00e8s vite par plusieurs installateurs de monte escalier concern\u00e9s par votre projet qui pourront ainsi vous\u00a0r\u00e9pondre \u00e0 toutes les questions techniques ou commerciales que vous pouvez l\u00e9gitimement vous poser.<\/div>\n<p>&nbsp;<\/p>\n<div style=\"text-align: justify;\">Quel mod\u00e8le de monte escalier choisir ? Pour vous aider \u00e0 r\u00e9pondre \u00e0 cette question, aidez vous avec de la documentation gratuite sur les monte escaliers. Nos partenaires revendeurs peuvent, en effet, vous faire parvenir de la documentation sur les mod\u00e8les qu&rsquo;ils proposent \u00e0 la vente et qui vous permettront sans doute d&rsquo;\u00e9tablir une pr\u00e9selection entre les diff\u00e9rents mod\u00e8les que vous pourriez mettre en place chez vous.<\/div>\n<p>&nbsp;<\/p>\n<div style=\"text-align: justify;\">Avec notre site, pas de co\u00fbt et pas d&rsquo;engagements ! que vous signiez ou non avec un de nos partenaires, nous ne vous facturerons rien pour notre service de mise en relation. Si vous trouvez votre prestataire gr\u00e2ce \u00e0 nous tant mieux pour vous, alors testez nous !<\/div>\n<p>&nbsp;<\/p>\n<\/div>\n<div class=\"titre_liens\">Autres liens int\u00e9ressants vers nos offres dans les villes voisines de M\u00e9rignac<\/div>\n<p>&nbsp;<\/p>\n<div class=\"boite_liens\"><a href=\"https:\/\/www.monteescalier.net\/france\/monte-escalier-pessac\">Monte escalier Pessac<\/a><br \/>\n<a href=\"https:\/\/www.monteescalier.net\/france\/monte-escalier-talence\">Monte escalier Talence<\/a><br \/>\n<a href=\"https:\/\/www.monteescalier.net\/france\/monte-escalier-villenave-d-ornon\">Monte escalier Villenave-d&rsquo;Ornon<\/a><br \/>\n<a href=\"https:\/\/www.monteescalier.net\/france\/monte-escalier-saint-medard-en-jalles\">Monte escalier Saint-M\u00e9dard-en-Jalles<\/a><br \/>\n<a href=\"https:\/\/www.monteescalier.net\/france\/monte-escalier-begles\">Monte escalier B\u00e8gles<\/a><\/div>\n","protected":false},"excerpt":{"rendered":"<p>Quel installateur chosir pour un monte escalier \u00e0 M\u00e9rignac Faire installer un monte escalier \u00e0 M\u00e9rignac, monteescalier.net peut vous aider \u00e0 choisir votre installateur. Par quel moyen? \u00a0tout simplement en communiquant vos coordonn\u00e9es\u00e0 une s\u00e9lection d&rsquo;installateurs de monte escalier pr\u00e9sents dans votre d\u00e9partement. &nbsp; Plusieurs ann\u00e9es notre mission est de rapprocher les possibles acqu\u00e9reurs de [&hellip;]<\/p>\n","protected":false},"author":1,"featured_media":0,"parent":0,"menu_order":0,"comment_status":"closed","ping_status":"open","template":"template_ville_1.php","meta":{"_monsterinsights_skip_tracking":false,"_monsterinsights_sitenote_active":false,"_monsterinsights_sitenote_note":"","_monsterinsights_sitenote_category":0,"footnotes":""},"class_list":["post-978","page","type-page","status-publish","hentry"],"yoast_head":"<!-- This site is optimized with the Yoast SEO plugin v26.3 - https:\/\/yoast.com\/wordpress\/plugins\/seo\/ -->\n<title>Monte escalier M\u00e9rignac - Monte escalier<\/title>\n<meta name=\"description\" content=\"Vous recherchez un monte-escalier pour votre domicile pr\u00e8s de M\u00e9rignac ? Contactez d\u00e8s maintenant notre partenaire agr\u00e9\u00e9 le plus proche !\" \/>\n<meta name=\"robots\" content=\"index, follow, max-snippet:-1, max-image-preview:large, max-video-preview:-1\" \/>\n<link rel=\"canonical\" href=\"https:\/\/www.monteescalier.net\/france\/monte-escalier-merignac\/\" \/>\n<meta property=\"og:locale\" content=\"fr_FR\" \/>\n<meta property=\"og:type\" content=\"article\" \/>\n<meta property=\"og:title\" content=\"Monte escalier M\u00e9rignac - Monte escalier\" \/>\n<meta property=\"og:description\" content=\"Vous recherchez un monte-escalier pour votre domicile pr\u00e8s de M\u00e9rignac ? Contactez d\u00e8s maintenant notre partenaire agr\u00e9\u00e9 le plus proche !\" \/>\n<meta property=\"og:url\" content=\"https:\/\/www.monteescalier.net\/france\/monte-escalier-merignac\/\" \/>\n<meta property=\"og:site_name\" content=\"Monte escalier\" \/>\n<meta property=\"article:modified_time\" content=\"2021-11-10T09:15:21+00:00\" \/>\n<meta name=\"twitter:card\" content=\"summary_large_image\" \/>\n<meta name=\"twitter:label1\" content=\"Dur\u00e9e de lecture estim\u00e9e\" \/>\n\t<meta name=\"twitter:data1\" content=\"2 minutes\" \/>\n<script type=\"application\/ld+json\" class=\"yoast-schema-graph\">{\"@context\":\"https:\/\/schema.org\",\"@graph\":[{\"@type\":\"WebPage\",\"@id\":\"https:\/\/www.monteescalier.net\/france\/monte-escalier-merignac\/\",\"url\":\"https:\/\/www.monteescalier.net\/france\/monte-escalier-merignac\/\",\"name\":\"Monte escalier M\u00e9rignac - Monte escalier\",\"isPartOf\":{\"@id\":\"https:\/\/www.monteescalier.net\/france\/#website\"},\"datePublished\":\"2021-02-12T09:47:11+00:00\",\"dateModified\":\"2021-11-10T09:15:21+00:00\",\"description\":\"Vous recherchez un monte-escalier pour votre domicile pr\u00e8s de M\u00e9rignac ? Contactez d\u00e8s maintenant notre partenaire agr\u00e9\u00e9 le plus proche !\",\"breadcrumb\":{\"@id\":\"https:\/\/www.monteescalier.net\/france\/monte-escalier-merignac\/#breadcrumb\"},\"inLanguage\":\"fr-FR\",\"potentialAction\":[{\"@type\":\"ReadAction\",\"target\":[\"https:\/\/www.monteescalier.net\/france\/monte-escalier-merignac\/\"]}]},{\"@type\":\"BreadcrumbList\",\"@id\":\"https:\/\/www.monteescalier.net\/france\/monte-escalier-merignac\/#breadcrumb\",\"itemListElement\":[{\"@type\":\"ListItem\",\"position\":1,\"name\":\"Accueil\",\"item\":\"https:\/\/www.monteescalier.net\/france\/\"},{\"@type\":\"ListItem\",\"position\":2,\"name\":\"Monte escalier M\u00e9rignac\"}]},{\"@type\":\"WebSite\",\"@id\":\"https:\/\/www.monteescalier.net\/france\/#website\",\"url\":\"https:\/\/www.monteescalier.net\/france\/\",\"name\":\"Monte escalier\",\"description\":\"\",\"publisher\":{\"@id\":\"https:\/\/www.monteescalier.net\/france\/#organization\"},\"potentialAction\":[{\"@type\":\"SearchAction\",\"target\":{\"@type\":\"EntryPoint\",\"urlTemplate\":\"https:\/\/www.monteescalier.net\/france\/?s={search_term_string}\"},\"query-input\":{\"@type\":\"PropertyValueSpecification\",\"valueRequired\":true,\"valueName\":\"search_term_string\"}}],\"inLanguage\":\"fr-FR\"},{\"@type\":\"Organization\",\"@id\":\"https:\/\/www.monteescalier.net\/france\/#organization\",\"name\":\"monte-escalier.net\",\"url\":\"https:\/\/www.monteescalier.net\/france\/\",\"logo\":{\"@type\":\"ImageObject\",\"inLanguage\":\"fr-FR\",\"@id\":\"https:\/\/www.monteescalier.net\/france\/#\/schema\/logo\/image\/\",\"url\":\"https:\/\/www.monteescalier.net\/france\/wp-content\/uploads\/2016\/10\/4devis-mont-escalier-500-500.gif\",\"contentUrl\":\"https:\/\/www.monteescalier.net\/france\/wp-content\/uploads\/2016\/10\/4devis-mont-escalier-500-500.gif\",\"width\":500,\"height\":500,\"caption\":\"monte-escalier.net\"},\"image\":{\"@id\":\"https:\/\/www.monteescalier.net\/france\/#\/schema\/logo\/image\/\"}}]}<\/script>\n<!-- \/ Yoast SEO plugin. -->","yoast_head_json":{"title":"Monte escalier M\u00e9rignac - Monte escalier","description":"Vous recherchez un monte-escalier pour votre domicile pr\u00e8s de M\u00e9rignac ? Contactez d\u00e8s maintenant notre partenaire agr\u00e9\u00e9 le plus proche !","robots":{"index":"index","follow":"follow","max-snippet":"max-snippet:-1","max-image-preview":"max-image-preview:large","max-video-preview":"max-video-preview:-1"},"canonical":"https:\/\/www.monteescalier.net\/france\/monte-escalier-merignac\/","og_locale":"fr_FR","og_type":"article","og_title":"Monte escalier M\u00e9rignac - Monte escalier","og_description":"Vous recherchez un monte-escalier pour votre domicile pr\u00e8s de M\u00e9rignac ? Contactez d\u00e8s maintenant notre partenaire agr\u00e9\u00e9 le plus proche !","og_url":"https:\/\/www.monteescalier.net\/france\/monte-escalier-merignac\/","og_site_name":"Monte escalier","article_modified_time":"2021-11-10T09:15:21+00:00","twitter_card":"summary_large_image","twitter_misc":{"Dur\u00e9e de lecture estim\u00e9e":"2 minutes"},"schema":{"@context":"https:\/\/schema.org","@graph":[{"@type":"WebPage","@id":"https:\/\/www.monteescalier.net\/france\/monte-escalier-merignac\/","url":"https:\/\/www.monteescalier.net\/france\/monte-escalier-merignac\/","name":"Monte escalier M\u00e9rignac - Monte escalier","isPartOf":{"@id":"https:\/\/www.monteescalier.net\/france\/#website"},"datePublished":"2021-02-12T09:47:11+00:00","dateModified":"2021-11-10T09:15:21+00:00","description":"Vous recherchez un monte-escalier pour votre domicile pr\u00e8s de M\u00e9rignac ? Contactez d\u00e8s maintenant notre partenaire agr\u00e9\u00e9 le plus proche !","breadcrumb":{"@id":"https:\/\/www.monteescalier.net\/france\/monte-escalier-merignac\/#breadcrumb"},"inLanguage":"fr-FR","potentialAction":[{"@type":"ReadAction","target":["https:\/\/www.monteescalier.net\/france\/monte-escalier-merignac\/"]}]},{"@type":"BreadcrumbList","@id":"https:\/\/www.monteescalier.net\/france\/monte-escalier-merignac\/#breadcrumb","itemListElement":[{"@type":"ListItem","position":1,"name":"Accueil","item":"https:\/\/www.monteescalier.net\/france\/"},{"@type":"ListItem","position":2,"name":"Monte escalier M\u00e9rignac"}]},{"@type":"WebSite","@id":"https:\/\/www.monteescalier.net\/france\/#website","url":"https:\/\/www.monteescalier.net\/france\/","name":"Monte escalier","description":"","publisher":{"@id":"https:\/\/www.monteescalier.net\/france\/#organization"},"potentialAction":[{"@type":"SearchAction","target":{"@type":"EntryPoint","urlTemplate":"https:\/\/www.monteescalier.net\/france\/?s={search_term_string}"},"query-input":{"@type":"PropertyValueSpecification","valueRequired":true,"valueName":"search_term_string"}}],"inLanguage":"fr-FR"},{"@type":"Organization","@id":"https:\/\/www.monteescalier.net\/france\/#organization","name":"monte-escalier.net","url":"https:\/\/www.monteescalier.net\/france\/","logo":{"@type":"ImageObject","inLanguage":"fr-FR","@id":"https:\/\/www.monteescalier.net\/france\/#\/schema\/logo\/image\/","url":"https:\/\/www.monteescalier.net\/france\/wp-content\/uploads\/2016\/10\/4devis-mont-escalier-500-500.gif","contentUrl":"https:\/\/www.monteescalier.net\/france\/wp-content\/uploads\/2016\/10\/4devis-mont-escalier-500-500.gif","width":500,"height":500,"caption":"monte-escalier.net"},"image":{"@id":"https:\/\/www.monteescalier.net\/france\/#\/schema\/logo\/image\/"}}]}},"_links":{"self":[{"href":"https:\/\/www.monteescalier.net\/france\/wp-json\/wp\/v2\/pages\/978","targetHints":{"allow":["GET"]}}],"collection":[{"href":"https:\/\/www.monteescalier.net\/france\/wp-json\/wp\/v2\/pages"}],"about":[{"href":"https:\/\/www.monteescalier.net\/france\/wp-json\/wp\/v2\/types\/page"}],"author":[{"embeddable":true,"href":"https:\/\/www.monteescalier.net\/france\/wp-json\/wp\/v2\/users\/1"}],"replies":[{"embeddable":true,"href":"https:\/\/www.monteescalier.net\/france\/wp-json\/wp\/v2\/comments?post=978"}],"version-history":[{"count":4,"href":"https:\/\/www.monteescalier.net\/france\/wp-json\/wp\/v2\/pages\/978\/revisions"}],"predecessor-version":[{"id":8318,"href":"https:\/\/www.monteescalier.net\/france\/wp-json\/wp\/v2\/pages\/978\/revisions\/8318"}],"wp:attachment":[{"href":"https:\/\/www.monteescalier.net\/france\/wp-json\/wp\/v2\/media?parent=978"}],"curies":[{"name":"wp","href":"https:\/\/api.w.org\/{rel}","templated":true}]}}