{"id":981,"date":"2021-02-12T10:47:11","date_gmt":"2021-02-12T09:47:11","guid":{"rendered":"https:\/\/www.monteescalier.net\/france\/?page_id=981"},"modified":"2021-11-10T11:33:01","modified_gmt":"2021-11-10T10:33:01","slug":"monte-escalier-quimper","status":"publish","type":"page","link":"https:\/\/www.monteescalier.net\/france\/monte-escalier-quimper\/","title":{"rendered":"Monte escalier Quimper"},"content":{"rendered":"<h1>Des infos sur un monte escalier \u00e0 Quimper<\/h1>\n<div class=\"boite_texte\">\n<pre style=\"text-align: justify;\"><em>M.A.J: 02\/12\/2016<\/em><\/pre>\n<div style=\"text-align: justify;\"><\/div>\n<div style=\"text-align: justify;\">Vous voulez faire installer dans votre maison\u00a0un <a href=\"https:\/\/www.monteescalier.net\">monte escalier<\/a>. A Quimper, vous n&rsquo;aurez pas de difficult\u00e9s \u00e0 trouver un installateur de monte escalier, mais savez-vous si cet installateur est en mesure de vous proposer une prestation et un prix int\u00e9ressant pour votre monte escalier. Pour vous en assurer faites confiance \u00e0 monteescaliet.net qui va vous permettre d&rsquo;obtenir\u00a0pas moins de 4 devis gratuits que vous allez recevoir gratuitement par notre entremise.<\/div>\n<p>&nbsp;<\/p>\n<div style=\"text-align: justify;\">Rapprocher les installateurs de monte escalier des acheteurs, telle est notre vocation. En utilisant un de nos services vous vous assurerez de pouvoir \u00eatre mis en relation avec les principaux vendeurs de monte escalier de Quimper, ou du moins, de ceux que nous consid\u00e9rons comme tels. Nous sommes un acteur ind\u00e9pendant des marques et des r\u00e9seaux de monte escalier, c&rsquo;est la garantie de notre ind\u00e9pendance et cela donne donc de la valeur \u00e0 notre choix parmi les prestataires.<\/div>\n<p>&nbsp;<\/p>\n<div style=\"text-align: justify;\">A quoi bon multipliez les demandes \u00e0 droite et \u00e0 gauche, alors que nous vous proposons gratuitement de centraliser votre demande aupr\u00e8s des professionnels du monte escalier de Quimper. Saisissez vite vos coordonn\u00e9es dans notre formulaire de demande de devis et vous recevrez leurs propositions directement chez vous. Pour recevoir 4 devis de monte escalier pour une installation chez vous \u00e0 Quimper, une seule formalit\u00e9 : remplir cette <a href=\"https:\/\/www.monteescalier.net\/devis-gratuit.php\">demande de devis<\/a>.<\/div>\n<p>&nbsp;<\/p>\n<div align=\"center\">\n<div id=\"attachment_6797\" style=\"width: 310px\" class=\"wp-caption aligncenter\"><a href=\"https:\/\/www.monteescalier.net\/france\/wp-content\/uploads\/2013\/09\/ville-Quimper.jpg\"><img loading=\"lazy\" decoding=\"async\" aria-describedby=\"caption-attachment-6797\" class=\"size-medium wp-image-6797\" src=\"https:\/\/www.monteescalier.net\/france\/wp-content\/uploads\/2013\/09\/ville-Quimper-300x225.jpg\" alt=\"&quot;Odet in Quimper&quot; Photo Renegade\" width=\"300\" height=\"225\" srcset=\"https:\/\/www.monteescalier.net\/france\/wp-content\/uploads\/2013\/09\/ville-Quimper-300x225.jpg 300w, https:\/\/www.monteescalier.net\/france\/wp-content\/uploads\/2013\/09\/ville-Quimper.jpg 640w\" sizes=\"auto, (max-width: 300px) 100vw, 300px\" \/><\/a><p id=\"caption-attachment-6797\" class=\"wp-caption-text\">\u00ab\u00a0Odet in Quimper\u00a0\u00bb Photo <a href=\"http:\/\/nl.wikipedia.org\/wiki\/Gebruiker:Renegade\" target=\"_blank\" rel=\"noopener noreferrer\">Renegade<\/a><\/p><\/div>\n<\/div>\n<div style=\"text-align: justify;\"><\/div>\n<div style=\"text-align: justify;\">L&rsquo;installation d&rsquo;un monte escalier est une op\u00e9ration tr\u00e8s technique qui n\u00e9cessite une pr\u00e9paration minutieuse et ainsi garantir votre s\u00e9curit\u00e9 sur le fauteuil monte escalier. Il est ainsi normal que vous vous posiez des questions sur cette installation, quels soient techniques, pratiques ou financi\u00e8res. Pour lever vos h\u00e9sitations, nous vous proposons de remplir une <a href=\"https:\/\/www.monteescalier.net\/demande-de-rappel.php\">demande de rappel<\/a> afin que nos partenaires experts puissent vous rappeler et vous donner par t\u00e9l\u00e9phone leurs avis respectifs sur les questions concernant l&rsquo;installation chez vous de votre monte escalier.<\/div>\n<p>&nbsp;<\/p>\n<div style=\"text-align: justify;\">Pour vous familiariser avec les mod\u00e8les de monte escalier n&rsquo;h\u00e9sitez pas \u00e0 faire une demande de documentation, via notre formulaire de de demande de documentation, vous recevrez ainsi par courrier \u00e9lectronique (si vous faites une demande compl\u00e8te avec email, t\u00e9l\u00e9phone et adresse postale) des renseignements pr\u00e9cis sur les diff\u00e9rents mod\u00e8les de monte escalier disponibles \u00e0 la vente \u00e0 Quimper chez les installateurs que nous recommandons.<\/div>\n<p>&nbsp;<\/p>\n<div style=\"text-align: justify;\">Combien vont vous co\u00fbter nos services de mise en relation ? R\u00e9ponse, pas un centime,&#8230; alors o\u00f9 est le pi\u00e8ge ? Il n&rsquo;y en a aucun, notre offre est totalement sans engagement. Si les propositions de nos partenaires ne vous conviennent pas, vous restez totalement libre d&rsquo;aller voir ailleurs ! Nous ne touchons pas de commission sur les ventes de monte escalier. Nous vous pr\u00e9sentons des prestataires c&rsquo;est tout : \u00e0 la toute fin vous \u00eates seul d\u00e9cisionnaire.<\/div>\n<\/div>\n<p>&nbsp;<\/p>\n<div class=\"titre_liens\">Nos services monte escalier sont \u00e9galement disponibles \u00e0 :<\/div>\n<p>&nbsp;<\/p>\n<div class=\"boite_liens\"><a href=\"https:\/\/www.monteescalier.net\/france\/monte-escalier-concarneau\">Monte escalier Concarneau<\/a><br \/>\n<a href=\"https:\/\/www.monteescalier.net\/france\/monte-escalier-morlaix\">Monte escalier Morlaix<\/a><br \/>\n<a href=\"https:\/\/www.monteescalier.net\/france\/monte-escalier-douarnenez\">Monte escalier Douarnenez<\/a><br \/>\n<a href=\"https:\/\/www.monteescalier.net\/france\/monte-escalier-landerneau\">Monte escalier Landerneau<\/a><br \/>\n<a href=\"https:\/\/www.monteescalier.net\/france\/monte-escalier-guipavas\">Monte escalier Guipavas<\/a><\/div>\n","protected":false},"excerpt":{"rendered":"<p>Des infos sur un monte escalier \u00e0 Quimper M.A.J: 02\/12\/2016 Vous voulez faire installer dans votre maison\u00a0un monte escalier. A Quimper, vous n&rsquo;aurez pas de difficult\u00e9s \u00e0 trouver un installateur de monte escalier, mais savez-vous si cet installateur est en mesure de vous proposer une prestation et un prix int\u00e9ressant pour votre monte escalier. Pour [&hellip;]<\/p>\n","protected":false},"author":1,"featured_media":0,"parent":0,"menu_order":0,"comment_status":"closed","ping_status":"open","template":"template_ville_16.php","meta":{"_monsterinsights_skip_tracking":false,"_monsterinsights_sitenote_active":false,"_monsterinsights_sitenote_note":"","_monsterinsights_sitenote_category":0,"footnotes":""},"class_list":["post-981","page","type-page","status-publish","hentry"],"yoast_head":"<!-- This site is optimized with the Yoast SEO plugin v26.3 - https:\/\/yoast.com\/wordpress\/plugins\/seo\/ -->\n<title>Monte escalier Quimper - Monte escalier<\/title>\n<meta name=\"description\" content=\"Trouvez une entreprise pour r\u00e9aliser l&#039;installation de votre monte-escaliers \u00e0 Quimper.\" \/>\n<meta name=\"robots\" content=\"index, follow, max-snippet:-1, max-image-preview:large, max-video-preview:-1\" \/>\n<link rel=\"canonical\" href=\"https:\/\/www.monteescalier.net\/france\/monte-escalier-quimper\/\" \/>\n<meta property=\"og:locale\" content=\"fr_FR\" \/>\n<meta property=\"og:type\" content=\"article\" \/>\n<meta property=\"og:title\" content=\"Monte escalier Quimper - Monte escalier\" \/>\n<meta property=\"og:description\" content=\"Trouvez une entreprise pour r\u00e9aliser l&#039;installation de votre monte-escaliers \u00e0 Quimper.\" \/>\n<meta property=\"og:url\" content=\"https:\/\/www.monteescalier.net\/france\/monte-escalier-quimper\/\" \/>\n<meta property=\"og:site_name\" content=\"Monte escalier\" \/>\n<meta property=\"article:modified_time\" content=\"2021-11-10T10:33:01+00:00\" \/>\n<meta property=\"og:image\" content=\"https:\/\/www.monteescalier.net\/france\/wp-content\/uploads\/2013\/09\/ville-Quimper-300x225.jpg\" \/>\n<meta name=\"twitter:card\" content=\"summary_large_image\" \/>\n<meta name=\"twitter:label1\" content=\"Dur\u00e9e de lecture estim\u00e9e\" \/>\n\t<meta name=\"twitter:data1\" content=\"3 minutes\" \/>\n<script type=\"application\/ld+json\" class=\"yoast-schema-graph\">{\"@context\":\"https:\/\/schema.org\",\"@graph\":[{\"@type\":\"WebPage\",\"@id\":\"https:\/\/www.monteescalier.net\/france\/monte-escalier-quimper\/\",\"url\":\"https:\/\/www.monteescalier.net\/france\/monte-escalier-quimper\/\",\"name\":\"Monte escalier Quimper - Monte escalier\",\"isPartOf\":{\"@id\":\"https:\/\/www.monteescalier.net\/france\/#website\"},\"primaryImageOfPage\":{\"@id\":\"https:\/\/www.monteescalier.net\/france\/monte-escalier-quimper\/#primaryimage\"},\"image\":{\"@id\":\"https:\/\/www.monteescalier.net\/france\/monte-escalier-quimper\/#primaryimage\"},\"thumbnailUrl\":\"https:\/\/www.monteescalier.net\/france\/wp-content\/uploads\/2013\/09\/ville-Quimper-300x225.jpg\",\"datePublished\":\"2021-02-12T09:47:11+00:00\",\"dateModified\":\"2021-11-10T10:33:01+00:00\",\"description\":\"Trouvez une entreprise pour r\u00e9aliser l'installation de votre monte-escaliers \u00e0 Quimper.\",\"breadcrumb\":{\"@id\":\"https:\/\/www.monteescalier.net\/france\/monte-escalier-quimper\/#breadcrumb\"},\"inLanguage\":\"fr-FR\",\"potentialAction\":[{\"@type\":\"ReadAction\",\"target\":[\"https:\/\/www.monteescalier.net\/france\/monte-escalier-quimper\/\"]}]},{\"@type\":\"ImageObject\",\"inLanguage\":\"fr-FR\",\"@id\":\"https:\/\/www.monteescalier.net\/france\/monte-escalier-quimper\/#primaryimage\",\"url\":\"https:\/\/www.monteescalier.net\/france\/wp-content\/uploads\/2013\/09\/ville-Quimper.jpg\",\"contentUrl\":\"https:\/\/www.monteescalier.net\/france\/wp-content\/uploads\/2013\/09\/ville-Quimper.jpg\",\"width\":640,\"height\":480,\"caption\":\"\\\"Odet in Quimper\\\" Photo Renegade\"},{\"@type\":\"BreadcrumbList\",\"@id\":\"https:\/\/www.monteescalier.net\/france\/monte-escalier-quimper\/#breadcrumb\",\"itemListElement\":[{\"@type\":\"ListItem\",\"position\":1,\"name\":\"Accueil\",\"item\":\"https:\/\/www.monteescalier.net\/france\/\"},{\"@type\":\"ListItem\",\"position\":2,\"name\":\"Monte escalier Quimper\"}]},{\"@type\":\"WebSite\",\"@id\":\"https:\/\/www.monteescalier.net\/france\/#website\",\"url\":\"https:\/\/www.monteescalier.net\/france\/\",\"name\":\"Monte escalier\",\"description\":\"\",\"publisher\":{\"@id\":\"https:\/\/www.monteescalier.net\/france\/#organization\"},\"potentialAction\":[{\"@type\":\"SearchAction\",\"target\":{\"@type\":\"EntryPoint\",\"urlTemplate\":\"https:\/\/www.monteescalier.net\/france\/?s={search_term_string}\"},\"query-input\":{\"@type\":\"PropertyValueSpecification\",\"valueRequired\":true,\"valueName\":\"search_term_string\"}}],\"inLanguage\":\"fr-FR\"},{\"@type\":\"Organization\",\"@id\":\"https:\/\/www.monteescalier.net\/france\/#organization\",\"name\":\"monte-escalier.net\",\"url\":\"https:\/\/www.monteescalier.net\/france\/\",\"logo\":{\"@type\":\"ImageObject\",\"inLanguage\":\"fr-FR\",\"@id\":\"https:\/\/www.monteescalier.net\/france\/#\/schema\/logo\/image\/\",\"url\":\"https:\/\/www.monteescalier.net\/france\/wp-content\/uploads\/2016\/10\/4devis-mont-escalier-500-500.gif\",\"contentUrl\":\"https:\/\/www.monteescalier.net\/france\/wp-content\/uploads\/2016\/10\/4devis-mont-escalier-500-500.gif\",\"width\":500,\"height\":500,\"caption\":\"monte-escalier.net\"},\"image\":{\"@id\":\"https:\/\/www.monteescalier.net\/france\/#\/schema\/logo\/image\/\"}}]}<\/script>\n<!-- \/ Yoast SEO plugin. -->","yoast_head_json":{"title":"Monte escalier Quimper - Monte escalier","description":"Trouvez une entreprise pour r\u00e9aliser l'installation de votre monte-escaliers \u00e0 Quimper.","robots":{"index":"index","follow":"follow","max-snippet":"max-snippet:-1","max-image-preview":"max-image-preview:large","max-video-preview":"max-video-preview:-1"},"canonical":"https:\/\/www.monteescalier.net\/france\/monte-escalier-quimper\/","og_locale":"fr_FR","og_type":"article","og_title":"Monte escalier Quimper - Monte escalier","og_description":"Trouvez une entreprise pour r\u00e9aliser l'installation de votre monte-escaliers \u00e0 Quimper.","og_url":"https:\/\/www.monteescalier.net\/france\/monte-escalier-quimper\/","og_site_name":"Monte escalier","article_modified_time":"2021-11-10T10:33:01+00:00","og_image":[{"url":"https:\/\/www.monteescalier.net\/france\/wp-content\/uploads\/2013\/09\/ville-Quimper-300x225.jpg","type":"","width":"","height":""}],"twitter_card":"summary_large_image","twitter_misc":{"Dur\u00e9e de lecture estim\u00e9e":"3 minutes"},"schema":{"@context":"https:\/\/schema.org","@graph":[{"@type":"WebPage","@id":"https:\/\/www.monteescalier.net\/france\/monte-escalier-quimper\/","url":"https:\/\/www.monteescalier.net\/france\/monte-escalier-quimper\/","name":"Monte escalier Quimper - Monte escalier","isPartOf":{"@id":"https:\/\/www.monteescalier.net\/france\/#website"},"primaryImageOfPage":{"@id":"https:\/\/www.monteescalier.net\/france\/monte-escalier-quimper\/#primaryimage"},"image":{"@id":"https:\/\/www.monteescalier.net\/france\/monte-escalier-quimper\/#primaryimage"},"thumbnailUrl":"https:\/\/www.monteescalier.net\/france\/wp-content\/uploads\/2013\/09\/ville-Quimper-300x225.jpg","datePublished":"2021-02-12T09:47:11+00:00","dateModified":"2021-11-10T10:33:01+00:00","description":"Trouvez une entreprise pour r\u00e9aliser l'installation de votre monte-escaliers \u00e0 Quimper.","breadcrumb":{"@id":"https:\/\/www.monteescalier.net\/france\/monte-escalier-quimper\/#breadcrumb"},"inLanguage":"fr-FR","potentialAction":[{"@type":"ReadAction","target":["https:\/\/www.monteescalier.net\/france\/monte-escalier-quimper\/"]}]},{"@type":"ImageObject","inLanguage":"fr-FR","@id":"https:\/\/www.monteescalier.net\/france\/monte-escalier-quimper\/#primaryimage","url":"https:\/\/www.monteescalier.net\/france\/wp-content\/uploads\/2013\/09\/ville-Quimper.jpg","contentUrl":"https:\/\/www.monteescalier.net\/france\/wp-content\/uploads\/2013\/09\/ville-Quimper.jpg","width":640,"height":480,"caption":"\"Odet in Quimper\" Photo Renegade"},{"@type":"BreadcrumbList","@id":"https:\/\/www.monteescalier.net\/france\/monte-escalier-quimper\/#breadcrumb","itemListElement":[{"@type":"ListItem","position":1,"name":"Accueil","item":"https:\/\/www.monteescalier.net\/france\/"},{"@type":"ListItem","position":2,"name":"Monte escalier Quimper"}]},{"@type":"WebSite","@id":"https:\/\/www.monteescalier.net\/france\/#website","url":"https:\/\/www.monteescalier.net\/france\/","name":"Monte escalier","description":"","publisher":{"@id":"https:\/\/www.monteescalier.net\/france\/#organization"},"potentialAction":[{"@type":"SearchAction","target":{"@type":"EntryPoint","urlTemplate":"https:\/\/www.monteescalier.net\/france\/?s={search_term_string}"},"query-input":{"@type":"PropertyValueSpecification","valueRequired":true,"valueName":"search_term_string"}}],"inLanguage":"fr-FR"},{"@type":"Organization","@id":"https:\/\/www.monteescalier.net\/france\/#organization","name":"monte-escalier.net","url":"https:\/\/www.monteescalier.net\/france\/","logo":{"@type":"ImageObject","inLanguage":"fr-FR","@id":"https:\/\/www.monteescalier.net\/france\/#\/schema\/logo\/image\/","url":"https:\/\/www.monteescalier.net\/france\/wp-content\/uploads\/2016\/10\/4devis-mont-escalier-500-500.gif","contentUrl":"https:\/\/www.monteescalier.net\/france\/wp-content\/uploads\/2016\/10\/4devis-mont-escalier-500-500.gif","width":500,"height":500,"caption":"monte-escalier.net"},"image":{"@id":"https:\/\/www.monteescalier.net\/france\/#\/schema\/logo\/image\/"}}]}},"_links":{"self":[{"href":"https:\/\/www.monteescalier.net\/france\/wp-json\/wp\/v2\/pages\/981","targetHints":{"allow":["GET"]}}],"collection":[{"href":"https:\/\/www.monteescalier.net\/france\/wp-json\/wp\/v2\/pages"}],"about":[{"href":"https:\/\/www.monteescalier.net\/france\/wp-json\/wp\/v2\/types\/page"}],"author":[{"embeddable":true,"href":"https:\/\/www.monteescalier.net\/france\/wp-json\/wp\/v2\/users\/1"}],"replies":[{"embeddable":true,"href":"https:\/\/www.monteescalier.net\/france\/wp-json\/wp\/v2\/comments?post=981"}],"version-history":[{"count":5,"href":"https:\/\/www.monteescalier.net\/france\/wp-json\/wp\/v2\/pages\/981\/revisions"}],"predecessor-version":[{"id":8302,"href":"https:\/\/www.monteescalier.net\/france\/wp-json\/wp\/v2\/pages\/981\/revisions\/8302"}],"wp:attachment":[{"href":"https:\/\/www.monteescalier.net\/france\/wp-json\/wp\/v2\/media?parent=981"}],"curies":[{"name":"wp","href":"https:\/\/api.w.org\/{rel}","templated":true}]}}