{"id":982,"date":"2021-02-26T10:47:11","date_gmt":"2021-02-26T09:47:11","guid":{"rendered":"https:\/\/www.monteescalier.net\/france\/?page_id=982"},"modified":"2021-11-10T10:54:23","modified_gmt":"2021-11-10T09:54:23","slug":"monte-escalier-issy-les-moulineaux","status":"publish","type":"page","link":"https:\/\/www.monteescalier.net\/france\/monte-escalier-issy-les-moulineaux\/","title":{"rendered":"Monte escalier Issy-les-Moulineaux"},"content":{"rendered":"<h1>O\u00f9 trouver son monte escalier \u00e0 Issy-les-Moulineaux<\/h1>\n<div class=\"boite_texte\">\n<div style=\"text-align: justify;\">\n<p>Vous souhaitez faire poser un monte escalier \u00e0 Issy-les-Moulineaux sur l&rsquo;escalier de votre maison, utilisez nos services de mise en relation gratuite et \u00a0vous allez b\u00e9n\u00e9ficier de 4 propositions de 4 installateurs diff\u00e9rents minimum.<\/p>\n<\/div>\n<div style=\"text-align: justify;\">\n<p>Depuis 5 ans, ce site consacr\u00e9 enti\u00e8rement au monte escalier facilite l&rsquo;achat de monte escalier en permettant \u00e0 nos utilisateurs d&rsquo;\u00eatre mis en relation directement avec les revendeurs de monte escalier sur Issy-les-Moulineaux et bien s\u00fbr les Hauts de Seine, car avoir plusieurs propositions pour choisir son monte escalier, c&rsquo;est y voir beaucoup plus clair, aussi bien au niveau des prix pratiqu\u00e9s, que des services et garanties fournies.<\/p>\n<\/div>\n<div style=\"text-align: justify;\">Vous savez tr\u00e8s pr\u00e9cisement ce que voulez ? Vous avez besoin d&rsquo;un devis de monte escalier. Une seule demande de devis sur notre site vous permettra de recevoir entre 4 et 5 devis totalement gratuits. Si 2 revendeurs vous proposent le m\u00eame mod\u00e8le, vous serez vite fix\u00e9s sur lequel des 2 vous offrira le meilleur prix pour votre monte escalier.<\/div>\n<p>&nbsp;<\/p>\n<div style=\"text-align: justify;\">Vous avez des questions sur l&rsquo;installation d&rsquo;un monte escalier, sur le co\u00fbt des monte escalier, sur les diff\u00e9rents mod\u00e8les, sur l&rsquo;int\u00e9r\u00eat d&rsquo;avoir un monorail ou un double rail, des questions sur la s\u00e9curit\u00e9? Utilisez notre formulaire de demande de rappel et les professionnels du monte escalier avec lesquels nous allons vous mettre en contact vous rappelleront tr\u00e8s rapidement.<\/div>\n<p>&nbsp;<\/p>\n<div style=\"text-align: justify;\">La majorit\u00e9 des nos partenaires installateurs disposent de documentation sur les mod\u00e8les de monte escalier qu&rsquo;ils commercialisent. Ils peuvent vous les faire parvenir rapidement par courriel. Pour les recevoir remplissez vite une demande de documentation sur notre site.<\/div>\n<p>&nbsp;<\/p>\n<div style=\"text-align: justify;\">Demande de doc, demande de devis, demande de rappel sont des services totalement gratuits sur monteescalier.net, pas de co\u00fbt cach\u00e9s, pas d&rsquo;obligations. Vos demandes sont directement envoy\u00e9es \u00e0 nos prestataires partenaires desservant la ville de Issy-les-Moulineaux et sa r\u00e9gion. Libre \u00e0 vous de signer avec celui de votre choix, ou aucun d&rsquo;entre eux si leurs propositions ne vous conviennent pas, mais \u00e7\u00e0 nous ne l&rsquo;imaginons m\u00eame pas.<\/div>\n<p>&nbsp;<\/p>\n<\/div>\n<div class=\"titre_liens\">Vous habitez une autre ville des hauts de Seine\u00a0? Regardez les liens suivants<\/div>\n<p>&nbsp;<\/p>\n<div class=\"boite_liens\"><a href=\"https:\/\/www.monteescalier.net\/france\/monte-escalier-levallois-perret\">Monte escalier Levallois-Perret<\/a><br \/>\n<a href=\"https:\/\/www.monteescalier.net\/france\/monte-escalier-antony\">Monte escalier Antony<\/a><br \/>\n<a href=\"https:\/\/www.monteescalier.net\/france\/monte-escalier-neuilly-sur-seine\">Monte escalier Neuilly-sur-Seine<\/a><br \/>\n<a href=\"https:\/\/www.monteescalier.net\/france\/monte-escalier-clichy\">Monte escalier Clichy<\/a><br \/>\n<a href=\"https:\/\/www.monteescalier.net\/france\/monte-escalier-clamart\">Monte escalier Clamart<\/a><\/div>\n","protected":false},"excerpt":{"rendered":"<p>O\u00f9 trouver son monte escalier \u00e0 Issy-les-Moulineaux Vous souhaitez faire poser un monte escalier \u00e0 Issy-les-Moulineaux sur l&rsquo;escalier de votre maison, utilisez nos services de mise en relation gratuite et \u00a0vous allez b\u00e9n\u00e9ficier de 4 propositions de 4 installateurs diff\u00e9rents minimum. Depuis 5 ans, ce site consacr\u00e9 enti\u00e8rement au monte escalier facilite l&rsquo;achat de monte [&hellip;]<\/p>\n","protected":false},"author":1,"featured_media":0,"parent":0,"menu_order":0,"comment_status":"closed","ping_status":"open","template":"template_ville_4.php","meta":{"_monsterinsights_skip_tracking":false,"_monsterinsights_sitenote_active":false,"_monsterinsights_sitenote_note":"","_monsterinsights_sitenote_category":0,"footnotes":""},"class_list":["post-982","page","type-page","status-publish","hentry"],"yoast_head":"<!-- This site is optimized with the Yoast SEO plugin v26.3 - https:\/\/yoast.com\/wordpress\/plugins\/seo\/ -->\n<title>Monte escalier Issy-les-Moulineaux - Monte escalier<\/title>\n<meta name=\"description\" content=\"Pour effectuer la pose de votre monte-escalier en toute s\u00e9curit\u00e9 \u00e0 Issy-les-Moulineaux, contactez un professionnel honn\u00eate et confirm\u00e9.\" \/>\n<meta name=\"robots\" content=\"index, follow, max-snippet:-1, max-image-preview:large, max-video-preview:-1\" \/>\n<link rel=\"canonical\" href=\"https:\/\/www.monteescalier.net\/france\/monte-escalier-issy-les-moulineaux\/\" \/>\n<meta property=\"og:locale\" content=\"fr_FR\" \/>\n<meta property=\"og:type\" content=\"article\" \/>\n<meta property=\"og:title\" content=\"Monte escalier Issy-les-Moulineaux - Monte escalier\" \/>\n<meta property=\"og:description\" content=\"Pour effectuer la pose de votre monte-escalier en toute s\u00e9curit\u00e9 \u00e0 Issy-les-Moulineaux, contactez un professionnel honn\u00eate et confirm\u00e9.\" \/>\n<meta property=\"og:url\" content=\"https:\/\/www.monteescalier.net\/france\/monte-escalier-issy-les-moulineaux\/\" \/>\n<meta property=\"og:site_name\" content=\"Monte escalier\" \/>\n<meta property=\"article:modified_time\" content=\"2021-11-10T09:54:23+00:00\" \/>\n<meta name=\"twitter:card\" content=\"summary_large_image\" \/>\n<meta name=\"twitter:label1\" content=\"Dur\u00e9e de lecture estim\u00e9e\" \/>\n\t<meta name=\"twitter:data1\" content=\"2 minutes\" \/>\n<script type=\"application\/ld+json\" class=\"yoast-schema-graph\">{\"@context\":\"https:\/\/schema.org\",\"@graph\":[{\"@type\":\"WebPage\",\"@id\":\"https:\/\/www.monteescalier.net\/france\/monte-escalier-issy-les-moulineaux\/\",\"url\":\"https:\/\/www.monteescalier.net\/france\/monte-escalier-issy-les-moulineaux\/\",\"name\":\"Monte escalier Issy-les-Moulineaux - Monte escalier\",\"isPartOf\":{\"@id\":\"https:\/\/www.monteescalier.net\/france\/#website\"},\"datePublished\":\"2021-02-26T09:47:11+00:00\",\"dateModified\":\"2021-11-10T09:54:23+00:00\",\"description\":\"Pour effectuer la pose de votre monte-escalier en toute s\u00e9curit\u00e9 \u00e0 Issy-les-Moulineaux, contactez un professionnel honn\u00eate et confirm\u00e9.\",\"breadcrumb\":{\"@id\":\"https:\/\/www.monteescalier.net\/france\/monte-escalier-issy-les-moulineaux\/#breadcrumb\"},\"inLanguage\":\"fr-FR\",\"potentialAction\":[{\"@type\":\"ReadAction\",\"target\":[\"https:\/\/www.monteescalier.net\/france\/monte-escalier-issy-les-moulineaux\/\"]}]},{\"@type\":\"BreadcrumbList\",\"@id\":\"https:\/\/www.monteescalier.net\/france\/monte-escalier-issy-les-moulineaux\/#breadcrumb\",\"itemListElement\":[{\"@type\":\"ListItem\",\"position\":1,\"name\":\"Accueil\",\"item\":\"https:\/\/www.monteescalier.net\/france\/\"},{\"@type\":\"ListItem\",\"position\":2,\"name\":\"Monte escalier Issy-les-Moulineaux\"}]},{\"@type\":\"WebSite\",\"@id\":\"https:\/\/www.monteescalier.net\/france\/#website\",\"url\":\"https:\/\/www.monteescalier.net\/france\/\",\"name\":\"Monte escalier\",\"description\":\"\",\"publisher\":{\"@id\":\"https:\/\/www.monteescalier.net\/france\/#organization\"},\"potentialAction\":[{\"@type\":\"SearchAction\",\"target\":{\"@type\":\"EntryPoint\",\"urlTemplate\":\"https:\/\/www.monteescalier.net\/france\/?s={search_term_string}\"},\"query-input\":{\"@type\":\"PropertyValueSpecification\",\"valueRequired\":true,\"valueName\":\"search_term_string\"}}],\"inLanguage\":\"fr-FR\"},{\"@type\":\"Organization\",\"@id\":\"https:\/\/www.monteescalier.net\/france\/#organization\",\"name\":\"monte-escalier.net\",\"url\":\"https:\/\/www.monteescalier.net\/france\/\",\"logo\":{\"@type\":\"ImageObject\",\"inLanguage\":\"fr-FR\",\"@id\":\"https:\/\/www.monteescalier.net\/france\/#\/schema\/logo\/image\/\",\"url\":\"https:\/\/www.monteescalier.net\/france\/wp-content\/uploads\/2016\/10\/4devis-mont-escalier-500-500.gif\",\"contentUrl\":\"https:\/\/www.monteescalier.net\/france\/wp-content\/uploads\/2016\/10\/4devis-mont-escalier-500-500.gif\",\"width\":500,\"height\":500,\"caption\":\"monte-escalier.net\"},\"image\":{\"@id\":\"https:\/\/www.monteescalier.net\/france\/#\/schema\/logo\/image\/\"}}]}<\/script>\n<!-- \/ Yoast SEO plugin. -->","yoast_head_json":{"title":"Monte escalier Issy-les-Moulineaux - Monte escalier","description":"Pour effectuer la pose de votre monte-escalier en toute s\u00e9curit\u00e9 \u00e0 Issy-les-Moulineaux, contactez un professionnel honn\u00eate et confirm\u00e9.","robots":{"index":"index","follow":"follow","max-snippet":"max-snippet:-1","max-image-preview":"max-image-preview:large","max-video-preview":"max-video-preview:-1"},"canonical":"https:\/\/www.monteescalier.net\/france\/monte-escalier-issy-les-moulineaux\/","og_locale":"fr_FR","og_type":"article","og_title":"Monte escalier Issy-les-Moulineaux - Monte escalier","og_description":"Pour effectuer la pose de votre monte-escalier en toute s\u00e9curit\u00e9 \u00e0 Issy-les-Moulineaux, contactez un professionnel honn\u00eate et confirm\u00e9.","og_url":"https:\/\/www.monteescalier.net\/france\/monte-escalier-issy-les-moulineaux\/","og_site_name":"Monte escalier","article_modified_time":"2021-11-10T09:54:23+00:00","twitter_card":"summary_large_image","twitter_misc":{"Dur\u00e9e de lecture estim\u00e9e":"2 minutes"},"schema":{"@context":"https:\/\/schema.org","@graph":[{"@type":"WebPage","@id":"https:\/\/www.monteescalier.net\/france\/monte-escalier-issy-les-moulineaux\/","url":"https:\/\/www.monteescalier.net\/france\/monte-escalier-issy-les-moulineaux\/","name":"Monte escalier Issy-les-Moulineaux - Monte escalier","isPartOf":{"@id":"https:\/\/www.monteescalier.net\/france\/#website"},"datePublished":"2021-02-26T09:47:11+00:00","dateModified":"2021-11-10T09:54:23+00:00","description":"Pour effectuer la pose de votre monte-escalier en toute s\u00e9curit\u00e9 \u00e0 Issy-les-Moulineaux, contactez un professionnel honn\u00eate et confirm\u00e9.","breadcrumb":{"@id":"https:\/\/www.monteescalier.net\/france\/monte-escalier-issy-les-moulineaux\/#breadcrumb"},"inLanguage":"fr-FR","potentialAction":[{"@type":"ReadAction","target":["https:\/\/www.monteescalier.net\/france\/monte-escalier-issy-les-moulineaux\/"]}]},{"@type":"BreadcrumbList","@id":"https:\/\/www.monteescalier.net\/france\/monte-escalier-issy-les-moulineaux\/#breadcrumb","itemListElement":[{"@type":"ListItem","position":1,"name":"Accueil","item":"https:\/\/www.monteescalier.net\/france\/"},{"@type":"ListItem","position":2,"name":"Monte escalier Issy-les-Moulineaux"}]},{"@type":"WebSite","@id":"https:\/\/www.monteescalier.net\/france\/#website","url":"https:\/\/www.monteescalier.net\/france\/","name":"Monte escalier","description":"","publisher":{"@id":"https:\/\/www.monteescalier.net\/france\/#organization"},"potentialAction":[{"@type":"SearchAction","target":{"@type":"EntryPoint","urlTemplate":"https:\/\/www.monteescalier.net\/france\/?s={search_term_string}"},"query-input":{"@type":"PropertyValueSpecification","valueRequired":true,"valueName":"search_term_string"}}],"inLanguage":"fr-FR"},{"@type":"Organization","@id":"https:\/\/www.monteescalier.net\/france\/#organization","name":"monte-escalier.net","url":"https:\/\/www.monteescalier.net\/france\/","logo":{"@type":"ImageObject","inLanguage":"fr-FR","@id":"https:\/\/www.monteescalier.net\/france\/#\/schema\/logo\/image\/","url":"https:\/\/www.monteescalier.net\/france\/wp-content\/uploads\/2016\/10\/4devis-mont-escalier-500-500.gif","contentUrl":"https:\/\/www.monteescalier.net\/france\/wp-content\/uploads\/2016\/10\/4devis-mont-escalier-500-500.gif","width":500,"height":500,"caption":"monte-escalier.net"},"image":{"@id":"https:\/\/www.monteescalier.net\/france\/#\/schema\/logo\/image\/"}}]}},"_links":{"self":[{"href":"https:\/\/www.monteescalier.net\/france\/wp-json\/wp\/v2\/pages\/982","targetHints":{"allow":["GET"]}}],"collection":[{"href":"https:\/\/www.monteescalier.net\/france\/wp-json\/wp\/v2\/pages"}],"about":[{"href":"https:\/\/www.monteescalier.net\/france\/wp-json\/wp\/v2\/types\/page"}],"author":[{"embeddable":true,"href":"https:\/\/www.monteescalier.net\/france\/wp-json\/wp\/v2\/users\/1"}],"replies":[{"embeddable":true,"href":"https:\/\/www.monteescalier.net\/france\/wp-json\/wp\/v2\/comments?post=982"}],"version-history":[{"count":4,"href":"https:\/\/www.monteescalier.net\/france\/wp-json\/wp\/v2\/pages\/982\/revisions"}],"predecessor-version":[{"id":8563,"href":"https:\/\/www.monteescalier.net\/france\/wp-json\/wp\/v2\/pages\/982\/revisions\/8563"}],"wp:attachment":[{"href":"https:\/\/www.monteescalier.net\/france\/wp-json\/wp\/v2\/media?parent=982"}],"curies":[{"name":"wp","href":"https:\/\/api.w.org\/{rel}","templated":true}]}}