{"id":983,"date":"2021-06-06T10:47:11","date_gmt":"2021-06-06T09:47:11","guid":{"rendered":"https:\/\/www.monteescalier.net\/france\/?page_id=983"},"modified":"2021-11-10T11:11:36","modified_gmt":"2021-11-10T10:11:36","slug":"monte-escalier-noisy-le-grand","status":"publish","type":"page","link":"https:\/\/www.monteescalier.net\/france\/monte-escalier-noisy-le-grand\/","title":{"rendered":"Monte escalier Noisy-le-Grand"},"content":{"rendered":"<h1>Faire le bon choix pour un monte escalier \u00e0 Noisy-le-Grand<\/h1>\n<div class=\"boite_texte\">\n<div style=\"text-align: justify;\">Vous souhaitez rester dans votre maison pour vos vieux jours et vous avez d\u00e9cidez d&rsquo;installer\u00a0un monte escalier \u00e0 Noisy-le-Grand dans votre maison \u00e0 \u00e9tages. Rien de plus normal et de cens\u00e9 ! En utilisant les services de monteescalier.net vous allez pouvoir choisir parmi une s\u00e9lection d&rsquo;installateurs que nous avons pr\u00e9s\u00e9lectionn\u00e9s pour vous en \u00cele de France et ainsi avec des \u00e9l\u00e9ments objectifs pour comparer et choisir.<\/div>\n<p>&nbsp;<\/p>\n<div style=\"text-align: justify;\">La vocation de ce site web est de faciliter l&rsquo;achat de votre monte escalier en vous mettant en relation directement avec les revendeurs de monte escalier sur Noisy-le-Grand et de Seine Saint Denis, car avoir plusieurs propositions vous permettra de choisir la meilleure et d&rsquo;\u00e9carter ceux qui sont trop chers ou ne proposent pas \u00e0 vos yeux des services suffisants (par exemple en mati\u00e8re de service apr\u00e8s vente).<\/div>\n<p>&nbsp;<\/p>\n<div style=\"text-align: justify;\">Vous avez besoin de plusieurs devis de monte escalier, vous le savez. Une seule demande de devis sur notre site vous permettra de recevoir entre 4 et 5 devis totalement gratuits. Ils vous seront adress\u00e9s par les installateurs que nous avons retenus pour vous. Apr\u00e8s s&rsquo;\u00eatre entretenus avec vous et pris en compte les caract\u00e9ristiques de votre escalier, ils vous feront parvenir chacun leur meilleure offre pour votre installation de monte escalier.<\/div>\n<p>&nbsp;<\/p>\n<div style=\"text-align: justify;\">Votre d\u00e9cision d&rsquo;achat n&rsquo;est pas prise, car vous vous posez des questions sur le financement, sur la garantie, sur la technique? Vous pr\u00e9f\u00e9rez en discuter au pr\u00e9alable avec les professionnels du monte escalier intervenant dans le d\u00e9partement de Seine Saint Denis. Une seule demande de rappel sur notre site et ils vous rappelleront gratuitement pour r\u00e9pondre \u00e0 toutes vos questions.<\/div>\n<p>&nbsp;<\/p>\n<div style=\"text-align: justify;\">Nos revendeurs partenaires peuvent \u00e9galement vous faire parvenir de la documentation sur les diff\u00e9rents mod\u00e8les de monte escalier qu&rsquo;ils commercialisent, par email si vous leur fournissez vos coordonn\u00e9es compl\u00e8tes.<\/div>\n<p>&nbsp;<\/p>\n<div style=\"text-align: justify;\">Avec notre site, pas de co\u00fbt et pas d&rsquo;engagements ! que vous signiez un contrat ou non avec un de nos partenaires, nous ne vous facturerons rien pour notre service de mise en relation. Si vous trouvez votre prestataire gr\u00e2ce \u00e0 nous tant mieux pour vous, alors testez nous !<\/div>\n<p>&nbsp;<\/p>\n<\/div>\n<div class=\"titre_liens\">A voir aussi \u00e0 proximit\u00e9 de Noisy<\/div>\n<p>&nbsp;<\/p>\n<div class=\"boite_liens\"><a href=\"https:\/\/www.monteescalier.net\/france\/monte-escalier-bondy\">Monte escalier Bondy<\/a><br \/>\n<a href=\"https:\/\/www.monteescalier.net\/france\/monte-escalier-pantin\">Monte escalier Pantin<\/a><br \/>\n<a href=\"https:\/\/www.monteescalier.net\/france\/monte-escalier-epinay-sur-seine\">Monte escalier \u00c9pinay-sur-Seine<\/a><br \/>\n<a href=\"https:\/\/www.monteescalier.net\/france\/monte-escalier-sevran\">Monte escalier Sevran<\/a><br \/>\n<a href=\"https:\/\/www.monteescalier.net\/france\/monte-escalier-le-blanc-mesnil\">Monte escalier Blanc-Mesnil<\/a><\/div>\n","protected":false},"excerpt":{"rendered":"<p>Faire le bon choix pour un monte escalier \u00e0 Noisy-le-Grand Vous souhaitez rester dans votre maison pour vos vieux jours et vous avez d\u00e9cidez d&rsquo;installer\u00a0un monte escalier \u00e0 Noisy-le-Grand dans votre maison \u00e0 \u00e9tages. Rien de plus normal et de cens\u00e9 ! En utilisant les services de monteescalier.net vous allez pouvoir choisir parmi une s\u00e9lection [&hellip;]<\/p>\n","protected":false},"author":1,"featured_media":0,"parent":0,"menu_order":0,"comment_status":"closed","ping_status":"open","template":"template_ville_4.php","meta":{"_monsterinsights_skip_tracking":false,"_monsterinsights_sitenote_active":false,"_monsterinsights_sitenote_note":"","_monsterinsights_sitenote_category":0,"footnotes":""},"class_list":["post-983","page","type-page","status-publish","hentry"],"yoast_head":"<!-- This site is optimized with the Yoast SEO plugin v26.3 - https:\/\/yoast.com\/wordpress\/plugins\/seo\/ -->\n<title>Monte escalier Noisy-le-Grand - Monte escalier<\/title>\n<meta name=\"description\" content=\"Faite un devis d&#039;installation de monte escalier \u00e0 Noisy-le-Grand\" \/>\n<meta name=\"robots\" content=\"index, follow, max-snippet:-1, max-image-preview:large, max-video-preview:-1\" \/>\n<link rel=\"canonical\" href=\"https:\/\/www.monteescalier.net\/france\/monte-escalier-noisy-le-grand\/\" \/>\n<meta property=\"og:locale\" content=\"fr_FR\" \/>\n<meta property=\"og:type\" content=\"article\" \/>\n<meta property=\"og:title\" content=\"Monte escalier Noisy-le-Grand - Monte escalier\" \/>\n<meta property=\"og:description\" content=\"Faite un devis d&#039;installation de monte escalier \u00e0 Noisy-le-Grand\" \/>\n<meta property=\"og:url\" content=\"https:\/\/www.monteescalier.net\/france\/monte-escalier-noisy-le-grand\/\" \/>\n<meta property=\"og:site_name\" content=\"Monte escalier\" \/>\n<meta property=\"article:modified_time\" content=\"2021-11-10T10:11:36+00:00\" \/>\n<meta name=\"twitter:card\" content=\"summary_large_image\" \/>\n<meta name=\"twitter:label1\" content=\"Dur\u00e9e de lecture estim\u00e9e\" \/>\n\t<meta name=\"twitter:data1\" content=\"2 minutes\" \/>\n<script type=\"application\/ld+json\" class=\"yoast-schema-graph\">{\"@context\":\"https:\/\/schema.org\",\"@graph\":[{\"@type\":\"WebPage\",\"@id\":\"https:\/\/www.monteescalier.net\/france\/monte-escalier-noisy-le-grand\/\",\"url\":\"https:\/\/www.monteescalier.net\/france\/monte-escalier-noisy-le-grand\/\",\"name\":\"Monte escalier Noisy-le-Grand - Monte escalier\",\"isPartOf\":{\"@id\":\"https:\/\/www.monteescalier.net\/france\/#website\"},\"datePublished\":\"2021-06-06T09:47:11+00:00\",\"dateModified\":\"2021-11-10T10:11:36+00:00\",\"description\":\"Faite un devis d'installation de monte escalier \u00e0 Noisy-le-Grand\",\"breadcrumb\":{\"@id\":\"https:\/\/www.monteescalier.net\/france\/monte-escalier-noisy-le-grand\/#breadcrumb\"},\"inLanguage\":\"fr-FR\",\"potentialAction\":[{\"@type\":\"ReadAction\",\"target\":[\"https:\/\/www.monteescalier.net\/france\/monte-escalier-noisy-le-grand\/\"]}]},{\"@type\":\"BreadcrumbList\",\"@id\":\"https:\/\/www.monteescalier.net\/france\/monte-escalier-noisy-le-grand\/#breadcrumb\",\"itemListElement\":[{\"@type\":\"ListItem\",\"position\":1,\"name\":\"Accueil\",\"item\":\"https:\/\/www.monteescalier.net\/france\/\"},{\"@type\":\"ListItem\",\"position\":2,\"name\":\"Monte escalier Noisy-le-Grand\"}]},{\"@type\":\"WebSite\",\"@id\":\"https:\/\/www.monteescalier.net\/france\/#website\",\"url\":\"https:\/\/www.monteescalier.net\/france\/\",\"name\":\"Monte escalier\",\"description\":\"\",\"publisher\":{\"@id\":\"https:\/\/www.monteescalier.net\/france\/#organization\"},\"potentialAction\":[{\"@type\":\"SearchAction\",\"target\":{\"@type\":\"EntryPoint\",\"urlTemplate\":\"https:\/\/www.monteescalier.net\/france\/?s={search_term_string}\"},\"query-input\":{\"@type\":\"PropertyValueSpecification\",\"valueRequired\":true,\"valueName\":\"search_term_string\"}}],\"inLanguage\":\"fr-FR\"},{\"@type\":\"Organization\",\"@id\":\"https:\/\/www.monteescalier.net\/france\/#organization\",\"name\":\"monte-escalier.net\",\"url\":\"https:\/\/www.monteescalier.net\/france\/\",\"logo\":{\"@type\":\"ImageObject\",\"inLanguage\":\"fr-FR\",\"@id\":\"https:\/\/www.monteescalier.net\/france\/#\/schema\/logo\/image\/\",\"url\":\"https:\/\/www.monteescalier.net\/france\/wp-content\/uploads\/2016\/10\/4devis-mont-escalier-500-500.gif\",\"contentUrl\":\"https:\/\/www.monteescalier.net\/france\/wp-content\/uploads\/2016\/10\/4devis-mont-escalier-500-500.gif\",\"width\":500,\"height\":500,\"caption\":\"monte-escalier.net\"},\"image\":{\"@id\":\"https:\/\/www.monteescalier.net\/france\/#\/schema\/logo\/image\/\"}}]}<\/script>\n<!-- \/ Yoast SEO plugin. -->","yoast_head_json":{"title":"Monte escalier Noisy-le-Grand - Monte escalier","description":"Faite un devis d'installation de monte escalier \u00e0 Noisy-le-Grand","robots":{"index":"index","follow":"follow","max-snippet":"max-snippet:-1","max-image-preview":"max-image-preview:large","max-video-preview":"max-video-preview:-1"},"canonical":"https:\/\/www.monteescalier.net\/france\/monte-escalier-noisy-le-grand\/","og_locale":"fr_FR","og_type":"article","og_title":"Monte escalier Noisy-le-Grand - Monte escalier","og_description":"Faite un devis d'installation de monte escalier \u00e0 Noisy-le-Grand","og_url":"https:\/\/www.monteescalier.net\/france\/monte-escalier-noisy-le-grand\/","og_site_name":"Monte escalier","article_modified_time":"2021-11-10T10:11:36+00:00","twitter_card":"summary_large_image","twitter_misc":{"Dur\u00e9e de lecture estim\u00e9e":"2 minutes"},"schema":{"@context":"https:\/\/schema.org","@graph":[{"@type":"WebPage","@id":"https:\/\/www.monteescalier.net\/france\/monte-escalier-noisy-le-grand\/","url":"https:\/\/www.monteescalier.net\/france\/monte-escalier-noisy-le-grand\/","name":"Monte escalier Noisy-le-Grand - Monte escalier","isPartOf":{"@id":"https:\/\/www.monteescalier.net\/france\/#website"},"datePublished":"2021-06-06T09:47:11+00:00","dateModified":"2021-11-10T10:11:36+00:00","description":"Faite un devis d'installation de monte escalier \u00e0 Noisy-le-Grand","breadcrumb":{"@id":"https:\/\/www.monteescalier.net\/france\/monte-escalier-noisy-le-grand\/#breadcrumb"},"inLanguage":"fr-FR","potentialAction":[{"@type":"ReadAction","target":["https:\/\/www.monteescalier.net\/france\/monte-escalier-noisy-le-grand\/"]}]},{"@type":"BreadcrumbList","@id":"https:\/\/www.monteescalier.net\/france\/monte-escalier-noisy-le-grand\/#breadcrumb","itemListElement":[{"@type":"ListItem","position":1,"name":"Accueil","item":"https:\/\/www.monteescalier.net\/france\/"},{"@type":"ListItem","position":2,"name":"Monte escalier Noisy-le-Grand"}]},{"@type":"WebSite","@id":"https:\/\/www.monteescalier.net\/france\/#website","url":"https:\/\/www.monteescalier.net\/france\/","name":"Monte escalier","description":"","publisher":{"@id":"https:\/\/www.monteescalier.net\/france\/#organization"},"potentialAction":[{"@type":"SearchAction","target":{"@type":"EntryPoint","urlTemplate":"https:\/\/www.monteescalier.net\/france\/?s={search_term_string}"},"query-input":{"@type":"PropertyValueSpecification","valueRequired":true,"valueName":"search_term_string"}}],"inLanguage":"fr-FR"},{"@type":"Organization","@id":"https:\/\/www.monteescalier.net\/france\/#organization","name":"monte-escalier.net","url":"https:\/\/www.monteescalier.net\/france\/","logo":{"@type":"ImageObject","inLanguage":"fr-FR","@id":"https:\/\/www.monteescalier.net\/france\/#\/schema\/logo\/image\/","url":"https:\/\/www.monteescalier.net\/france\/wp-content\/uploads\/2016\/10\/4devis-mont-escalier-500-500.gif","contentUrl":"https:\/\/www.monteescalier.net\/france\/wp-content\/uploads\/2016\/10\/4devis-mont-escalier-500-500.gif","width":500,"height":500,"caption":"monte-escalier.net"},"image":{"@id":"https:\/\/www.monteescalier.net\/france\/#\/schema\/logo\/image\/"}}]}},"_links":{"self":[{"href":"https:\/\/www.monteescalier.net\/france\/wp-json\/wp\/v2\/pages\/983","targetHints":{"allow":["GET"]}}],"collection":[{"href":"https:\/\/www.monteescalier.net\/france\/wp-json\/wp\/v2\/pages"}],"about":[{"href":"https:\/\/www.monteescalier.net\/france\/wp-json\/wp\/v2\/types\/page"}],"author":[{"embeddable":true,"href":"https:\/\/www.monteescalier.net\/france\/wp-json\/wp\/v2\/users\/1"}],"replies":[{"embeddable":true,"href":"https:\/\/www.monteescalier.net\/france\/wp-json\/wp\/v2\/comments?post=983"}],"version-history":[{"count":4,"href":"https:\/\/www.monteescalier.net\/france\/wp-json\/wp\/v2\/pages\/983\/revisions"}],"predecessor-version":[{"id":7506,"href":"https:\/\/www.monteescalier.net\/france\/wp-json\/wp\/v2\/pages\/983\/revisions\/7506"}],"wp:attachment":[{"href":"https:\/\/www.monteescalier.net\/france\/wp-json\/wp\/v2\/media?parent=983"}],"curies":[{"name":"wp","href":"https:\/\/api.w.org\/{rel}","templated":true}]}}