{"id":985,"date":"2021-01-26T10:47:11","date_gmt":"2021-01-26T09:47:11","guid":{"rendered":"https:\/\/www.monteescalier.net\/france\/?page_id=985"},"modified":"2021-11-10T11:37:39","modified_gmt":"2021-11-10T10:37:39","slug":"monte-escalier-villeneuve-d-ascq","status":"publish","type":"page","link":"https:\/\/www.monteescalier.net\/france\/monte-escalier-villeneuve-d-ascq\/","title":{"rendered":"Monte escalier Villeneuve-d&rsquo;Ascq"},"content":{"rendered":"<h1>Faire installer un monte escalier \u00e0 Villeneuve-d&rsquo;Ascq<\/h1>\n<div class=\"boite_texte\">\n<div style=\"text-align: justify;\">Vous d\u00e9sirez faire installer un monte escalier \u00e0 Villeneuve-d&rsquo;Ascq,\u00a0mais \u00e0 qui allez-vous faire appel pour l&rsquo;installer? Vous connaissez s\u00fbrement quelques noms de fabricants pour les avoir vu \u00e0 la t\u00e9l\u00e9vision mais vous manquez certainement d&rsquo;informations pour d\u00e9cider aussi bien de la marque du monte escalier que de l&rsquo;installateur qui viendra chez vous le mettre en place. Sachez d&rsquo;abord, qu&rsquo;en r\u00e8gle g\u00e9n\u00e9rale le vendeur du monte escalier est aussi celui qui vous l&rsquo;installe (m\u00eame si ce n&rsquo;est pas forc\u00e9ment lui qui le fabrique). Dans le d\u00e9partement du nord, de nombreux installateurs sont pr\u00e9sents, et il est donc difficile de choisir parmi eux. En venant sur ce site, vous avez fait le bon choix, car nous allons pouvoir vous aider \u00e0 faire votre choix.<\/div>\n<h2>\u00a0Monteescalier.net : pour choisir votre installateur de monte escalier<\/h2>\n<div style=\"text-align: justify;\">La vocation de ce site de conseils est de faciliter l&rsquo;achat de votre monte escalier en vous mettant en relation directement avec les installateurs de monte escalier en r\u00e9gion hauts de France. Nous allons vous permettre d&rsquo;obtenir plusieurs propositions \u00e9manant de prestataires que nous avons s\u00e9lectionn\u00e9s, car avoir plusieurs propositions vous permettra de choisir la meilleure offre possible au meilleur prix.<\/div>\n<h2>\u00a04 devis pour l&rsquo;installation de votre monte escalier \u00e0 domicile<\/h2>\n<div style=\"text-align: justify;\">Vous le savez, pour bien comparer, vous avez besoin de diff\u00e9rents devis de monte escalier. Une seule demande de devis sur notre site vous permettra de recevoir entre 4 et 5 devis totalement gratuits. Remplissez le formulaire en haut de cette page et vous serez tr\u00e8s rapidement contact\u00e9s par les prestataires que nous avons choisis pour vous : nous sommes ind\u00e9pendants, ni li\u00e9s \u00e0 un fabricant, un r\u00e9seau de distribution, bref, nous les avons choisis librement.<\/div>\n<h2>\u00a0Vous vous posez des questions sur l&rsquo;installation chez vous d&rsquo;un monte escalier?<\/h2>\n<div style=\"text-align: justify;\">Chaque installation de monte escalier \u00e9tant sp\u00e9cifique, vous pouvez \u00eatre amen\u00e9 \u00e0 vouloir \u00e9changer avec de v\u00e9ritables experts, professionnels de l&rsquo;installation de monte escalier \u00e0 Villeneuve-d&rsquo;Ascq. Caract\u00e9ristiques techniques, technologies, conditions d&rsquo;installation, aides et financements, garanties et SAV, les questions sont nombreurses. \u00a0Pour vous faciliter la t\u00e2che, utilisez <a href=\"https:\/\/www.monteescalier.net\/demande-de-rappel.php\">notre service de demande de rappel<\/a>, un formulaire avec vos coordonn\u00e9es \u00e0 remplir et vous serez tr\u00e8s vite rappel\u00e9s par nos partenaire dans votre d\u00e9partement.<\/div>\n<h2>\u00a0Documentation sur les monte escalier<\/h2>\n<div style=\"text-align: justify;\">Avoir\u00a0des brochures de pr\u00e9sentation produits peut vous aider \u00e0 affiner votre\u00a0choix de mod\u00e8les de monte escalier. Nos partenaires peuvent mettre \u00e0 votre disposition des brochures\u00a0qu&rsquo;il peuvent vous transmettre par courrier \u00e9lectronique. Le formulaire de demande de documentation sur ce site vous permettra d&rsquo;acc\u00e9der gratuitement \u00e0 ce service. Nous vous conseillons de bien remplir le formulaire car les prestataires ne traitent g\u00e9n\u00e9ralement que les demandes compl\u00e8tes avec nom, adresse, adresse email et t\u00e9l\u00e9phone.<\/div>\n<h2>\u00a0Rappel Utile !<\/h2>\n<div style=\"text-align: justify;\">Souvenez vous que tous nos services sont totalement gratuits pour les acheteurs\u00a0potentiels de monte escalier. N&rsquo;h\u00e9sitez pas \u00e0 remplir un formulaire de demande, c&rsquo;est \u00e9galement sans engagement.<\/div>\n<p>&nbsp;<\/p>\n<\/div>\n<div class=\"titre_liens\">Retrouvez nos offres dans les villes voisines de Villeneuve-d&rsquo;Ascq :<\/div>\n<p>&nbsp;<\/p>\n<div class=\"boite_liens\"><a href=\"https:\/\/www.monteescalier.net\/france\/monte-escalier-valenciennes\">Monte escalier Valenciennes<\/a><br \/>\n<a href=\"https:\/\/www.monteescalier.net\/france\/monte-escalier-douai\">Monte escalier Douai<\/a><br \/>\n<a href=\"https:\/\/www.monteescalier.net\/france\/monte-escalier-wattrelos\">Monte escalier Wattrelos<\/a><br \/>\n<a href=\"https:\/\/www.monteescalier.net\/france\/monte-escalier-marcq-en-baroeul\">Monte escalier Marcq-en-Bar\u009cul<\/a><br \/>\n<a href=\"https:\/\/www.monteescalier.net\/france\/monte-escalier-maubeuge\">Monte escalier Maubeuge<\/a><\/div>\n<div class=\"boite_liens\">MAJ 2\/12\/2016<\/div>\n","protected":false},"excerpt":{"rendered":"<p>Faire installer un monte escalier \u00e0 Villeneuve-d&rsquo;Ascq Vous d\u00e9sirez faire installer un monte escalier \u00e0 Villeneuve-d&rsquo;Ascq,\u00a0mais \u00e0 qui allez-vous faire appel pour l&rsquo;installer? Vous connaissez s\u00fbrement quelques noms de fabricants pour les avoir vu \u00e0 la t\u00e9l\u00e9vision mais vous manquez certainement d&rsquo;informations pour d\u00e9cider aussi bien de la marque du monte escalier que de l&rsquo;installateur [&hellip;]<\/p>\n","protected":false},"author":1,"featured_media":0,"parent":0,"menu_order":0,"comment_status":"closed","ping_status":"open","template":"template_ville_20.php","meta":{"_monsterinsights_skip_tracking":false,"_monsterinsights_sitenote_active":false,"_monsterinsights_sitenote_note":"","_monsterinsights_sitenote_category":0,"footnotes":""},"class_list":["post-985","page","type-page","status-publish","hentry"],"yoast_head":"<!-- This site is optimized with the Yoast SEO plugin v26.3 - https:\/\/yoast.com\/wordpress\/plugins\/seo\/ -->\n<title>Monte escalier Villeneuve-d&#039;Ascq - Monte escalier<\/title>\n<meta name=\"description\" content=\"us d\u00e9sirez faire installer un monte escalier \u00e0 Villeneuve-d&#039;Ascq, mais \u00e0 qui allez-vous faire appel pour l&#039;installer?\" \/>\n<meta name=\"robots\" content=\"index, follow, max-snippet:-1, max-image-preview:large, max-video-preview:-1\" \/>\n<link rel=\"canonical\" href=\"https:\/\/www.monteescalier.net\/france\/monte-escalier-villeneuve-d-ascq\/\" \/>\n<meta property=\"og:locale\" content=\"fr_FR\" \/>\n<meta property=\"og:type\" content=\"article\" \/>\n<meta property=\"og:title\" content=\"Monte escalier Villeneuve-d&#039;Ascq - Monte escalier\" \/>\n<meta property=\"og:description\" content=\"us d\u00e9sirez faire installer un monte escalier \u00e0 Villeneuve-d&#039;Ascq, mais \u00e0 qui allez-vous faire appel pour l&#039;installer?\" \/>\n<meta property=\"og:url\" content=\"https:\/\/www.monteescalier.net\/france\/monte-escalier-villeneuve-d-ascq\/\" \/>\n<meta property=\"og:site_name\" content=\"Monte escalier\" \/>\n<meta property=\"article:modified_time\" content=\"2021-11-10T10:37:39+00:00\" \/>\n<meta name=\"twitter:card\" content=\"summary_large_image\" \/>\n<meta name=\"twitter:label1\" content=\"Dur\u00e9e de lecture estim\u00e9e\" \/>\n\t<meta name=\"twitter:data1\" content=\"3 minutes\" \/>\n<script type=\"application\/ld+json\" class=\"yoast-schema-graph\">{\"@context\":\"https:\/\/schema.org\",\"@graph\":[{\"@type\":\"WebPage\",\"@id\":\"https:\/\/www.monteescalier.net\/france\/monte-escalier-villeneuve-d-ascq\/\",\"url\":\"https:\/\/www.monteescalier.net\/france\/monte-escalier-villeneuve-d-ascq\/\",\"name\":\"Monte escalier Villeneuve-d'Ascq - Monte escalier\",\"isPartOf\":{\"@id\":\"https:\/\/www.monteescalier.net\/france\/#website\"},\"datePublished\":\"2021-01-26T09:47:11+00:00\",\"dateModified\":\"2021-11-10T10:37:39+00:00\",\"description\":\"us d\u00e9sirez faire installer un monte escalier \u00e0 Villeneuve-d'Ascq, mais \u00e0 qui allez-vous faire appel pour l'installer?\",\"breadcrumb\":{\"@id\":\"https:\/\/www.monteescalier.net\/france\/monte-escalier-villeneuve-d-ascq\/#breadcrumb\"},\"inLanguage\":\"fr-FR\",\"potentialAction\":[{\"@type\":\"ReadAction\",\"target\":[\"https:\/\/www.monteescalier.net\/france\/monte-escalier-villeneuve-d-ascq\/\"]}]},{\"@type\":\"BreadcrumbList\",\"@id\":\"https:\/\/www.monteescalier.net\/france\/monte-escalier-villeneuve-d-ascq\/#breadcrumb\",\"itemListElement\":[{\"@type\":\"ListItem\",\"position\":1,\"name\":\"Accueil\",\"item\":\"https:\/\/www.monteescalier.net\/france\/\"},{\"@type\":\"ListItem\",\"position\":2,\"name\":\"Monte escalier Villeneuve-d&rsquo;Ascq\"}]},{\"@type\":\"WebSite\",\"@id\":\"https:\/\/www.monteescalier.net\/france\/#website\",\"url\":\"https:\/\/www.monteescalier.net\/france\/\",\"name\":\"Monte escalier\",\"description\":\"\",\"publisher\":{\"@id\":\"https:\/\/www.monteescalier.net\/france\/#organization\"},\"potentialAction\":[{\"@type\":\"SearchAction\",\"target\":{\"@type\":\"EntryPoint\",\"urlTemplate\":\"https:\/\/www.monteescalier.net\/france\/?s={search_term_string}\"},\"query-input\":{\"@type\":\"PropertyValueSpecification\",\"valueRequired\":true,\"valueName\":\"search_term_string\"}}],\"inLanguage\":\"fr-FR\"},{\"@type\":\"Organization\",\"@id\":\"https:\/\/www.monteescalier.net\/france\/#organization\",\"name\":\"monte-escalier.net\",\"url\":\"https:\/\/www.monteescalier.net\/france\/\",\"logo\":{\"@type\":\"ImageObject\",\"inLanguage\":\"fr-FR\",\"@id\":\"https:\/\/www.monteescalier.net\/france\/#\/schema\/logo\/image\/\",\"url\":\"https:\/\/www.monteescalier.net\/france\/wp-content\/uploads\/2016\/10\/4devis-mont-escalier-500-500.gif\",\"contentUrl\":\"https:\/\/www.monteescalier.net\/france\/wp-content\/uploads\/2016\/10\/4devis-mont-escalier-500-500.gif\",\"width\":500,\"height\":500,\"caption\":\"monte-escalier.net\"},\"image\":{\"@id\":\"https:\/\/www.monteescalier.net\/france\/#\/schema\/logo\/image\/\"}}]}<\/script>\n<!-- \/ Yoast SEO plugin. -->","yoast_head_json":{"title":"Monte escalier Villeneuve-d'Ascq - Monte escalier","description":"us d\u00e9sirez faire installer un monte escalier \u00e0 Villeneuve-d'Ascq, mais \u00e0 qui allez-vous faire appel pour l'installer?","robots":{"index":"index","follow":"follow","max-snippet":"max-snippet:-1","max-image-preview":"max-image-preview:large","max-video-preview":"max-video-preview:-1"},"canonical":"https:\/\/www.monteescalier.net\/france\/monte-escalier-villeneuve-d-ascq\/","og_locale":"fr_FR","og_type":"article","og_title":"Monte escalier Villeneuve-d'Ascq - Monte escalier","og_description":"us d\u00e9sirez faire installer un monte escalier \u00e0 Villeneuve-d'Ascq, mais \u00e0 qui allez-vous faire appel pour l'installer?","og_url":"https:\/\/www.monteescalier.net\/france\/monte-escalier-villeneuve-d-ascq\/","og_site_name":"Monte escalier","article_modified_time":"2021-11-10T10:37:39+00:00","twitter_card":"summary_large_image","twitter_misc":{"Dur\u00e9e de lecture estim\u00e9e":"3 minutes"},"schema":{"@context":"https:\/\/schema.org","@graph":[{"@type":"WebPage","@id":"https:\/\/www.monteescalier.net\/france\/monte-escalier-villeneuve-d-ascq\/","url":"https:\/\/www.monteescalier.net\/france\/monte-escalier-villeneuve-d-ascq\/","name":"Monte escalier Villeneuve-d'Ascq - Monte escalier","isPartOf":{"@id":"https:\/\/www.monteescalier.net\/france\/#website"},"datePublished":"2021-01-26T09:47:11+00:00","dateModified":"2021-11-10T10:37:39+00:00","description":"us d\u00e9sirez faire installer un monte escalier \u00e0 Villeneuve-d'Ascq, mais \u00e0 qui allez-vous faire appel pour l'installer?","breadcrumb":{"@id":"https:\/\/www.monteescalier.net\/france\/monte-escalier-villeneuve-d-ascq\/#breadcrumb"},"inLanguage":"fr-FR","potentialAction":[{"@type":"ReadAction","target":["https:\/\/www.monteescalier.net\/france\/monte-escalier-villeneuve-d-ascq\/"]}]},{"@type":"BreadcrumbList","@id":"https:\/\/www.monteescalier.net\/france\/monte-escalier-villeneuve-d-ascq\/#breadcrumb","itemListElement":[{"@type":"ListItem","position":1,"name":"Accueil","item":"https:\/\/www.monteescalier.net\/france\/"},{"@type":"ListItem","position":2,"name":"Monte escalier Villeneuve-d&rsquo;Ascq"}]},{"@type":"WebSite","@id":"https:\/\/www.monteescalier.net\/france\/#website","url":"https:\/\/www.monteescalier.net\/france\/","name":"Monte escalier","description":"","publisher":{"@id":"https:\/\/www.monteescalier.net\/france\/#organization"},"potentialAction":[{"@type":"SearchAction","target":{"@type":"EntryPoint","urlTemplate":"https:\/\/www.monteescalier.net\/france\/?s={search_term_string}"},"query-input":{"@type":"PropertyValueSpecification","valueRequired":true,"valueName":"search_term_string"}}],"inLanguage":"fr-FR"},{"@type":"Organization","@id":"https:\/\/www.monteescalier.net\/france\/#organization","name":"monte-escalier.net","url":"https:\/\/www.monteescalier.net\/france\/","logo":{"@type":"ImageObject","inLanguage":"fr-FR","@id":"https:\/\/www.monteescalier.net\/france\/#\/schema\/logo\/image\/","url":"https:\/\/www.monteescalier.net\/france\/wp-content\/uploads\/2016\/10\/4devis-mont-escalier-500-500.gif","contentUrl":"https:\/\/www.monteescalier.net\/france\/wp-content\/uploads\/2016\/10\/4devis-mont-escalier-500-500.gif","width":500,"height":500,"caption":"monte-escalier.net"},"image":{"@id":"https:\/\/www.monteescalier.net\/france\/#\/schema\/logo\/image\/"}}]}},"_links":{"self":[{"href":"https:\/\/www.monteescalier.net\/france\/wp-json\/wp\/v2\/pages\/985","targetHints":{"allow":["GET"]}}],"collection":[{"href":"https:\/\/www.monteescalier.net\/france\/wp-json\/wp\/v2\/pages"}],"about":[{"href":"https:\/\/www.monteescalier.net\/france\/wp-json\/wp\/v2\/types\/page"}],"author":[{"embeddable":true,"href":"https:\/\/www.monteescalier.net\/france\/wp-json\/wp\/v2\/users\/1"}],"replies":[{"embeddable":true,"href":"https:\/\/www.monteescalier.net\/france\/wp-json\/wp\/v2\/comments?post=985"}],"version-history":[{"count":3,"href":"https:\/\/www.monteescalier.net\/france\/wp-json\/wp\/v2\/pages\/985\/revisions"}],"predecessor-version":[{"id":7490,"href":"https:\/\/www.monteescalier.net\/france\/wp-json\/wp\/v2\/pages\/985\/revisions\/7490"}],"wp:attachment":[{"href":"https:\/\/www.monteescalier.net\/france\/wp-json\/wp\/v2\/media?parent=985"}],"curies":[{"name":"wp","href":"https:\/\/api.w.org\/{rel}","templated":true}]}}