{"id":988,"date":"2021-02-26T10:47:11","date_gmt":"2021-02-26T09:47:11","guid":{"rendered":"https:\/\/www.monteescalier.net\/france\/?page_id=988"},"modified":"2021-11-10T11:59:54","modified_gmt":"2021-11-10T10:59:54","slug":"monte-escalier-neuilly-sur-seine","status":"publish","type":"page","link":"https:\/\/www.monteescalier.net\/france\/monte-escalier-neuilly-sur-seine\/","title":{"rendered":"Monte escalier Neuilly-sur-Seine"},"content":{"rendered":"<h1>Trouver les vendeurs de monte escalier \u00e0 Neuilly-sur-Seine<\/h1>\n<div class=\"boite_texte\">\n<div style=\"text-align: justify;\">\n<p>Vous souhaitez faire installer un monte escalier \u00e0 Neuilly-sur-Seine, en apparence, rien de plus facile&#8230;sauf que ! Comment faire le tri entre les installateurs? se fier \u00e0 la pub TV, \u00e0 un site internet, \u00e0 l&rsquo;adresse de l&rsquo;installateur, \u00e0 un annuaire? Et si vous faisiez votre propre opinion gr\u00e2ce \u00e0 monteescalier.net. \u00a0Vous allez pouvoir recevoir\u00a0plusieurs devis des prestataires avec lesquels nous allons vous mettre en contact : pour vous c&rsquo;est pas de d\u00e9placement, par de perte de temps, et une solide s\u00e9lection de prestataires dans laquelle, nous en sommes s\u00fbrs, vous trouverez votre installateur de monte escalier.<\/p>\n<\/div>\n<div style=\"text-align: justify;\">\n<p>La vocation de ce site de conseils est de faciliter l&rsquo;achat de votre monte escalier en vous mettant en rapport directement avec les revendeurs de monte escalier sur Neuilly-sur-Seine,\u00a0et bien s\u00fbr sur toute la r\u00e9gion parisienne. Nous ne sommes pas d\u00e9pendants d&rsquo;un fabricant, d&rsquo;un installateur ou d&rsquo;un distributeur : donc ind\u00e9pendants pour vous garantir plus de choix et de visibilit\u00e9.<\/p>\n<\/div>\n<div style=\"text-align: justify;\">Vous savez exactement ce que voulez ? Vous avez besoin d&rsquo;un devis de monte escalier. Une seule demande de devis sur notre site vous permettra de recevoir entre 4 et 5 devis totalement gratuits.<\/div>\n<p>&nbsp;<\/p>\n<div style=\"text-align: justify;\">Un seul formulaire \u00e0 compl\u00e9ter pour \u00eatre rappel\u00e9 par des professionnels du monte escalier, c&rsquo;est le deuxi\u00e8me service totalement gratuit que nous vous proposons avec le formulaire de demande de rappel. C&rsquo;est aussi la garantie d&rsquo;\u00eatre rappel\u00e9 tr\u00e8s vite par plusieurs installateurs de monte escalier qui pourront ainsi vous proposer une r\u00e9ponse individualis\u00e9e aux questions que vous vous posez certainement \u00e0 propose de votre installation de monte escalier.<\/div>\n<p>&nbsp;<\/p>\n<div style=\"text-align: justify;\">Vous voulez choisir son mod\u00e8le de monte escalier directement depuis votre canap\u00e9 ? C&rsquo;est possible avec monteescalier.net. Remplissez directement un formulaire de demande de documentation sur notre site et vous recevrez toute la documentation n\u00e9cessaire sur les mod\u00e8les de monte escalier commercialis\u00e9s par nos professionnels partenaires, ce qui vous permettra de bien visualiser les diff\u00e9rences entre les mod\u00e8les de monte escalier disponibles sur le march\u00e9.<\/div>\n<p>&nbsp;<\/p>\n<div style=\"text-align: justify;\">Vous pensez certainement que nous allons vous faire payer ces services&#8230;vous vous trompez ! Tous nos services de mise en relation avec notre s\u00e9lection de vendeurs de monte escalier \u00e0 Neuilly-sur-Seine sont enti\u00e8rement gratuits et vous n&rsquo;\u00eates en aucun cas oblig\u00e9 d&rsquo;acheter chez un des installateurs que nous vous avons conseill\u00e9s. Vous allez ailleurs? pas de probl\u00e8me, mais on pense vraiment que vous vous trompez. Alors n&rsquo;ayez aucun regret, remplissez vite le formulaire de demande de devis gratuit ici ou celui en haut de cette page.<\/div>\n<\/div>\n<p>&nbsp;<\/p>\n<div class=\"titre_liens\">Les monte escaliers \u00e0 proximit\u00e9 de Neuilly<\/div>\n<p>&nbsp;<\/p>\n<div class=\"boite_liens\"><a href=\"https:\/\/www.monteescalier.net\/france\/monte-escalier-clichy\">Monte escalier Clichy<\/a><br \/>\n<a href=\"https:\/\/www.monteescalier.net\/france\/monte-escalier-clamart\">Monte escalier Clamart<\/a><br \/>\n<a href=\"https:\/\/www.monteescalier.net\/france\/monte-escalier-montrouge\">Monte escalier Montrouge<\/a><br \/>\n<a href=\"https:\/\/www.monteescalier.net\/france\/monte-escalier-suresnes\">Monte escalier Suresnes<\/a><br \/>\n<a href=\"https:\/\/www.monteescalier.net\/france\/monte-escalier-meudon\">Monte escalier Meudon<\/a><\/div>\n","protected":false},"excerpt":{"rendered":"<p>Trouver les vendeurs de monte escalier \u00e0 Neuilly-sur-Seine Vous souhaitez faire installer un monte escalier \u00e0 Neuilly-sur-Seine, en apparence, rien de plus facile&#8230;sauf que ! Comment faire le tri entre les installateurs? se fier \u00e0 la pub TV, \u00e0 un site internet, \u00e0 l&rsquo;adresse de l&rsquo;installateur, \u00e0 un annuaire? Et si vous faisiez votre propre [&hellip;]<\/p>\n","protected":false},"author":1,"featured_media":0,"parent":0,"menu_order":0,"comment_status":"closed","ping_status":"open","template":"template_ville_12.php","meta":{"_monsterinsights_skip_tracking":false,"_monsterinsights_sitenote_active":false,"_monsterinsights_sitenote_note":"","_monsterinsights_sitenote_category":0,"footnotes":""},"class_list":["post-988","page","type-page","status-publish","hentry"],"yoast_head":"<!-- This site is optimized with the Yoast SEO plugin v26.3 - https:\/\/yoast.com\/wordpress\/plugins\/seo\/ -->\n<title>Monte escalier Neuilly-sur-Seine - Monte escalier<\/title>\n<meta name=\"description\" content=\"Pour effectuer la pose de votre monte-escalier en toute s\u00e9r\u00e9nit\u00e9 \u00e0 Neuilly-sur-Seine, faites appel \u00e0 un de nos partenaire honn\u00eate et confirm\u00e9\" \/>\n<meta name=\"robots\" content=\"index, follow, max-snippet:-1, max-image-preview:large, max-video-preview:-1\" \/>\n<link rel=\"canonical\" href=\"https:\/\/www.monteescalier.net\/france\/monte-escalier-neuilly-sur-seine\/\" \/>\n<meta property=\"og:locale\" content=\"fr_FR\" \/>\n<meta property=\"og:type\" content=\"article\" \/>\n<meta property=\"og:title\" content=\"Monte escalier Neuilly-sur-Seine - Monte escalier\" \/>\n<meta property=\"og:description\" content=\"Pour effectuer la pose de votre monte-escalier en toute s\u00e9r\u00e9nit\u00e9 \u00e0 Neuilly-sur-Seine, faites appel \u00e0 un de nos partenaire honn\u00eate et confirm\u00e9\" \/>\n<meta property=\"og:url\" content=\"https:\/\/www.monteescalier.net\/france\/monte-escalier-neuilly-sur-seine\/\" \/>\n<meta property=\"og:site_name\" content=\"Monte escalier\" \/>\n<meta property=\"article:modified_time\" content=\"2021-11-10T10:59:54+00:00\" \/>\n<meta name=\"twitter:card\" content=\"summary_large_image\" \/>\n<meta name=\"twitter:label1\" content=\"Dur\u00e9e de lecture estim\u00e9e\" \/>\n\t<meta name=\"twitter:data1\" content=\"2 minutes\" \/>\n<script type=\"application\/ld+json\" class=\"yoast-schema-graph\">{\"@context\":\"https:\/\/schema.org\",\"@graph\":[{\"@type\":\"WebPage\",\"@id\":\"https:\/\/www.monteescalier.net\/france\/monte-escalier-neuilly-sur-seine\/\",\"url\":\"https:\/\/www.monteescalier.net\/france\/monte-escalier-neuilly-sur-seine\/\",\"name\":\"Monte escalier Neuilly-sur-Seine - Monte escalier\",\"isPartOf\":{\"@id\":\"https:\/\/www.monteescalier.net\/france\/#website\"},\"datePublished\":\"2021-02-26T09:47:11+00:00\",\"dateModified\":\"2021-11-10T10:59:54+00:00\",\"description\":\"Pour effectuer la pose de votre monte-escalier en toute s\u00e9r\u00e9nit\u00e9 \u00e0 Neuilly-sur-Seine, faites appel \u00e0 un de nos partenaire honn\u00eate et confirm\u00e9\",\"breadcrumb\":{\"@id\":\"https:\/\/www.monteescalier.net\/france\/monte-escalier-neuilly-sur-seine\/#breadcrumb\"},\"inLanguage\":\"fr-FR\",\"potentialAction\":[{\"@type\":\"ReadAction\",\"target\":[\"https:\/\/www.monteescalier.net\/france\/monte-escalier-neuilly-sur-seine\/\"]}]},{\"@type\":\"BreadcrumbList\",\"@id\":\"https:\/\/www.monteescalier.net\/france\/monte-escalier-neuilly-sur-seine\/#breadcrumb\",\"itemListElement\":[{\"@type\":\"ListItem\",\"position\":1,\"name\":\"Accueil\",\"item\":\"https:\/\/www.monteescalier.net\/france\/\"},{\"@type\":\"ListItem\",\"position\":2,\"name\":\"Monte escalier Neuilly-sur-Seine\"}]},{\"@type\":\"WebSite\",\"@id\":\"https:\/\/www.monteescalier.net\/france\/#website\",\"url\":\"https:\/\/www.monteescalier.net\/france\/\",\"name\":\"Monte escalier\",\"description\":\"\",\"publisher\":{\"@id\":\"https:\/\/www.monteescalier.net\/france\/#organization\"},\"potentialAction\":[{\"@type\":\"SearchAction\",\"target\":{\"@type\":\"EntryPoint\",\"urlTemplate\":\"https:\/\/www.monteescalier.net\/france\/?s={search_term_string}\"},\"query-input\":{\"@type\":\"PropertyValueSpecification\",\"valueRequired\":true,\"valueName\":\"search_term_string\"}}],\"inLanguage\":\"fr-FR\"},{\"@type\":\"Organization\",\"@id\":\"https:\/\/www.monteescalier.net\/france\/#organization\",\"name\":\"monte-escalier.net\",\"url\":\"https:\/\/www.monteescalier.net\/france\/\",\"logo\":{\"@type\":\"ImageObject\",\"inLanguage\":\"fr-FR\",\"@id\":\"https:\/\/www.monteescalier.net\/france\/#\/schema\/logo\/image\/\",\"url\":\"https:\/\/www.monteescalier.net\/france\/wp-content\/uploads\/2016\/10\/4devis-mont-escalier-500-500.gif\",\"contentUrl\":\"https:\/\/www.monteescalier.net\/france\/wp-content\/uploads\/2016\/10\/4devis-mont-escalier-500-500.gif\",\"width\":500,\"height\":500,\"caption\":\"monte-escalier.net\"},\"image\":{\"@id\":\"https:\/\/www.monteescalier.net\/france\/#\/schema\/logo\/image\/\"}}]}<\/script>\n<!-- \/ Yoast SEO plugin. -->","yoast_head_json":{"title":"Monte escalier Neuilly-sur-Seine - Monte escalier","description":"Pour effectuer la pose de votre monte-escalier en toute s\u00e9r\u00e9nit\u00e9 \u00e0 Neuilly-sur-Seine, faites appel \u00e0 un de nos partenaire honn\u00eate et confirm\u00e9","robots":{"index":"index","follow":"follow","max-snippet":"max-snippet:-1","max-image-preview":"max-image-preview:large","max-video-preview":"max-video-preview:-1"},"canonical":"https:\/\/www.monteescalier.net\/france\/monte-escalier-neuilly-sur-seine\/","og_locale":"fr_FR","og_type":"article","og_title":"Monte escalier Neuilly-sur-Seine - Monte escalier","og_description":"Pour effectuer la pose de votre monte-escalier en toute s\u00e9r\u00e9nit\u00e9 \u00e0 Neuilly-sur-Seine, faites appel \u00e0 un de nos partenaire honn\u00eate et confirm\u00e9","og_url":"https:\/\/www.monteescalier.net\/france\/monte-escalier-neuilly-sur-seine\/","og_site_name":"Monte escalier","article_modified_time":"2021-11-10T10:59:54+00:00","twitter_card":"summary_large_image","twitter_misc":{"Dur\u00e9e de lecture estim\u00e9e":"2 minutes"},"schema":{"@context":"https:\/\/schema.org","@graph":[{"@type":"WebPage","@id":"https:\/\/www.monteescalier.net\/france\/monte-escalier-neuilly-sur-seine\/","url":"https:\/\/www.monteescalier.net\/france\/monte-escalier-neuilly-sur-seine\/","name":"Monte escalier Neuilly-sur-Seine - Monte escalier","isPartOf":{"@id":"https:\/\/www.monteescalier.net\/france\/#website"},"datePublished":"2021-02-26T09:47:11+00:00","dateModified":"2021-11-10T10:59:54+00:00","description":"Pour effectuer la pose de votre monte-escalier en toute s\u00e9r\u00e9nit\u00e9 \u00e0 Neuilly-sur-Seine, faites appel \u00e0 un de nos partenaire honn\u00eate et confirm\u00e9","breadcrumb":{"@id":"https:\/\/www.monteescalier.net\/france\/monte-escalier-neuilly-sur-seine\/#breadcrumb"},"inLanguage":"fr-FR","potentialAction":[{"@type":"ReadAction","target":["https:\/\/www.monteescalier.net\/france\/monte-escalier-neuilly-sur-seine\/"]}]},{"@type":"BreadcrumbList","@id":"https:\/\/www.monteescalier.net\/france\/monte-escalier-neuilly-sur-seine\/#breadcrumb","itemListElement":[{"@type":"ListItem","position":1,"name":"Accueil","item":"https:\/\/www.monteescalier.net\/france\/"},{"@type":"ListItem","position":2,"name":"Monte escalier Neuilly-sur-Seine"}]},{"@type":"WebSite","@id":"https:\/\/www.monteescalier.net\/france\/#website","url":"https:\/\/www.monteescalier.net\/france\/","name":"Monte escalier","description":"","publisher":{"@id":"https:\/\/www.monteescalier.net\/france\/#organization"},"potentialAction":[{"@type":"SearchAction","target":{"@type":"EntryPoint","urlTemplate":"https:\/\/www.monteescalier.net\/france\/?s={search_term_string}"},"query-input":{"@type":"PropertyValueSpecification","valueRequired":true,"valueName":"search_term_string"}}],"inLanguage":"fr-FR"},{"@type":"Organization","@id":"https:\/\/www.monteescalier.net\/france\/#organization","name":"monte-escalier.net","url":"https:\/\/www.monteescalier.net\/france\/","logo":{"@type":"ImageObject","inLanguage":"fr-FR","@id":"https:\/\/www.monteescalier.net\/france\/#\/schema\/logo\/image\/","url":"https:\/\/www.monteescalier.net\/france\/wp-content\/uploads\/2016\/10\/4devis-mont-escalier-500-500.gif","contentUrl":"https:\/\/www.monteescalier.net\/france\/wp-content\/uploads\/2016\/10\/4devis-mont-escalier-500-500.gif","width":500,"height":500,"caption":"monte-escalier.net"},"image":{"@id":"https:\/\/www.monteescalier.net\/france\/#\/schema\/logo\/image\/"}}]}},"_links":{"self":[{"href":"https:\/\/www.monteescalier.net\/france\/wp-json\/wp\/v2\/pages\/988","targetHints":{"allow":["GET"]}}],"collection":[{"href":"https:\/\/www.monteescalier.net\/france\/wp-json\/wp\/v2\/pages"}],"about":[{"href":"https:\/\/www.monteescalier.net\/france\/wp-json\/wp\/v2\/types\/page"}],"author":[{"embeddable":true,"href":"https:\/\/www.monteescalier.net\/france\/wp-json\/wp\/v2\/users\/1"}],"replies":[{"embeddable":true,"href":"https:\/\/www.monteescalier.net\/france\/wp-json\/wp\/v2\/comments?post=988"}],"version-history":[{"count":4,"href":"https:\/\/www.monteescalier.net\/france\/wp-json\/wp\/v2\/pages\/988\/revisions"}],"predecessor-version":[{"id":7501,"href":"https:\/\/www.monteescalier.net\/france\/wp-json\/wp\/v2\/pages\/988\/revisions\/7501"}],"wp:attachment":[{"href":"https:\/\/www.monteescalier.net\/france\/wp-json\/wp\/v2\/media?parent=988"}],"curies":[{"name":"wp","href":"https:\/\/api.w.org\/{rel}","templated":true}]}}