{"id":989,"date":"2021-04-26T10:47:11","date_gmt":"2021-04-26T09:47:11","guid":{"rendered":"https:\/\/www.monteescalier.net\/france\/?page_id=989"},"modified":"2021-11-10T11:22:20","modified_gmt":"2021-11-10T10:22:20","slug":"monte-escalier-la-seyne-sur-mer","status":"publish","type":"page","link":"https:\/\/www.monteescalier.net\/france\/monte-escalier-la-seyne-sur-mer\/","title":{"rendered":"Monte escalier La Seyne-sur-Mer"},"content":{"rendered":"<h1>Des devis gratuit pour un monte escalier \u00e0 La Seyne-sur-Mer<\/h1>\n<div class=\"boite_texte\">\n<div style=\"text-align: justify;\">Vous allez sauter le pas et faire installer \u00a0un monte escalier \u00e0 La Seyne-sur-Mer, sage d\u00e9cision, quand on connait le nombre d&rsquo;accidents domestiques d\u00fb aux escalier. Mais qui va vous l&rsquo;installer? et \u00e0 quel prix? Pour vous aider monteescalier.net va vous permettre d&rsquo;obtenir le prix le plus juste\u00a0pour votre monte escalier en comparant les offres des installateurs de la r\u00e9gion en quelques clics.<\/div>\n<p>&nbsp;<\/p>\n<div style=\"text-align: justify;\">La vocation de ce site internet est de faciliter l&rsquo;achat de votre monte escalier en vous mettant en relation directement avec les revendeurs de monte escalier de La Seyne-sur-Mer et de la r\u00e9gion: avec \u00a0plusieurs propositions de prestataires diff\u00e9rents, vous suarez qui est le moins cher et vous en apprendrez un peu plus sur chacun des prestataires qui vous contacteront.<\/div>\n<p>&nbsp;<\/p>\n<div style=\"text-align: justify;\">Vous savez tr\u00e8s pr\u00e9cisement ce que voulez ? Vous avez besoin d&rsquo;un devis de monte escalier. Une seule demande de devis sur notre site vous permettra de recevoir entre 4 et 5 devis totalement gratuits. Pour cela remplissez le formulaire nen haut de cette page.<\/div>\n<p>&nbsp;<\/p>\n<div style=\"text-align: justify;\">Le monte escalier c&rsquo;est presque toujours du sur mesure, chaque villa est diff\u00e9rente et a ses propres sp\u00e9cificit\u00e9s. Dans la tr\u00e8s grande majorit\u00e9 des cas l&rsquo;installation du monte escalier est possible chez vous. Pour vous en assurer remplissez une demande de rappel (en notant au pr\u00e9alable les dimensions de votre escalier). Plusieurs installateurs vous rappelleront sans d\u00e9lai, pour discuter avec vous du type de monte escalier qui s&rsquo;adaptera le mieux \u00e0 votre villa \u00e0 La Seyne-sur-Mer.<\/div>\n<p>&nbsp;<\/p>\n<div style=\"text-align: justify;\">Avoir\u00a0de la documentation sur les monte escalier pour s&rsquo;aider dans ses choix n&rsquo;est pas un luxe, la recevoir directement depuis chez vous sans vous d\u00e9placer c&rsquo;est possible et m\u00eame gratuit. Remplissez simplement un formulaire de demande de documentation et vous recevrez par la poste ou par email, toutes les documentations sur les produits vendus par nos partenaires vendeurs de monte escalier (d\u00e8s lors qu&rsquo;ils disposent eux m\u00eames de ces documentations, ce n&rsquo;est pas syst\u00e9matiquement le cas)<\/div>\n<p>&nbsp;<\/p>\n<div style=\"text-align: justify;\">Tous les services propos\u00e9s par ce site sont enti\u00e8rement gratuits et sans obligation d&rsquo;achat. Nous sommes un service de mise en relation. Vous serez mis en contact directement avec nos partenaires vendeurs de monte escalier et vous n\u00e9gocierez en direct avec eux. Vous \u00eates totalement libres de n\u00e9gocier et de signer ou pas avec un des prestataires avec lequel nous vous avons mis en relation. Dernier point nous n&rsquo;utilisons pas vos coordonn\u00e9es pour un usage autre que d&rsquo;obtenir des devis de monte escalier : nous ne r\u00e9utiliserons pas vos coordonn\u00e9es sous aucun pretexte !<\/div>\n<p>&nbsp;<\/p>\n<\/div>\n<div class=\"titre_liens\">Consultez \u00e9galement nos autres offres monte escalier<\/div>\n<p>&nbsp;<\/p>\n<div class=\"boite_liens\"><a href=\"https:\/\/www.monteescalier.net\/france\/monte-escalier-hyeres\">Monte escalier Hy\u00e8res<\/a><br \/>\n<a href=\"https:\/\/www.monteescalier.net\/france\/monte-escalier-frejus\">Monte escalier Fr\u00e9jus<\/a><br \/>\n<a href=\"https:\/\/www.monteescalier.net\/france\/monte-escalier-draguignan\">Monte escalier Draguignan<\/a><br \/>\n<a href=\"https:\/\/www.monteescalier.net\/france\/monte-escalier-six-fours-les-plages\">Monte escalier Six-Fours-les-Plages<\/a><br \/>\n<a href=\"https:\/\/www.monteescalier.net\/france\/monte-escalier-saint-raphael\">Monte escalier Saint-Rapha\u00ebl<\/a><\/div>\n<div class=\"boite_liens\"><\/div>\n<div class=\"boite_liens\">Article actualis\u00e9 le 28\/10\/2016<\/div>\n","protected":false},"excerpt":{"rendered":"<p>Des devis gratuit pour un monte escalier \u00e0 La Seyne-sur-Mer Vous allez sauter le pas et faire installer \u00a0un monte escalier \u00e0 La Seyne-sur-Mer, sage d\u00e9cision, quand on connait le nombre d&rsquo;accidents domestiques d\u00fb aux escalier. Mais qui va vous l&rsquo;installer? et \u00e0 quel prix? Pour vous aider monteescalier.net va vous permettre d&rsquo;obtenir le prix [&hellip;]<\/p>\n","protected":false},"author":1,"featured_media":0,"parent":0,"menu_order":0,"comment_status":"closed","ping_status":"open","template":"template_ville_17.php","meta":{"_monsterinsights_skip_tracking":false,"_monsterinsights_sitenote_active":false,"_monsterinsights_sitenote_note":"","_monsterinsights_sitenote_category":0,"footnotes":""},"class_list":["post-989","page","type-page","status-publish","hentry"],"yoast_head":"<!-- This site is optimized with the Yoast SEO plugin v26.3 - https:\/\/yoast.com\/wordpress\/plugins\/seo\/ -->\n<title>Monte escalier La Seyne-sur-Mer - Monte escalier<\/title>\n<meta name=\"description\" content=\"Sp\u00e9cialiste dans l&#039;installation de votre Monte escalier \u00e0 la Seyne-sur-Mer (83500). Vous souhaitez un devis gratuit ?\" \/>\n<meta name=\"robots\" content=\"index, follow, max-snippet:-1, max-image-preview:large, max-video-preview:-1\" \/>\n<link rel=\"canonical\" href=\"https:\/\/www.monteescalier.net\/france\/monte-escalier-la-seyne-sur-mer\/\" \/>\n<meta property=\"og:locale\" content=\"fr_FR\" \/>\n<meta property=\"og:type\" content=\"article\" \/>\n<meta property=\"og:title\" content=\"Monte escalier La Seyne-sur-Mer - Monte escalier\" \/>\n<meta property=\"og:description\" content=\"Sp\u00e9cialiste dans l&#039;installation de votre Monte escalier \u00e0 la Seyne-sur-Mer (83500). Vous souhaitez un devis gratuit ?\" \/>\n<meta property=\"og:url\" content=\"https:\/\/www.monteescalier.net\/france\/monte-escalier-la-seyne-sur-mer\/\" \/>\n<meta property=\"og:site_name\" content=\"Monte escalier\" \/>\n<meta property=\"article:modified_time\" content=\"2021-11-10T10:22:20+00:00\" \/>\n<meta name=\"twitter:card\" content=\"summary_large_image\" \/>\n<meta name=\"twitter:label1\" content=\"Dur\u00e9e de lecture estim\u00e9e\" \/>\n\t<meta name=\"twitter:data1\" content=\"2 minutes\" \/>\n<script type=\"application\/ld+json\" class=\"yoast-schema-graph\">{\"@context\":\"https:\/\/schema.org\",\"@graph\":[{\"@type\":\"WebPage\",\"@id\":\"https:\/\/www.monteescalier.net\/france\/monte-escalier-la-seyne-sur-mer\/\",\"url\":\"https:\/\/www.monteescalier.net\/france\/monte-escalier-la-seyne-sur-mer\/\",\"name\":\"Monte escalier La Seyne-sur-Mer - Monte escalier\",\"isPartOf\":{\"@id\":\"https:\/\/www.monteescalier.net\/france\/#website\"},\"datePublished\":\"2021-04-26T09:47:11+00:00\",\"dateModified\":\"2021-11-10T10:22:20+00:00\",\"description\":\"Sp\u00e9cialiste dans l'installation de votre Monte escalier \u00e0 la Seyne-sur-Mer (83500). Vous souhaitez un devis gratuit ?\",\"breadcrumb\":{\"@id\":\"https:\/\/www.monteescalier.net\/france\/monte-escalier-la-seyne-sur-mer\/#breadcrumb\"},\"inLanguage\":\"fr-FR\",\"potentialAction\":[{\"@type\":\"ReadAction\",\"target\":[\"https:\/\/www.monteescalier.net\/france\/monte-escalier-la-seyne-sur-mer\/\"]}]},{\"@type\":\"BreadcrumbList\",\"@id\":\"https:\/\/www.monteescalier.net\/france\/monte-escalier-la-seyne-sur-mer\/#breadcrumb\",\"itemListElement\":[{\"@type\":\"ListItem\",\"position\":1,\"name\":\"Accueil\",\"item\":\"https:\/\/www.monteescalier.net\/france\/\"},{\"@type\":\"ListItem\",\"position\":2,\"name\":\"Monte escalier La Seyne-sur-Mer\"}]},{\"@type\":\"WebSite\",\"@id\":\"https:\/\/www.monteescalier.net\/france\/#website\",\"url\":\"https:\/\/www.monteescalier.net\/france\/\",\"name\":\"Monte escalier\",\"description\":\"\",\"publisher\":{\"@id\":\"https:\/\/www.monteescalier.net\/france\/#organization\"},\"potentialAction\":[{\"@type\":\"SearchAction\",\"target\":{\"@type\":\"EntryPoint\",\"urlTemplate\":\"https:\/\/www.monteescalier.net\/france\/?s={search_term_string}\"},\"query-input\":{\"@type\":\"PropertyValueSpecification\",\"valueRequired\":true,\"valueName\":\"search_term_string\"}}],\"inLanguage\":\"fr-FR\"},{\"@type\":\"Organization\",\"@id\":\"https:\/\/www.monteescalier.net\/france\/#organization\",\"name\":\"monte-escalier.net\",\"url\":\"https:\/\/www.monteescalier.net\/france\/\",\"logo\":{\"@type\":\"ImageObject\",\"inLanguage\":\"fr-FR\",\"@id\":\"https:\/\/www.monteescalier.net\/france\/#\/schema\/logo\/image\/\",\"url\":\"https:\/\/www.monteescalier.net\/france\/wp-content\/uploads\/2016\/10\/4devis-mont-escalier-500-500.gif\",\"contentUrl\":\"https:\/\/www.monteescalier.net\/france\/wp-content\/uploads\/2016\/10\/4devis-mont-escalier-500-500.gif\",\"width\":500,\"height\":500,\"caption\":\"monte-escalier.net\"},\"image\":{\"@id\":\"https:\/\/www.monteescalier.net\/france\/#\/schema\/logo\/image\/\"}}]}<\/script>\n<!-- \/ Yoast SEO plugin. -->","yoast_head_json":{"title":"Monte escalier La Seyne-sur-Mer - Monte escalier","description":"Sp\u00e9cialiste dans l'installation de votre Monte escalier \u00e0 la Seyne-sur-Mer (83500). Vous souhaitez un devis gratuit ?","robots":{"index":"index","follow":"follow","max-snippet":"max-snippet:-1","max-image-preview":"max-image-preview:large","max-video-preview":"max-video-preview:-1"},"canonical":"https:\/\/www.monteescalier.net\/france\/monte-escalier-la-seyne-sur-mer\/","og_locale":"fr_FR","og_type":"article","og_title":"Monte escalier La Seyne-sur-Mer - Monte escalier","og_description":"Sp\u00e9cialiste dans l'installation de votre Monte escalier \u00e0 la Seyne-sur-Mer (83500). Vous souhaitez un devis gratuit ?","og_url":"https:\/\/www.monteescalier.net\/france\/monte-escalier-la-seyne-sur-mer\/","og_site_name":"Monte escalier","article_modified_time":"2021-11-10T10:22:20+00:00","twitter_card":"summary_large_image","twitter_misc":{"Dur\u00e9e de lecture estim\u00e9e":"2 minutes"},"schema":{"@context":"https:\/\/schema.org","@graph":[{"@type":"WebPage","@id":"https:\/\/www.monteescalier.net\/france\/monte-escalier-la-seyne-sur-mer\/","url":"https:\/\/www.monteescalier.net\/france\/monte-escalier-la-seyne-sur-mer\/","name":"Monte escalier La Seyne-sur-Mer - Monte escalier","isPartOf":{"@id":"https:\/\/www.monteescalier.net\/france\/#website"},"datePublished":"2021-04-26T09:47:11+00:00","dateModified":"2021-11-10T10:22:20+00:00","description":"Sp\u00e9cialiste dans l'installation de votre Monte escalier \u00e0 la Seyne-sur-Mer (83500). Vous souhaitez un devis gratuit ?","breadcrumb":{"@id":"https:\/\/www.monteescalier.net\/france\/monte-escalier-la-seyne-sur-mer\/#breadcrumb"},"inLanguage":"fr-FR","potentialAction":[{"@type":"ReadAction","target":["https:\/\/www.monteescalier.net\/france\/monte-escalier-la-seyne-sur-mer\/"]}]},{"@type":"BreadcrumbList","@id":"https:\/\/www.monteescalier.net\/france\/monte-escalier-la-seyne-sur-mer\/#breadcrumb","itemListElement":[{"@type":"ListItem","position":1,"name":"Accueil","item":"https:\/\/www.monteescalier.net\/france\/"},{"@type":"ListItem","position":2,"name":"Monte escalier La Seyne-sur-Mer"}]},{"@type":"WebSite","@id":"https:\/\/www.monteescalier.net\/france\/#website","url":"https:\/\/www.monteescalier.net\/france\/","name":"Monte escalier","description":"","publisher":{"@id":"https:\/\/www.monteescalier.net\/france\/#organization"},"potentialAction":[{"@type":"SearchAction","target":{"@type":"EntryPoint","urlTemplate":"https:\/\/www.monteescalier.net\/france\/?s={search_term_string}"},"query-input":{"@type":"PropertyValueSpecification","valueRequired":true,"valueName":"search_term_string"}}],"inLanguage":"fr-FR"},{"@type":"Organization","@id":"https:\/\/www.monteescalier.net\/france\/#organization","name":"monte-escalier.net","url":"https:\/\/www.monteescalier.net\/france\/","logo":{"@type":"ImageObject","inLanguage":"fr-FR","@id":"https:\/\/www.monteescalier.net\/france\/#\/schema\/logo\/image\/","url":"https:\/\/www.monteescalier.net\/france\/wp-content\/uploads\/2016\/10\/4devis-mont-escalier-500-500.gif","contentUrl":"https:\/\/www.monteescalier.net\/france\/wp-content\/uploads\/2016\/10\/4devis-mont-escalier-500-500.gif","width":500,"height":500,"caption":"monte-escalier.net"},"image":{"@id":"https:\/\/www.monteescalier.net\/france\/#\/schema\/logo\/image\/"}}]}},"_links":{"self":[{"href":"https:\/\/www.monteescalier.net\/france\/wp-json\/wp\/v2\/pages\/989","targetHints":{"allow":["GET"]}}],"collection":[{"href":"https:\/\/www.monteescalier.net\/france\/wp-json\/wp\/v2\/pages"}],"about":[{"href":"https:\/\/www.monteescalier.net\/france\/wp-json\/wp\/v2\/types\/page"}],"author":[{"embeddable":true,"href":"https:\/\/www.monteescalier.net\/france\/wp-json\/wp\/v2\/users\/1"}],"replies":[{"embeddable":true,"href":"https:\/\/www.monteescalier.net\/france\/wp-json\/wp\/v2\/comments?post=989"}],"version-history":[{"count":3,"href":"https:\/\/www.monteescalier.net\/france\/wp-json\/wp\/v2\/pages\/989\/revisions"}],"predecessor-version":[{"id":7285,"href":"https:\/\/www.monteescalier.net\/france\/wp-json\/wp\/v2\/pages\/989\/revisions\/7285"}],"wp:attachment":[{"href":"https:\/\/www.monteescalier.net\/france\/wp-json\/wp\/v2\/media?parent=989"}],"curies":[{"name":"wp","href":"https:\/\/api.w.org\/{rel}","templated":true}]}}