{"id":992,"date":"2019-12-26T10:47:11","date_gmt":"2019-12-26T09:47:11","guid":{"rendered":"https:\/\/www.monteescalier.net\/france\/?page_id=992"},"modified":"2020-01-16T14:45:34","modified_gmt":"2020-01-16T13:45:34","slug":"monte-escalier-niort","status":"publish","type":"page","link":"https:\/\/www.monteescalier.net\/france\/monte-escalier-niort\/","title":{"rendered":"Monte escalier Niort"},"content":{"rendered":"<h1>Les vendeurs de monte escalier \u00e0 Niort<\/h1>\n<div class=\"boite_texte\">\n<div style=\"text-align: justify;\">Vous d\u00e9sirez faire installer un monte escalier \u00e0 Niort, dans votre maison pour conserver un acc\u00e8s sans difficult\u00e9s \u00e0 l&rsquo;\u00e9tage de votre maison. Faites confiance \u00e0 monteescalier.net \u00a0pour vous aider \u00e0 trouver votre installateur de monte escalier \u00e0 Niort. Gr\u00e2ce \u00e0 nous vous allez pouvoir mettre en comp\u00e9tition les installateurs de monte escalier travaillant dans les Deux-S\u00e8vres .<\/div>\n<p>&nbsp;<\/p>\n<div style=\"text-align: justify;\">\n<p>La vocation de ce site internet est de faciliter l&rsquo;achat de votre monte escalier en vous mettant en relation directement avec les revendeurs de monte escalier sur Niort, car avec plusieurs devis vous allez pouvoir faire un vrai choix sans vous laisser influencer par les uns et les autres : un prix pour un \u00e9quipement install\u00e9 chez vous.<\/p>\n<\/div>\n<div style=\"text-align: justify;\">\n<p>Comment mieux comparer qu&rsquo;en examinant des propositions concr\u00e8tes ? Une seule demande de devis sur notre site et vous obtiendrez plusieurs devis de diff\u00e9rents prestataires vous proposant diff\u00e9rents mod\u00e8les de monte escalier. Et ces prestataires, nous les avons choisis pour vous : parce que nous sommes ind\u00e9pendant des grands r\u00e9seaux de distributions, que nous ne sommes pas int\u00e9ress\u00e9s financi\u00e8rement aux ventes, nous pensons que vous pouvez nous faire confiance sur notre int\u00e9grit\u00e9 et sur la valeur de conseil car nous avons d\u00e9j\u00e0 conseill\u00e9 des centaines de personnes dans votre cas, c&rsquo;est \u00e0 dire des acheteurs de monte escalier.<\/p>\n<\/div>\n<div style=\"text-align: justify;\">Avant de passer commande d&rsquo;un monte escalier, vous d\u00e9sirez dialoguer au t\u00e9l\u00e9phone avec plusieurs experts. Dans ce cas, utilisez notre demande de rappel, et nos partenaires experts du monte escalier vous rappelleront dans les plus brefs d\u00e9lais pour discuter de votre projet.<\/div>\n<p>&nbsp;<\/p>\n<div style=\"text-align: justify;\">Consulter des brochures de pr\u00e9sentation produits peut vous aider \u00e0 effectuer un choix de mod\u00e8les de monte escalier. Nos partenaires peuvent mettre \u00e0 votre disposition des brochures \u00e9lectroniques. Le formulaire de demande de documentation sur ce site \u00e0 compl\u00e9ter int\u00e9gralement pour \u00eatre s\u00fbr d&rsquo;obtenir des r\u00e9ponses) vous permettra d&rsquo;acc\u00e9der gratuitement \u00e0 ce service.<\/div>\n<p>&nbsp;<\/p>\n<div style=\"text-align: justify;\">Demande de doc, demande de devis, demande de rappel sont des services totalement gratuits sur monteescalier.net, pas de co\u00fbt cach\u00e9s, pas d&rsquo;obligations. Vos demandes sont directement transmises \u00e0 nos prestataires partenaires desservant la ville de Niort et sa r\u00e9gion. Libre \u00e0 vous de signer avec celui de votre choix, ou aucun d&rsquo;entre eux si leurs propositions ne vous conviennent pas.<\/div>\n<p>&nbsp;<\/p>\n<\/div>\n<div class=\"titre_liens\">D\u00e9couvrez aussi nos services monte escalier pr\u00e8s de chez vous<\/div>\n<p>&nbsp;<\/p>\n<div class=\"boite_liens\"><a href=\"https:\/\/www.monteescalier.net\/france\/monte-escalier-bressuire\">Monte escalier Bressuire<\/a><br \/>\n<a href=\"https:\/\/www.monteescalier.net\/france\/monte-escalier-parthenay\">Monte escalier Parthenay<\/a><br \/>\n<a href=\"https:\/\/www.monteescalier.net\/france\/monte-escalier-thouars\">Monte escalier Thouars<\/a><br \/>\n<a href=\"https:\/\/www.monteescalier.net\/france\/monte-escalier-mauleon\">Monte escalier Maul\u00e9on<\/a><br \/>\n<a href=\"https:\/\/www.monteescalier.net\/france\/monte-escalier-saint-maixent-l-ecole\">Monte escalier Saint-Maixent-l&rsquo;\u00c9cole<\/a><\/div>\n","protected":false},"excerpt":{"rendered":"<p>Les vendeurs de monte escalier \u00e0 Niort Vous d\u00e9sirez faire installer un monte escalier \u00e0 Niort, dans votre maison pour conserver un acc\u00e8s sans difficult\u00e9s \u00e0 l&rsquo;\u00e9tage de votre maison. Faites confiance \u00e0 monteescalier.net \u00a0pour vous aider \u00e0 trouver votre installateur de monte escalier \u00e0 Niort. Gr\u00e2ce \u00e0 nous vous allez pouvoir mettre en comp\u00e9tition [&hellip;]<\/p>\n","protected":false},"author":1,"featured_media":0,"parent":0,"menu_order":0,"comment_status":"closed","ping_status":"open","template":"template_ville_1.php","meta":{"_monsterinsights_skip_tracking":false,"_monsterinsights_sitenote_active":false,"_monsterinsights_sitenote_note":"","_monsterinsights_sitenote_category":0,"footnotes":""},"class_list":["post-992","page","type-page","status-publish","hentry"],"yoast_head":"<!-- This site is optimized with the Yoast SEO plugin v26.3 - https:\/\/yoast.com\/wordpress\/plugins\/seo\/ -->\n<title>Monte escalier Niort - Monte escalier<\/title>\n<meta name=\"robots\" content=\"index, follow, max-snippet:-1, max-image-preview:large, max-video-preview:-1\" \/>\n<link rel=\"canonical\" href=\"https:\/\/www.monteescalier.net\/france\/monte-escalier-niort\/\" \/>\n<meta property=\"og:locale\" content=\"fr_FR\" \/>\n<meta property=\"og:type\" content=\"article\" \/>\n<meta property=\"og:title\" content=\"Monte escalier Niort - Monte escalier\" \/>\n<meta property=\"og:description\" content=\"Les vendeurs de monte escalier \u00e0 Niort Vous d\u00e9sirez faire installer un monte escalier \u00e0 Niort, dans votre maison pour conserver un acc\u00e8s sans difficult\u00e9s \u00e0 l&rsquo;\u00e9tage de votre maison. Faites confiance \u00e0 monteescalier.net \u00a0pour vous aider \u00e0 trouver votre installateur de monte escalier \u00e0 Niort. Gr\u00e2ce \u00e0 nous vous allez pouvoir mettre en comp\u00e9tition [&hellip;]\" \/>\n<meta property=\"og:url\" content=\"https:\/\/www.monteescalier.net\/france\/monte-escalier-niort\/\" \/>\n<meta property=\"og:site_name\" content=\"Monte escalier\" \/>\n<meta property=\"article:modified_time\" content=\"2020-01-16T13:45:34+00:00\" \/>\n<meta name=\"twitter:card\" content=\"summary_large_image\" \/>\n<meta name=\"twitter:label1\" content=\"Dur\u00e9e de lecture estim\u00e9e\" \/>\n\t<meta name=\"twitter:data1\" content=\"2 minutes\" \/>\n<script type=\"application\/ld+json\" class=\"yoast-schema-graph\">{\"@context\":\"https:\/\/schema.org\",\"@graph\":[{\"@type\":\"WebPage\",\"@id\":\"https:\/\/www.monteescalier.net\/france\/monte-escalier-niort\/\",\"url\":\"https:\/\/www.monteescalier.net\/france\/monte-escalier-niort\/\",\"name\":\"Monte escalier Niort - Monte escalier\",\"isPartOf\":{\"@id\":\"https:\/\/www.monteescalier.net\/france\/#website\"},\"datePublished\":\"2019-12-26T09:47:11+00:00\",\"dateModified\":\"2020-01-16T13:45:34+00:00\",\"breadcrumb\":{\"@id\":\"https:\/\/www.monteescalier.net\/france\/monte-escalier-niort\/#breadcrumb\"},\"inLanguage\":\"fr-FR\",\"potentialAction\":[{\"@type\":\"ReadAction\",\"target\":[\"https:\/\/www.monteescalier.net\/france\/monte-escalier-niort\/\"]}]},{\"@type\":\"BreadcrumbList\",\"@id\":\"https:\/\/www.monteescalier.net\/france\/monte-escalier-niort\/#breadcrumb\",\"itemListElement\":[{\"@type\":\"ListItem\",\"position\":1,\"name\":\"Accueil\",\"item\":\"https:\/\/www.monteescalier.net\/france\/\"},{\"@type\":\"ListItem\",\"position\":2,\"name\":\"Monte escalier Niort\"}]},{\"@type\":\"WebSite\",\"@id\":\"https:\/\/www.monteescalier.net\/france\/#website\",\"url\":\"https:\/\/www.monteescalier.net\/france\/\",\"name\":\"Monte escalier\",\"description\":\"\",\"publisher\":{\"@id\":\"https:\/\/www.monteescalier.net\/france\/#organization\"},\"potentialAction\":[{\"@type\":\"SearchAction\",\"target\":{\"@type\":\"EntryPoint\",\"urlTemplate\":\"https:\/\/www.monteescalier.net\/france\/?s={search_term_string}\"},\"query-input\":{\"@type\":\"PropertyValueSpecification\",\"valueRequired\":true,\"valueName\":\"search_term_string\"}}],\"inLanguage\":\"fr-FR\"},{\"@type\":\"Organization\",\"@id\":\"https:\/\/www.monteescalier.net\/france\/#organization\",\"name\":\"monte-escalier.net\",\"url\":\"https:\/\/www.monteescalier.net\/france\/\",\"logo\":{\"@type\":\"ImageObject\",\"inLanguage\":\"fr-FR\",\"@id\":\"https:\/\/www.monteescalier.net\/france\/#\/schema\/logo\/image\/\",\"url\":\"https:\/\/www.monteescalier.net\/france\/wp-content\/uploads\/2016\/10\/4devis-mont-escalier-500-500.gif\",\"contentUrl\":\"https:\/\/www.monteescalier.net\/france\/wp-content\/uploads\/2016\/10\/4devis-mont-escalier-500-500.gif\",\"width\":500,\"height\":500,\"caption\":\"monte-escalier.net\"},\"image\":{\"@id\":\"https:\/\/www.monteescalier.net\/france\/#\/schema\/logo\/image\/\"}}]}<\/script>\n<!-- \/ Yoast SEO plugin. -->","yoast_head_json":{"title":"Monte escalier Niort - Monte escalier","robots":{"index":"index","follow":"follow","max-snippet":"max-snippet:-1","max-image-preview":"max-image-preview:large","max-video-preview":"max-video-preview:-1"},"canonical":"https:\/\/www.monteescalier.net\/france\/monte-escalier-niort\/","og_locale":"fr_FR","og_type":"article","og_title":"Monte escalier Niort - Monte escalier","og_description":"Les vendeurs de monte escalier \u00e0 Niort Vous d\u00e9sirez faire installer un monte escalier \u00e0 Niort, dans votre maison pour conserver un acc\u00e8s sans difficult\u00e9s \u00e0 l&rsquo;\u00e9tage de votre maison. Faites confiance \u00e0 monteescalier.net \u00a0pour vous aider \u00e0 trouver votre installateur de monte escalier \u00e0 Niort. Gr\u00e2ce \u00e0 nous vous allez pouvoir mettre en comp\u00e9tition [&hellip;]","og_url":"https:\/\/www.monteescalier.net\/france\/monte-escalier-niort\/","og_site_name":"Monte escalier","article_modified_time":"2020-01-16T13:45:34+00:00","twitter_card":"summary_large_image","twitter_misc":{"Dur\u00e9e de lecture estim\u00e9e":"2 minutes"},"schema":{"@context":"https:\/\/schema.org","@graph":[{"@type":"WebPage","@id":"https:\/\/www.monteescalier.net\/france\/monte-escalier-niort\/","url":"https:\/\/www.monteescalier.net\/france\/monte-escalier-niort\/","name":"Monte escalier Niort - Monte escalier","isPartOf":{"@id":"https:\/\/www.monteescalier.net\/france\/#website"},"datePublished":"2019-12-26T09:47:11+00:00","dateModified":"2020-01-16T13:45:34+00:00","breadcrumb":{"@id":"https:\/\/www.monteescalier.net\/france\/monte-escalier-niort\/#breadcrumb"},"inLanguage":"fr-FR","potentialAction":[{"@type":"ReadAction","target":["https:\/\/www.monteescalier.net\/france\/monte-escalier-niort\/"]}]},{"@type":"BreadcrumbList","@id":"https:\/\/www.monteescalier.net\/france\/monte-escalier-niort\/#breadcrumb","itemListElement":[{"@type":"ListItem","position":1,"name":"Accueil","item":"https:\/\/www.monteescalier.net\/france\/"},{"@type":"ListItem","position":2,"name":"Monte escalier Niort"}]},{"@type":"WebSite","@id":"https:\/\/www.monteescalier.net\/france\/#website","url":"https:\/\/www.monteescalier.net\/france\/","name":"Monte escalier","description":"","publisher":{"@id":"https:\/\/www.monteescalier.net\/france\/#organization"},"potentialAction":[{"@type":"SearchAction","target":{"@type":"EntryPoint","urlTemplate":"https:\/\/www.monteescalier.net\/france\/?s={search_term_string}"},"query-input":{"@type":"PropertyValueSpecification","valueRequired":true,"valueName":"search_term_string"}}],"inLanguage":"fr-FR"},{"@type":"Organization","@id":"https:\/\/www.monteescalier.net\/france\/#organization","name":"monte-escalier.net","url":"https:\/\/www.monteescalier.net\/france\/","logo":{"@type":"ImageObject","inLanguage":"fr-FR","@id":"https:\/\/www.monteescalier.net\/france\/#\/schema\/logo\/image\/","url":"https:\/\/www.monteescalier.net\/france\/wp-content\/uploads\/2016\/10\/4devis-mont-escalier-500-500.gif","contentUrl":"https:\/\/www.monteescalier.net\/france\/wp-content\/uploads\/2016\/10\/4devis-mont-escalier-500-500.gif","width":500,"height":500,"caption":"monte-escalier.net"},"image":{"@id":"https:\/\/www.monteescalier.net\/france\/#\/schema\/logo\/image\/"}}]}},"_links":{"self":[{"href":"https:\/\/www.monteescalier.net\/france\/wp-json\/wp\/v2\/pages\/992","targetHints":{"allow":["GET"]}}],"collection":[{"href":"https:\/\/www.monteescalier.net\/france\/wp-json\/wp\/v2\/pages"}],"about":[{"href":"https:\/\/www.monteescalier.net\/france\/wp-json\/wp\/v2\/types\/page"}],"author":[{"embeddable":true,"href":"https:\/\/www.monteescalier.net\/france\/wp-json\/wp\/v2\/users\/1"}],"replies":[{"embeddable":true,"href":"https:\/\/www.monteescalier.net\/france\/wp-json\/wp\/v2\/comments?post=992"}],"version-history":[{"count":4,"href":"https:\/\/www.monteescalier.net\/france\/wp-json\/wp\/v2\/pages\/992\/revisions"}],"predecessor-version":[{"id":8505,"href":"https:\/\/www.monteescalier.net\/france\/wp-json\/wp\/v2\/pages\/992\/revisions\/8505"}],"wp:attachment":[{"href":"https:\/\/www.monteescalier.net\/france\/wp-json\/wp\/v2\/media?parent=992"}],"curies":[{"name":"wp","href":"https:\/\/api.w.org\/{rel}","templated":true}]}}