{"id":994,"date":"2021-09-26T10:47:11","date_gmt":"2021-09-26T09:47:11","guid":{"rendered":"https:\/\/www.monteescalier.net\/france\/?page_id=994"},"modified":"2021-11-10T11:41:53","modified_gmt":"2021-11-10T10:41:53","slug":"monte-escalier-pessac","status":"publish","type":"page","link":"https:\/\/www.monteescalier.net\/france\/monte-escalier-pessac\/","title":{"rendered":"Monte escalier Pessac"},"content":{"rendered":"<h1>Plusieurs devis de monte escalier \u00e0 Pessac<\/h1>\n<div class=\"boite_texte\">\n<div style=\"text-align: justify;\">Vous avez une maison \u00e0 \u00e9tage\u00a0\u00e0 Pessac en Gironde, vous voulez rester chez vous m\u00eame si vous avez du mal \u00e0 monter ces fameux escaliers. Rien n&rsquo;est perdu gr\u00e2ce au monte escalier que vous allez pouvoir faire installer dans votre maison. \u00a0Monteescalier.net va vous aider \u00e0recevoir 4 ou 5 devis des prestataires de votre r\u00e9gion que nous avons pr\u00e9selectionn\u00e9s pour vous pour la qualit\u00e9 de leurs prestations.<\/div>\n<p>&nbsp;<\/p>\n<div style=\"text-align: justify;\">La vocation de ce site web est de faciliter l&rsquo;achat de votre monte escalier en vous permettant de mettre en relation directement avec les revendeurs de monte escalier sur Pessac et la Gironde, car avoir plusieurs devis vous aidera incontestablement \u00e0 choisir le meilleur prestataire. Inutile d&rsquo;\u00e9couter ceux qui vous jurent \u00eatre les meilleurs et les moins chers, constatez-le gr\u00e2ce aux devis que nous allons vous permettre d&rsquo;obtenir rapidement.<\/div>\n<p>&nbsp;<\/p>\n<div style=\"text-align: justify;\">Comment mieux comparer en effet qu&rsquo;en examinant des propositions concr\u00e8tes concernant votre escalier et votre maison? Une seule demande de devis sur notre site et vous obtiendrez plusieurs devis de diff\u00e9rents prestataires vous proposant diff\u00e9rents mod\u00e8les de monte escalier, tous s\u00e9lectionn\u00e9s par nous, alors que nous sommes ind\u00e9pendants des fabricants et des vendeurs, \u00e7\u00e0 vaut le coup d&rsquo;essayer, non?<\/div>\n<p>&nbsp;<\/p>\n<div style=\"text-align: justify;\">Avoir des sp\u00e9cialistes du monte escalier au bout du fil pour discuter de votre projet, voici ce que vous permettra notre site si vous remplissez une demande de rappel. Vous serez tr\u00e8s rapidement recontact\u00e9s par nos partenaires experts qui pourront r\u00e9pondre \u00e0 toutes vos questions relatives \u00e0 la singularit\u00e9 de l&rsquo;installation de votre monte escalier.<\/div>\n<p>&nbsp;<\/p>\n<div style=\"text-align: justify;\">Pour vous familiariser avec les mod\u00e8les de monte escalier n&rsquo;h\u00e9sitez pas \u00e0 faire une demande de documentation, via notre formulaire de de demande de documentation, vous recevrez ainsi par courrier \u00e9lectronique des infos tr\u00e8s utiles sur les diff\u00e9rents mod\u00e8les de monte escalier diponibles \u00e0 la vente \u00e0 Pessac d\u00e8s lors que vous aurez saisi toutes vos coordonn\u00e9es dans le formulaire idoine.<\/div>\n<p>&nbsp;<\/p>\n<div style=\"text-align: justify;\">Vous pensez certainement que nous allons vous faire payer ces services&#8230;et bien non ! Tous nos services de mise en relation avec notre s\u00e9lection de vendeurs de monte escalier \u00e0 Pessac sont enti\u00e8rement gratuits et vous n&rsquo;\u00eates en aucun cas contraint \u00e0 l&rsquo;achat de quoi que ce soit aupr\u00e8s des revendeurs que nous vous conseillons.<\/div>\n<p>&nbsp;<\/p>\n<\/div>\n<div class=\"titre_liens\">Pr\u00e8s de chez vous, nous vous proposons \u00e9galement :<\/div>\n<p>&nbsp;<\/p>\n<div class=\"boite_liens\"><a href=\"https:\/\/www.monteescalier.net\/france\/monte-escalier-talence\">Monte escalier Talence<\/a><br \/>\n<a href=\"https:\/\/www.monteescalier.net\/france\/monte-escalier-villenave-d-ornon\">Monte escalier Villenave-d&rsquo;Ornon<\/a><br \/>\n<a href=\"https:\/\/www.monteescalier.net\/france\/monte-escalier-saint-medard-en-jalles\">Monte escalier Saint-M\u00e9dard-en-Jalles<\/a><br \/>\n<a href=\"https:\/\/www.monteescalier.net\/france\/monte-escalier-begles\">Monte escalier B\u00e8gles<\/a><br \/>\n<a href=\"https:\/\/www.monteescalier.net\/france\/monte-escalier-la-teste-de-buch\">Monte escalier Teste-de-Buch<\/a><\/div>\n","protected":false},"excerpt":{"rendered":"<p>Plusieurs devis de monte escalier \u00e0 Pessac Vous avez une maison \u00e0 \u00e9tage\u00a0\u00e0 Pessac en Gironde, vous voulez rester chez vous m\u00eame si vous avez du mal \u00e0 monter ces fameux escaliers. Rien n&rsquo;est perdu gr\u00e2ce au monte escalier que vous allez pouvoir faire installer dans votre maison. \u00a0Monteescalier.net va vous aider \u00e0recevoir 4 ou [&hellip;]<\/p>\n","protected":false},"author":1,"featured_media":0,"parent":0,"menu_order":0,"comment_status":"closed","ping_status":"open","template":"template_ville_1.php","meta":{"_monsterinsights_skip_tracking":false,"_monsterinsights_sitenote_active":false,"_monsterinsights_sitenote_note":"","_monsterinsights_sitenote_category":0,"footnotes":""},"class_list":["post-994","page","type-page","status-publish","hentry"],"yoast_head":"<!-- This site is optimized with the Yoast SEO plugin v26.3 - https:\/\/yoast.com\/wordpress\/plugins\/seo\/ -->\n<title>Monte escalier Pessac - Monte escalier<\/title>\n<meta name=\"description\" content=\"Monte escalier \u00e0 Pessac (33) : Trouvez un professionnel en quelques clics !\" \/>\n<meta name=\"robots\" content=\"index, follow, max-snippet:-1, max-image-preview:large, max-video-preview:-1\" \/>\n<link rel=\"canonical\" href=\"https:\/\/www.monteescalier.net\/france\/monte-escalier-pessac\/\" \/>\n<meta property=\"og:locale\" content=\"fr_FR\" \/>\n<meta property=\"og:type\" content=\"article\" \/>\n<meta property=\"og:title\" content=\"Monte escalier Pessac - Monte escalier\" \/>\n<meta property=\"og:description\" content=\"Monte escalier \u00e0 Pessac (33) : Trouvez un professionnel en quelques clics !\" \/>\n<meta property=\"og:url\" content=\"https:\/\/www.monteescalier.net\/france\/monte-escalier-pessac\/\" \/>\n<meta property=\"og:site_name\" content=\"Monte escalier\" \/>\n<meta property=\"article:modified_time\" content=\"2021-11-10T10:41:53+00:00\" \/>\n<meta name=\"twitter:card\" content=\"summary_large_image\" \/>\n<meta name=\"twitter:label1\" content=\"Dur\u00e9e de lecture estim\u00e9e\" \/>\n\t<meta name=\"twitter:data1\" content=\"2 minutes\" \/>\n<script type=\"application\/ld+json\" class=\"yoast-schema-graph\">{\"@context\":\"https:\/\/schema.org\",\"@graph\":[{\"@type\":\"WebPage\",\"@id\":\"https:\/\/www.monteescalier.net\/france\/monte-escalier-pessac\/\",\"url\":\"https:\/\/www.monteescalier.net\/france\/monte-escalier-pessac\/\",\"name\":\"Monte escalier Pessac - Monte escalier\",\"isPartOf\":{\"@id\":\"https:\/\/www.monteescalier.net\/france\/#website\"},\"datePublished\":\"2021-09-26T09:47:11+00:00\",\"dateModified\":\"2021-11-10T10:41:53+00:00\",\"description\":\"Monte escalier \u00e0 Pessac (33) : Trouvez un professionnel en quelques clics !\",\"breadcrumb\":{\"@id\":\"https:\/\/www.monteescalier.net\/france\/monte-escalier-pessac\/#breadcrumb\"},\"inLanguage\":\"fr-FR\",\"potentialAction\":[{\"@type\":\"ReadAction\",\"target\":[\"https:\/\/www.monteescalier.net\/france\/monte-escalier-pessac\/\"]}]},{\"@type\":\"BreadcrumbList\",\"@id\":\"https:\/\/www.monteescalier.net\/france\/monte-escalier-pessac\/#breadcrumb\",\"itemListElement\":[{\"@type\":\"ListItem\",\"position\":1,\"name\":\"Accueil\",\"item\":\"https:\/\/www.monteescalier.net\/france\/\"},{\"@type\":\"ListItem\",\"position\":2,\"name\":\"Monte escalier Pessac\"}]},{\"@type\":\"WebSite\",\"@id\":\"https:\/\/www.monteescalier.net\/france\/#website\",\"url\":\"https:\/\/www.monteescalier.net\/france\/\",\"name\":\"Monte escalier\",\"description\":\"\",\"publisher\":{\"@id\":\"https:\/\/www.monteescalier.net\/france\/#organization\"},\"potentialAction\":[{\"@type\":\"SearchAction\",\"target\":{\"@type\":\"EntryPoint\",\"urlTemplate\":\"https:\/\/www.monteescalier.net\/france\/?s={search_term_string}\"},\"query-input\":{\"@type\":\"PropertyValueSpecification\",\"valueRequired\":true,\"valueName\":\"search_term_string\"}}],\"inLanguage\":\"fr-FR\"},{\"@type\":\"Organization\",\"@id\":\"https:\/\/www.monteescalier.net\/france\/#organization\",\"name\":\"monte-escalier.net\",\"url\":\"https:\/\/www.monteescalier.net\/france\/\",\"logo\":{\"@type\":\"ImageObject\",\"inLanguage\":\"fr-FR\",\"@id\":\"https:\/\/www.monteescalier.net\/france\/#\/schema\/logo\/image\/\",\"url\":\"https:\/\/www.monteescalier.net\/france\/wp-content\/uploads\/2016\/10\/4devis-mont-escalier-500-500.gif\",\"contentUrl\":\"https:\/\/www.monteescalier.net\/france\/wp-content\/uploads\/2016\/10\/4devis-mont-escalier-500-500.gif\",\"width\":500,\"height\":500,\"caption\":\"monte-escalier.net\"},\"image\":{\"@id\":\"https:\/\/www.monteescalier.net\/france\/#\/schema\/logo\/image\/\"}}]}<\/script>\n<!-- \/ Yoast SEO plugin. -->","yoast_head_json":{"title":"Monte escalier Pessac - Monte escalier","description":"Monte escalier \u00e0 Pessac (33) : Trouvez un professionnel en quelques clics !","robots":{"index":"index","follow":"follow","max-snippet":"max-snippet:-1","max-image-preview":"max-image-preview:large","max-video-preview":"max-video-preview:-1"},"canonical":"https:\/\/www.monteescalier.net\/france\/monte-escalier-pessac\/","og_locale":"fr_FR","og_type":"article","og_title":"Monte escalier Pessac - Monte escalier","og_description":"Monte escalier \u00e0 Pessac (33) : Trouvez un professionnel en quelques clics !","og_url":"https:\/\/www.monteescalier.net\/france\/monte-escalier-pessac\/","og_site_name":"Monte escalier","article_modified_time":"2021-11-10T10:41:53+00:00","twitter_card":"summary_large_image","twitter_misc":{"Dur\u00e9e de lecture estim\u00e9e":"2 minutes"},"schema":{"@context":"https:\/\/schema.org","@graph":[{"@type":"WebPage","@id":"https:\/\/www.monteescalier.net\/france\/monte-escalier-pessac\/","url":"https:\/\/www.monteescalier.net\/france\/monte-escalier-pessac\/","name":"Monte escalier Pessac - Monte escalier","isPartOf":{"@id":"https:\/\/www.monteescalier.net\/france\/#website"},"datePublished":"2021-09-26T09:47:11+00:00","dateModified":"2021-11-10T10:41:53+00:00","description":"Monte escalier \u00e0 Pessac (33) : Trouvez un professionnel en quelques clics !","breadcrumb":{"@id":"https:\/\/www.monteescalier.net\/france\/monte-escalier-pessac\/#breadcrumb"},"inLanguage":"fr-FR","potentialAction":[{"@type":"ReadAction","target":["https:\/\/www.monteescalier.net\/france\/monte-escalier-pessac\/"]}]},{"@type":"BreadcrumbList","@id":"https:\/\/www.monteescalier.net\/france\/monte-escalier-pessac\/#breadcrumb","itemListElement":[{"@type":"ListItem","position":1,"name":"Accueil","item":"https:\/\/www.monteescalier.net\/france\/"},{"@type":"ListItem","position":2,"name":"Monte escalier Pessac"}]},{"@type":"WebSite","@id":"https:\/\/www.monteescalier.net\/france\/#website","url":"https:\/\/www.monteescalier.net\/france\/","name":"Monte escalier","description":"","publisher":{"@id":"https:\/\/www.monteescalier.net\/france\/#organization"},"potentialAction":[{"@type":"SearchAction","target":{"@type":"EntryPoint","urlTemplate":"https:\/\/www.monteescalier.net\/france\/?s={search_term_string}"},"query-input":{"@type":"PropertyValueSpecification","valueRequired":true,"valueName":"search_term_string"}}],"inLanguage":"fr-FR"},{"@type":"Organization","@id":"https:\/\/www.monteescalier.net\/france\/#organization","name":"monte-escalier.net","url":"https:\/\/www.monteescalier.net\/france\/","logo":{"@type":"ImageObject","inLanguage":"fr-FR","@id":"https:\/\/www.monteescalier.net\/france\/#\/schema\/logo\/image\/","url":"https:\/\/www.monteescalier.net\/france\/wp-content\/uploads\/2016\/10\/4devis-mont-escalier-500-500.gif","contentUrl":"https:\/\/www.monteescalier.net\/france\/wp-content\/uploads\/2016\/10\/4devis-mont-escalier-500-500.gif","width":500,"height":500,"caption":"monte-escalier.net"},"image":{"@id":"https:\/\/www.monteescalier.net\/france\/#\/schema\/logo\/image\/"}}]}},"_links":{"self":[{"href":"https:\/\/www.monteescalier.net\/france\/wp-json\/wp\/v2\/pages\/994","targetHints":{"allow":["GET"]}}],"collection":[{"href":"https:\/\/www.monteescalier.net\/france\/wp-json\/wp\/v2\/pages"}],"about":[{"href":"https:\/\/www.monteescalier.net\/france\/wp-json\/wp\/v2\/types\/page"}],"author":[{"embeddable":true,"href":"https:\/\/www.monteescalier.net\/france\/wp-json\/wp\/v2\/users\/1"}],"replies":[{"embeddable":true,"href":"https:\/\/www.monteescalier.net\/france\/wp-json\/wp\/v2\/comments?post=994"}],"version-history":[{"count":2,"href":"https:\/\/www.monteescalier.net\/france\/wp-json\/wp\/v2\/pages\/994\/revisions"}],"predecessor-version":[{"id":7509,"href":"https:\/\/www.monteescalier.net\/france\/wp-json\/wp\/v2\/pages\/994\/revisions\/7509"}],"wp:attachment":[{"href":"https:\/\/www.monteescalier.net\/france\/wp-json\/wp\/v2\/media?parent=994"}],"curies":[{"name":"wp","href":"https:\/\/api.w.org\/{rel}","templated":true}]}}