{"id":995,"date":"2021-09-26T10:47:11","date_gmt":"2021-09-26T09:47:11","guid":{"rendered":"https:\/\/www.monteescalier.net\/france\/?page_id=995"},"modified":"2021-11-10T11:19:24","modified_gmt":"2021-11-10T10:19:24","slug":"monte-escalier-venissieux","status":"publish","type":"page","link":"https:\/\/www.monteescalier.net\/france\/monte-escalier-venissieux\/","title":{"rendered":"Monte escalier V\u00e9nissieux"},"content":{"rendered":"<h1>Comparer les vendeurs de monte escalier \u00e0 V\u00e9nissieux<\/h1>\n<div class=\"boite_texte\">\n<div style=\"text-align: justify;\">Vous souhaitez faire installer un monte escalier \u00e0 V\u00e9nissieux, \u00a0monteescalier.net\u00a0peut vous aider \u00e0 trouver rapidement votre installateur, celui qui vous pr\u00e9sentera les meilleurs garanties. Notre m\u00e9thode : mettre en concurrence les installateurs et les inciter \u00e0 vous faire chacun un devis gratuit.<\/div>\n<p>&nbsp;<\/p>\n<div style=\"text-align: justify;\">La vocation de ce site consacr\u00e9 enti\u00e8rement au monte escalier est de faciliter l&rsquo;achat de votre monte escalier en vous mettant en relation directement avec les revendeurs de monte escalier sur V\u00e9nissieux, car avoir plusieurs propositions vous permettra de\u00a0faire un choix en toute connaissance de cause.<\/div>\n<p>&nbsp;<\/p>\n<div style=\"text-align: justify;\">Comment mieux comparer qu&rsquo;en examinant des propositions concr\u00e8tes ? Une seule demande de devis sur notre site et vous obtiendrez plusieurs devis de diff\u00e9rents prestataires vous proposant diff\u00e9rents mod\u00e8les de monte escalier.<\/div>\n<p>&nbsp;<\/p>\n<div style=\"text-align: justify;\">Faire avancer votre projet d&rsquo;achat de monte escalier sans vous d\u00e9placer, c&rsquo;est ce que notre site vous propose via notre formulaire de demande de rappel. Une fois compl\u00e9t\u00e9 avec vos coordonn\u00e9es, nos experts du monte escalier sur V\u00e9nissieux, vous rappelleront tr\u00e8s vite pour \u00e9changer avec vous sur votre futur monte escalier.<\/div>\n<p>&nbsp;<\/p>\n<div style=\"text-align: justify;\">Pour faire votre choix, vous pouvez aussi vouloir comparer les caract\u00e9ristiques d\u00e9taill\u00e9es des fauteuils monte escalier des diff\u00e9rentes marques disponibles \u00e0 la vente.la meilleure option dans cas est de vous servir de notre formulaire de demande de documentation que vous trouverez sur notre site. Par courriel ou par courrier traditionnel, vous recevrez gratuitement toutes les infos n\u00e9cessaires qui vous permettront de comparer \u00e0 t\u00eate repos\u00e9e les diff\u00e9rents mod\u00e8les de monte escalier.<\/div>\n<p>&nbsp;<\/p>\n<div style=\"text-align: justify;\">Tous les services propos\u00e9s par ce site sont enti\u00e8rement gratuits et sans obligation d&rsquo;achat. Nous sommes un service de mise en relation. Vous serez mis en contact directement avec nos partenaires vendeurs de monte escalier et vous n\u00e9gocierez directement avec eux. Vous \u00eates totalement libres de n\u00e9gocier et de signer ou pas avec un des prestataires avec lequel nous vous avons mis en relation.<\/div>\n<p>&nbsp;<\/p>\n<\/div>\n<div class=\"titre_liens\">Pas tr\u00e8s loin de chez vous, nos services sont \u00e9galement disponibles ici :<\/div>\n<p>&nbsp;<\/p>\n<div class=\"boite_liens\"><a href=\"https:\/\/www.monteescalier.net\/france\/monte-escalier-saint-priest\">Monte escalier Saint-Priest<\/a><br \/>\n<a href=\"https:\/\/www.monteescalier.net\/france\/monte-escalier-caluire-et-cuire\">Monte escalier Caluire-et-Cuire<\/a><br \/>\n<a href=\"https:\/\/www.monteescalier.net\/france\/monte-escalier-vaulx-en-velin\">Monte escalier Vaulx-en-Velin<\/a><br \/>\n<a href=\"https:\/\/www.monteescalier.net\/france\/monte-escalier-bron\">Monte escalier Bron<\/a><br \/>\n<a href=\"https:\/\/www.monteescalier.net\/france\/monte-escalier-villefranche-sur-saone\">Monte escalier Villefranche-sur-Sa\u00f4ne<\/a><\/div>\n","protected":false},"excerpt":{"rendered":"<p>Comparer les vendeurs de monte escalier \u00e0 V\u00e9nissieux Vous souhaitez faire installer un monte escalier \u00e0 V\u00e9nissieux, \u00a0monteescalier.net\u00a0peut vous aider \u00e0 trouver rapidement votre installateur, celui qui vous pr\u00e9sentera les meilleurs garanties. Notre m\u00e9thode : mettre en concurrence les installateurs et les inciter \u00e0 vous faire chacun un devis gratuit. &nbsp; La vocation de ce [&hellip;]<\/p>\n","protected":false},"author":1,"featured_media":0,"parent":0,"menu_order":0,"comment_status":"closed","ping_status":"open","template":"template_ville_13.php","meta":{"_monsterinsights_skip_tracking":false,"_monsterinsights_sitenote_active":false,"_monsterinsights_sitenote_note":"","_monsterinsights_sitenote_category":0,"footnotes":""},"class_list":["post-995","page","type-page","status-publish","hentry"],"yoast_head":"<!-- This site is optimized with the Yoast SEO plugin v26.3 - https:\/\/yoast.com\/wordpress\/plugins\/seo\/ -->\n<title>Monte escalier V\u00e9nissieux - Monte escalier<\/title>\n<meta name=\"description\" content=\"Vous recherchez expert local en monte-escalier sur V\u00e9nissieux pour gravir vos \u00e9tages en toute s\u00e9curit\u00e9 ?\" \/>\n<meta name=\"robots\" content=\"index, follow, max-snippet:-1, max-image-preview:large, max-video-preview:-1\" \/>\n<link rel=\"canonical\" href=\"https:\/\/www.monteescalier.net\/france\/monte-escalier-venissieux\/\" \/>\n<meta property=\"og:locale\" content=\"fr_FR\" \/>\n<meta property=\"og:type\" content=\"article\" \/>\n<meta property=\"og:title\" content=\"Monte escalier V\u00e9nissieux - Monte escalier\" \/>\n<meta property=\"og:description\" content=\"Vous recherchez expert local en monte-escalier sur V\u00e9nissieux pour gravir vos \u00e9tages en toute s\u00e9curit\u00e9 ?\" \/>\n<meta property=\"og:url\" content=\"https:\/\/www.monteescalier.net\/france\/monte-escalier-venissieux\/\" \/>\n<meta property=\"og:site_name\" content=\"Monte escalier\" \/>\n<meta property=\"article:modified_time\" content=\"2021-11-10T10:19:24+00:00\" \/>\n<meta name=\"twitter:card\" content=\"summary_large_image\" \/>\n<meta name=\"twitter:label1\" content=\"Dur\u00e9e de lecture estim\u00e9e\" \/>\n\t<meta name=\"twitter:data1\" content=\"2 minutes\" \/>\n<script type=\"application\/ld+json\" class=\"yoast-schema-graph\">{\"@context\":\"https:\/\/schema.org\",\"@graph\":[{\"@type\":\"WebPage\",\"@id\":\"https:\/\/www.monteescalier.net\/france\/monte-escalier-venissieux\/\",\"url\":\"https:\/\/www.monteescalier.net\/france\/monte-escalier-venissieux\/\",\"name\":\"Monte escalier V\u00e9nissieux - Monte escalier\",\"isPartOf\":{\"@id\":\"https:\/\/www.monteescalier.net\/france\/#website\"},\"datePublished\":\"2021-09-26T09:47:11+00:00\",\"dateModified\":\"2021-11-10T10:19:24+00:00\",\"description\":\"Vous recherchez expert local en monte-escalier sur V\u00e9nissieux pour gravir vos \u00e9tages en toute s\u00e9curit\u00e9 ?\",\"breadcrumb\":{\"@id\":\"https:\/\/www.monteescalier.net\/france\/monte-escalier-venissieux\/#breadcrumb\"},\"inLanguage\":\"fr-FR\",\"potentialAction\":[{\"@type\":\"ReadAction\",\"target\":[\"https:\/\/www.monteescalier.net\/france\/monte-escalier-venissieux\/\"]}]},{\"@type\":\"BreadcrumbList\",\"@id\":\"https:\/\/www.monteescalier.net\/france\/monte-escalier-venissieux\/#breadcrumb\",\"itemListElement\":[{\"@type\":\"ListItem\",\"position\":1,\"name\":\"Accueil\",\"item\":\"https:\/\/www.monteescalier.net\/france\/\"},{\"@type\":\"ListItem\",\"position\":2,\"name\":\"Monte escalier V\u00e9nissieux\"}]},{\"@type\":\"WebSite\",\"@id\":\"https:\/\/www.monteescalier.net\/france\/#website\",\"url\":\"https:\/\/www.monteescalier.net\/france\/\",\"name\":\"Monte escalier\",\"description\":\"\",\"publisher\":{\"@id\":\"https:\/\/www.monteescalier.net\/france\/#organization\"},\"potentialAction\":[{\"@type\":\"SearchAction\",\"target\":{\"@type\":\"EntryPoint\",\"urlTemplate\":\"https:\/\/www.monteescalier.net\/france\/?s={search_term_string}\"},\"query-input\":{\"@type\":\"PropertyValueSpecification\",\"valueRequired\":true,\"valueName\":\"search_term_string\"}}],\"inLanguage\":\"fr-FR\"},{\"@type\":\"Organization\",\"@id\":\"https:\/\/www.monteescalier.net\/france\/#organization\",\"name\":\"monte-escalier.net\",\"url\":\"https:\/\/www.monteescalier.net\/france\/\",\"logo\":{\"@type\":\"ImageObject\",\"inLanguage\":\"fr-FR\",\"@id\":\"https:\/\/www.monteescalier.net\/france\/#\/schema\/logo\/image\/\",\"url\":\"https:\/\/www.monteescalier.net\/france\/wp-content\/uploads\/2016\/10\/4devis-mont-escalier-500-500.gif\",\"contentUrl\":\"https:\/\/www.monteescalier.net\/france\/wp-content\/uploads\/2016\/10\/4devis-mont-escalier-500-500.gif\",\"width\":500,\"height\":500,\"caption\":\"monte-escalier.net\"},\"image\":{\"@id\":\"https:\/\/www.monteescalier.net\/france\/#\/schema\/logo\/image\/\"}}]}<\/script>\n<!-- \/ Yoast SEO plugin. -->","yoast_head_json":{"title":"Monte escalier V\u00e9nissieux - Monte escalier","description":"Vous recherchez expert local en monte-escalier sur V\u00e9nissieux pour gravir vos \u00e9tages en toute s\u00e9curit\u00e9 ?","robots":{"index":"index","follow":"follow","max-snippet":"max-snippet:-1","max-image-preview":"max-image-preview:large","max-video-preview":"max-video-preview:-1"},"canonical":"https:\/\/www.monteescalier.net\/france\/monte-escalier-venissieux\/","og_locale":"fr_FR","og_type":"article","og_title":"Monte escalier V\u00e9nissieux - Monte escalier","og_description":"Vous recherchez expert local en monte-escalier sur V\u00e9nissieux pour gravir vos \u00e9tages en toute s\u00e9curit\u00e9 ?","og_url":"https:\/\/www.monteescalier.net\/france\/monte-escalier-venissieux\/","og_site_name":"Monte escalier","article_modified_time":"2021-11-10T10:19:24+00:00","twitter_card":"summary_large_image","twitter_misc":{"Dur\u00e9e de lecture estim\u00e9e":"2 minutes"},"schema":{"@context":"https:\/\/schema.org","@graph":[{"@type":"WebPage","@id":"https:\/\/www.monteescalier.net\/france\/monte-escalier-venissieux\/","url":"https:\/\/www.monteescalier.net\/france\/monte-escalier-venissieux\/","name":"Monte escalier V\u00e9nissieux - Monte escalier","isPartOf":{"@id":"https:\/\/www.monteescalier.net\/france\/#website"},"datePublished":"2021-09-26T09:47:11+00:00","dateModified":"2021-11-10T10:19:24+00:00","description":"Vous recherchez expert local en monte-escalier sur V\u00e9nissieux pour gravir vos \u00e9tages en toute s\u00e9curit\u00e9 ?","breadcrumb":{"@id":"https:\/\/www.monteescalier.net\/france\/monte-escalier-venissieux\/#breadcrumb"},"inLanguage":"fr-FR","potentialAction":[{"@type":"ReadAction","target":["https:\/\/www.monteescalier.net\/france\/monte-escalier-venissieux\/"]}]},{"@type":"BreadcrumbList","@id":"https:\/\/www.monteescalier.net\/france\/monte-escalier-venissieux\/#breadcrumb","itemListElement":[{"@type":"ListItem","position":1,"name":"Accueil","item":"https:\/\/www.monteescalier.net\/france\/"},{"@type":"ListItem","position":2,"name":"Monte escalier V\u00e9nissieux"}]},{"@type":"WebSite","@id":"https:\/\/www.monteescalier.net\/france\/#website","url":"https:\/\/www.monteescalier.net\/france\/","name":"Monte escalier","description":"","publisher":{"@id":"https:\/\/www.monteescalier.net\/france\/#organization"},"potentialAction":[{"@type":"SearchAction","target":{"@type":"EntryPoint","urlTemplate":"https:\/\/www.monteescalier.net\/france\/?s={search_term_string}"},"query-input":{"@type":"PropertyValueSpecification","valueRequired":true,"valueName":"search_term_string"}}],"inLanguage":"fr-FR"},{"@type":"Organization","@id":"https:\/\/www.monteescalier.net\/france\/#organization","name":"monte-escalier.net","url":"https:\/\/www.monteescalier.net\/france\/","logo":{"@type":"ImageObject","inLanguage":"fr-FR","@id":"https:\/\/www.monteescalier.net\/france\/#\/schema\/logo\/image\/","url":"https:\/\/www.monteescalier.net\/france\/wp-content\/uploads\/2016\/10\/4devis-mont-escalier-500-500.gif","contentUrl":"https:\/\/www.monteescalier.net\/france\/wp-content\/uploads\/2016\/10\/4devis-mont-escalier-500-500.gif","width":500,"height":500,"caption":"monte-escalier.net"},"image":{"@id":"https:\/\/www.monteescalier.net\/france\/#\/schema\/logo\/image\/"}}]}},"_links":{"self":[{"href":"https:\/\/www.monteescalier.net\/france\/wp-json\/wp\/v2\/pages\/995","targetHints":{"allow":["GET"]}}],"collection":[{"href":"https:\/\/www.monteescalier.net\/france\/wp-json\/wp\/v2\/pages"}],"about":[{"href":"https:\/\/www.monteescalier.net\/france\/wp-json\/wp\/v2\/types\/page"}],"author":[{"embeddable":true,"href":"https:\/\/www.monteescalier.net\/france\/wp-json\/wp\/v2\/users\/1"}],"replies":[{"embeddable":true,"href":"https:\/\/www.monteescalier.net\/france\/wp-json\/wp\/v2\/comments?post=995"}],"version-history":[{"count":4,"href":"https:\/\/www.monteescalier.net\/france\/wp-json\/wp\/v2\/pages\/995\/revisions"}],"predecessor-version":[{"id":7511,"href":"https:\/\/www.monteescalier.net\/france\/wp-json\/wp\/v2\/pages\/995\/revisions\/7511"}],"wp:attachment":[{"href":"https:\/\/www.monteescalier.net\/france\/wp-json\/wp\/v2\/media?parent=995"}],"curies":[{"name":"wp","href":"https:\/\/api.w.org\/{rel}","templated":true}]}}