{"id":996,"date":"2021-02-26T10:47:11","date_gmt":"2021-02-26T09:47:11","guid":{"rendered":"https:\/\/www.monteescalier.net\/france\/?page_id=996"},"modified":"2024-11-29T15:31:10","modified_gmt":"2024-11-29T14:31:10","slug":"monte-escalier-chambery","status":"publish","type":"page","link":"https:\/\/www.monteescalier.net\/france\/monte-escalier-chambery\/","title":{"rendered":"Monte escalier \u00e0 Chamb\u00e9ry :"},"content":{"rendered":"<h1>Votre vendeur de monte escalier \u00e0 Chamb\u00e9ry<\/h1>\n<div class=\"boite_texte\">\n<div style=\"text-align: justify;\">\n<p>Vous avez une maison\u00a0\u00e0 Chamb\u00e9ry,\u00a0et vous voulez y faire installer un monte escalier pour continuer \u00e0 pouvoir profiter de votre \u00e9tage alors m\u00eame que vous rencontrez quelques probl\u00e8mes de mobilit\u00e9. Pour votre monte escalier \u00e0 Chamb\u00e9ry, monteescalier.net peut vous aider en vous mettant en contact avec les principaux installateurs qui travaillent dans la r\u00e9gion et dont nous jugeons qu&rsquo;ils sont les plus comp\u00e9tents et les plus comp\u00e9titifs en prix pour assurer cette prestation.<\/p>\n<\/div>\n<div style=\"text-align: justify;\">\n<p>La vocation de notre\u00a0site internet est de vous faciliter la vie en vous facilitant l&rsquo;achat de votre monte escalier: \u00a0en vous mettant en contact directement avec les revendeurs de monte escalier sur Chamb\u00e9ry,\u00a0nous allons vous permettre d&rsquo;obtenir 4 \u00e0 5 devis gratuitement, rapidement, aupr\u00e8s des prestataires que nous avons s\u00e9lectionn\u00e9s pour vous<\/p>\n<\/div>\n<div style=\"text-align: justify;\">Comment mieux comparer des prestations qu&rsquo;en examinant des propositions concr\u00e8tes ? Une seule demande de devis sur notre site et vous obtiendrez plusieurs devis de diff\u00e9rents prestataires vous proposant diff\u00e9rents mod\u00e8les de monte escalier : remplissez vite le formulaire de demande de devis qui se trouve en haut de cette page et attendez tranquillement les appels des installateurs savoyards.<\/div>\n<p>&nbsp;<\/p>\n<div style=\"text-align: justify;\">Un autre\u00a0formulaire \u00e0 compl\u00e9ter vous permettra d&rsquo;\u00eatre rappel\u00e9 par des professionnels du monte escalier de la r\u00e9gion et \u00a0c&rsquo;est le deuxi\u00e8me service totalement gratuit que nous vous proposons avec<a href=\"https:\/\/www.monteescalier.net\/demande-de-rappel.php\"> la demande de rappel<\/a>. C&rsquo;est la garantie d&rsquo;\u00eatre rappel\u00e9 tr\u00e8s vite par plusieurs installateurs de monte escalier qui pourront ainsi apporter des r\u00e9ponses personnalis\u00e9es aux questions que vous vous posez certainement sur le mat\u00e9riel, sur l&rsquo;installation ou encore sur la garantie du monte escalier.<\/div>\n<p>&nbsp;<\/p>\n<div style=\"text-align: justify;\">Recevoir\u00a0de la documentation sur les monte escalier directement chez vous sans vous d\u00e9placer dans votre boite email c&rsquo;est possible et m\u00eame gratuit. Remplissez simplement un formulaire de demande de documentation (remplissez le compl\u00e8tement pour obtenir des r\u00e9ponses) et vous recevrez par email, toutes les documentations sur les produits vendus par les\u00a0vendeurs de monte escalier que nous avons retenus pour vous proposer leurs services.<\/div>\n<p>&nbsp;<\/p>\n<div style=\"text-align: justify;\">Ne faites plus la chasse aux prestataires, laissez notre service de mise en relation faire le job pour vous. C&rsquo;est int\u00e9gralement gratuit et cela vous permettra d&rsquo;\u00eatre mis tr\u00e8s rapidement en relation avec notre liste de professionnels du monte escalier de Chamb\u00e9ry et sa r\u00e9gion, sans efforts, ni contraintes&#8230; difficile de vous proposer mieux non?<\/div>\n<\/div>\n<p>&nbsp;<\/p>\n<div class=\"titre_liens\">A d\u00e9couvrir \u00e9galement : nos offres monte escalier dans les villes alentours<\/div>\n<p>&nbsp;<\/p>\n<div class=\"boite_liens\"><a href=\"https:\/\/www.monteescalier.net\/france\/monte-escalier-aix-les-bains\">Monte escalier Aix-les-Bains<\/a><br \/>\n<a href=\"https:\/\/www.monteescalier.net\/france\/monte-escalier-albertville\">Monte escalier Albertville<\/a><br \/>\n<a href=\"https:\/\/www.monteescalier.net\/france\/monte-escalier-la-motte-servolex\">Monte escalier Motte-Servolex<\/a><br \/>\n<a href=\"https:\/\/www.monteescalier.net\/france\/monte-escalier-saint-jean-de-maurienne\">Monte escalier Saint-Jean-de-Maurienne<\/a><br \/>\n<a href=\"https:\/\/www.monteescalier.net\/france\/monte-escalier-bourg-saint-maurice\">Monte escalier Bourg-Saint-Maurice<\/a><\/div>\n","protected":false},"excerpt":{"rendered":"<p>Votre vendeur de monte escalier \u00e0 Chamb\u00e9ry Vous avez une maison\u00a0\u00e0 Chamb\u00e9ry,\u00a0et vous voulez y faire installer un monte escalier pour continuer \u00e0 pouvoir profiter de votre \u00e9tage alors m\u00eame que vous rencontrez quelques probl\u00e8mes de mobilit\u00e9. Pour votre monte escalier \u00e0 Chamb\u00e9ry, monteescalier.net peut vous aider en vous mettant en contact avec les principaux [&hellip;]<\/p>\n","protected":false},"author":1,"featured_media":0,"parent":0,"menu_order":0,"comment_status":"closed","ping_status":"open","template":"template_ville_18.php","meta":{"_monsterinsights_skip_tracking":false,"_monsterinsights_sitenote_active":false,"_monsterinsights_sitenote_note":"","_monsterinsights_sitenote_category":0,"footnotes":""},"class_list":["post-996","page","type-page","status-publish","hentry"],"yoast_head":"<!-- This site is optimized with the Yoast SEO plugin v26.3 - https:\/\/yoast.com\/wordpress\/plugins\/seo\/ -->\n<title>Monte escalier \u00e0 Chamb\u00e9ry : - Monte escalier<\/title>\n<meta name=\"description\" content=\"Vous recherchez un monte-escalier \u00e0 Chamb\u00e9ry - Retrouvez toutes les informations et conditions d&#039;achat aupr\u00e8s de nos partenaires installeurs\" \/>\n<meta name=\"robots\" content=\"index, follow, max-snippet:-1, max-image-preview:large, max-video-preview:-1\" \/>\n<link rel=\"canonical\" href=\"https:\/\/www.monteescalier.net\/france\/monte-escalier-chambery\/\" \/>\n<meta property=\"og:locale\" content=\"fr_FR\" \/>\n<meta property=\"og:type\" content=\"article\" \/>\n<meta property=\"og:title\" content=\"Monte escalier \u00e0 Chamb\u00e9ry : - Monte escalier\" \/>\n<meta property=\"og:description\" content=\"Vous recherchez un monte-escalier \u00e0 Chamb\u00e9ry - Retrouvez toutes les informations et conditions d&#039;achat aupr\u00e8s de nos partenaires installeurs\" \/>\n<meta property=\"og:url\" content=\"https:\/\/www.monteescalier.net\/france\/monte-escalier-chambery\/\" \/>\n<meta property=\"og:site_name\" content=\"Monte escalier\" \/>\n<meta property=\"article:modified_time\" content=\"2024-11-29T14:31:10+00:00\" \/>\n<meta name=\"twitter:card\" content=\"summary_large_image\" \/>\n<meta name=\"twitter:label1\" content=\"Dur\u00e9e de lecture estim\u00e9e\" \/>\n\t<meta name=\"twitter:data1\" content=\"3 minutes\" \/>\n<script type=\"application\/ld+json\" class=\"yoast-schema-graph\">{\"@context\":\"https:\/\/schema.org\",\"@graph\":[{\"@type\":\"WebPage\",\"@id\":\"https:\/\/www.monteescalier.net\/france\/monte-escalier-chambery\/\",\"url\":\"https:\/\/www.monteescalier.net\/france\/monte-escalier-chambery\/\",\"name\":\"Monte escalier \u00e0 Chamb\u00e9ry : - Monte escalier\",\"isPartOf\":{\"@id\":\"https:\/\/www.monteescalier.net\/france\/#website\"},\"datePublished\":\"2021-02-26T09:47:11+00:00\",\"dateModified\":\"2024-11-29T14:31:10+00:00\",\"description\":\"Vous recherchez un monte-escalier \u00e0 Chamb\u00e9ry - Retrouvez toutes les informations et conditions d'achat aupr\u00e8s de nos partenaires installeurs\",\"breadcrumb\":{\"@id\":\"https:\/\/www.monteescalier.net\/france\/monte-escalier-chambery\/#breadcrumb\"},\"inLanguage\":\"fr-FR\",\"potentialAction\":[{\"@type\":\"ReadAction\",\"target\":[\"https:\/\/www.monteescalier.net\/france\/monte-escalier-chambery\/\"]}]},{\"@type\":\"BreadcrumbList\",\"@id\":\"https:\/\/www.monteescalier.net\/france\/monte-escalier-chambery\/#breadcrumb\",\"itemListElement\":[{\"@type\":\"ListItem\",\"position\":1,\"name\":\"Accueil\",\"item\":\"https:\/\/www.monteescalier.net\/france\/\"},{\"@type\":\"ListItem\",\"position\":2,\"name\":\"Monte escalier \u00e0 Chamb\u00e9ry :\"}]},{\"@type\":\"WebSite\",\"@id\":\"https:\/\/www.monteescalier.net\/france\/#website\",\"url\":\"https:\/\/www.monteescalier.net\/france\/\",\"name\":\"Monte escalier\",\"description\":\"\",\"publisher\":{\"@id\":\"https:\/\/www.monteescalier.net\/france\/#organization\"},\"potentialAction\":[{\"@type\":\"SearchAction\",\"target\":{\"@type\":\"EntryPoint\",\"urlTemplate\":\"https:\/\/www.monteescalier.net\/france\/?s={search_term_string}\"},\"query-input\":{\"@type\":\"PropertyValueSpecification\",\"valueRequired\":true,\"valueName\":\"search_term_string\"}}],\"inLanguage\":\"fr-FR\"},{\"@type\":\"Organization\",\"@id\":\"https:\/\/www.monteescalier.net\/france\/#organization\",\"name\":\"monte-escalier.net\",\"url\":\"https:\/\/www.monteescalier.net\/france\/\",\"logo\":{\"@type\":\"ImageObject\",\"inLanguage\":\"fr-FR\",\"@id\":\"https:\/\/www.monteescalier.net\/france\/#\/schema\/logo\/image\/\",\"url\":\"https:\/\/www.monteescalier.net\/france\/wp-content\/uploads\/2016\/10\/4devis-mont-escalier-500-500.gif\",\"contentUrl\":\"https:\/\/www.monteescalier.net\/france\/wp-content\/uploads\/2016\/10\/4devis-mont-escalier-500-500.gif\",\"width\":500,\"height\":500,\"caption\":\"monte-escalier.net\"},\"image\":{\"@id\":\"https:\/\/www.monteescalier.net\/france\/#\/schema\/logo\/image\/\"}}]}<\/script>\n<!-- \/ Yoast SEO plugin. -->","yoast_head_json":{"title":"Monte escalier \u00e0 Chamb\u00e9ry : - Monte escalier","description":"Vous recherchez un monte-escalier \u00e0 Chamb\u00e9ry - Retrouvez toutes les informations et conditions d'achat aupr\u00e8s de nos partenaires installeurs","robots":{"index":"index","follow":"follow","max-snippet":"max-snippet:-1","max-image-preview":"max-image-preview:large","max-video-preview":"max-video-preview:-1"},"canonical":"https:\/\/www.monteescalier.net\/france\/monte-escalier-chambery\/","og_locale":"fr_FR","og_type":"article","og_title":"Monte escalier \u00e0 Chamb\u00e9ry : - Monte escalier","og_description":"Vous recherchez un monte-escalier \u00e0 Chamb\u00e9ry - Retrouvez toutes les informations et conditions d'achat aupr\u00e8s de nos partenaires installeurs","og_url":"https:\/\/www.monteescalier.net\/france\/monte-escalier-chambery\/","og_site_name":"Monte escalier","article_modified_time":"2024-11-29T14:31:10+00:00","twitter_card":"summary_large_image","twitter_misc":{"Dur\u00e9e de lecture estim\u00e9e":"3 minutes"},"schema":{"@context":"https:\/\/schema.org","@graph":[{"@type":"WebPage","@id":"https:\/\/www.monteescalier.net\/france\/monte-escalier-chambery\/","url":"https:\/\/www.monteescalier.net\/france\/monte-escalier-chambery\/","name":"Monte escalier \u00e0 Chamb\u00e9ry : - Monte escalier","isPartOf":{"@id":"https:\/\/www.monteescalier.net\/france\/#website"},"datePublished":"2021-02-26T09:47:11+00:00","dateModified":"2024-11-29T14:31:10+00:00","description":"Vous recherchez un monte-escalier \u00e0 Chamb\u00e9ry - Retrouvez toutes les informations et conditions d'achat aupr\u00e8s de nos partenaires installeurs","breadcrumb":{"@id":"https:\/\/www.monteescalier.net\/france\/monte-escalier-chambery\/#breadcrumb"},"inLanguage":"fr-FR","potentialAction":[{"@type":"ReadAction","target":["https:\/\/www.monteescalier.net\/france\/monte-escalier-chambery\/"]}]},{"@type":"BreadcrumbList","@id":"https:\/\/www.monteescalier.net\/france\/monte-escalier-chambery\/#breadcrumb","itemListElement":[{"@type":"ListItem","position":1,"name":"Accueil","item":"https:\/\/www.monteescalier.net\/france\/"},{"@type":"ListItem","position":2,"name":"Monte escalier \u00e0 Chamb\u00e9ry :"}]},{"@type":"WebSite","@id":"https:\/\/www.monteescalier.net\/france\/#website","url":"https:\/\/www.monteescalier.net\/france\/","name":"Monte escalier","description":"","publisher":{"@id":"https:\/\/www.monteescalier.net\/france\/#organization"},"potentialAction":[{"@type":"SearchAction","target":{"@type":"EntryPoint","urlTemplate":"https:\/\/www.monteescalier.net\/france\/?s={search_term_string}"},"query-input":{"@type":"PropertyValueSpecification","valueRequired":true,"valueName":"search_term_string"}}],"inLanguage":"fr-FR"},{"@type":"Organization","@id":"https:\/\/www.monteescalier.net\/france\/#organization","name":"monte-escalier.net","url":"https:\/\/www.monteescalier.net\/france\/","logo":{"@type":"ImageObject","inLanguage":"fr-FR","@id":"https:\/\/www.monteescalier.net\/france\/#\/schema\/logo\/image\/","url":"https:\/\/www.monteescalier.net\/france\/wp-content\/uploads\/2016\/10\/4devis-mont-escalier-500-500.gif","contentUrl":"https:\/\/www.monteescalier.net\/france\/wp-content\/uploads\/2016\/10\/4devis-mont-escalier-500-500.gif","width":500,"height":500,"caption":"monte-escalier.net"},"image":{"@id":"https:\/\/www.monteescalier.net\/france\/#\/schema\/logo\/image\/"}}]}},"_links":{"self":[{"href":"https:\/\/www.monteescalier.net\/france\/wp-json\/wp\/v2\/pages\/996","targetHints":{"allow":["GET"]}}],"collection":[{"href":"https:\/\/www.monteescalier.net\/france\/wp-json\/wp\/v2\/pages"}],"about":[{"href":"https:\/\/www.monteescalier.net\/france\/wp-json\/wp\/v2\/types\/page"}],"author":[{"embeddable":true,"href":"https:\/\/www.monteescalier.net\/france\/wp-json\/wp\/v2\/users\/1"}],"replies":[{"embeddable":true,"href":"https:\/\/www.monteescalier.net\/france\/wp-json\/wp\/v2\/comments?post=996"}],"version-history":[{"count":5,"href":"https:\/\/www.monteescalier.net\/france\/wp-json\/wp\/v2\/pages\/996\/revisions"}],"predecessor-version":[{"id":8045,"href":"https:\/\/www.monteescalier.net\/france\/wp-json\/wp\/v2\/pages\/996\/revisions\/8045"}],"wp:attachment":[{"href":"https:\/\/www.monteescalier.net\/france\/wp-json\/wp\/v2\/media?parent=996"}],"curies":[{"name":"wp","href":"https:\/\/api.w.org\/{rel}","templated":true}]}}