{"id":998,"date":"2021-09-24T10:47:11","date_gmt":"2021-09-24T09:47:11","guid":{"rendered":"https:\/\/www.monteescalier.net\/france\/?page_id=998"},"modified":"2021-11-10T11:45:34","modified_gmt":"2021-11-10T10:45:34","slug":"monte-escalier-ivry-sur-seine","status":"publish","type":"page","link":"https:\/\/www.monteescalier.net\/france\/monte-escalier-ivry-sur-seine\/","title":{"rendered":"Monte escalier Ivry-sur-Seine"},"content":{"rendered":"<h1>Des renseignements sur les monte escalier \u00e0 Ivry-sur-Seine<\/h1>\n<div class=\"boite_texte\">\n<div style=\"text-align: justify;\">Vous souhaitez faire installer un monte escalier \u00e0 Ivry-sur-Seine dans votre maison. \u00a0Pour vous aider dans vos d\u00e9marches utilisez les services de monteescalier.net et vous pourrez ainsi\u00a0recevoir plusieurs devis et offres des prestataires du Val de Marne(94).<\/div>\n<p>&nbsp;<\/p>\n<div style=\"text-align: justify;\">Notre site est un site de\u00a0conseils \u00a0(pas de vente) ayant pour but de vous faciliter l&rsquo;achat de votre monte escalier en vous mettant en relation directement avec les revendeurs de monte escalier de la r\u00e9gion parisienne, qui peuvent installer chez vous un monte escalier, et dont nous pensons qu&rsquo;ils sont les mieux plac\u00e9s en rapport qualit\u00e9 prix.<\/div>\n<p>&nbsp;<\/p>\n<div style=\"text-align: justify;\">Comment mieux comparer qu&rsquo;en examinant des propositions concr\u00e8tes ? Une seule demande de devis sur notre site (voir en haut de cette page) et vous obtiendrez plusieurs devis de diff\u00e9rents prestataires, <a href=\"https:\/\/www.monteescalier.net\">installateurs de monte escalier<\/a> vous proposant diff\u00e9rents mod\u00e8les de monte escalier.<\/div>\n<p>&nbsp;<\/p>\n<div style=\"text-align: justify;\">Votre escalier\u00a0peut-il accueillir un monte escalier? Votre escalier est il assez large? Vous faut il un monte escalier droit ou un monte escalier tournant? Quelle marque, quel fauteuil choisir? Pour obtenir diff\u00e9rents avis sur ces questions, utilisez notre formulaire de rappel. Nos professionnels partenaires du monte escalier vous recontacteront tr\u00e8s vite !<\/div>\n<p>&nbsp;<\/p>\n<div style=\"text-align: justify;\">Utilisez notre site monteescalier.net pour obtenir de la documentation gr\u00e2ce \u00e0 notre formulaire de demande de documentation et nos partenaires, professionnels du monte escalier, qu&rsquo;ils soient fabricants, installateurs, ou revendeurs, vous feront parvenir des informations par email des brochures d\u00e9crivant les mod\u00e8les qu&rsquo;ils commercialisent\u00a0avec leurs caract\u00e9ristiques techniques d\u00e9taill\u00e9es.<\/div>\n<p>&nbsp;<\/p>\n<div>Avec monteescalier.net, pas de mauvaise surprise en vue : nous ne facturons absolument rien et vous ne prenez aucun engagement en faisant une demande sur notre site: les devis, documentation et rappel sont gratuits ! Tous nos partenaires vendeurs de monte escalier s\u00e9lectionn\u00e9s en Ile de France\u00a0s&rsquo;y engagent. Testez-nous, vous ne le regretterez pas.<\/div>\n<\/div>\n<p>&nbsp;<\/p>\n<div class=\"titre_liens\">Vous serez peut \u00eatre int\u00e9ress\u00e9s aussi par nos autres offres dans le d\u00e9partement du Val de Marne.<\/div>\n<p>&nbsp;<\/p>\n<div class=\"boite_liens\"><a href=\"https:\/\/www.monteescalier.net\/france\/monte-escalier-villejuif\">Monte escalier Villejuif<\/a><br \/>\n<a href=\"https:\/\/www.monteescalier.net\/france\/monte-escalier-maisons-alfort\">Monte escalier Maisons-Alfort<\/a><br \/>\n<a href=\"https:\/\/www.monteescalier.net\/france\/monte-escalier-fontenay-sous-bois\">Monte escalier Fontenay-sous-Bois<\/a><br \/>\n<a href=\"https:\/\/www.monteescalier.net\/france\/monte-escalier-vincennes\">Monte escalier Vincennes<\/a><br \/>\n<a href=\"https:\/\/www.monteescalier.net\/france\/monte-escalier-alfortville\">Monte escalier Alfortville<\/a><\/div>\n<div>MAJ: 24\/09\/18<\/div>\n","protected":false},"excerpt":{"rendered":"<p>Des renseignements sur les monte escalier \u00e0 Ivry-sur-Seine Vous souhaitez faire installer un monte escalier \u00e0 Ivry-sur-Seine dans votre maison. \u00a0Pour vous aider dans vos d\u00e9marches utilisez les services de monteescalier.net et vous pourrez ainsi\u00a0recevoir plusieurs devis et offres des prestataires du Val de Marne(94). &nbsp; Notre site est un site de\u00a0conseils \u00a0(pas de vente) [&hellip;]<\/p>\n","protected":false},"author":1,"featured_media":0,"parent":0,"menu_order":0,"comment_status":"closed","ping_status":"closed","template":"template_ville_18.php","meta":{"_monsterinsights_skip_tracking":false,"_monsterinsights_sitenote_active":false,"_monsterinsights_sitenote_note":"","_monsterinsights_sitenote_category":0,"footnotes":""},"class_list":["post-998","page","type-page","status-publish","hentry"],"yoast_head":"<!-- This site is optimized with the Yoast SEO plugin v26.3 - https:\/\/yoast.com\/wordpress\/plugins\/seo\/ -->\n<title>Monte escalier Ivry-sur-Seine - Monte escalier<\/title>\n<meta name=\"description\" content=\"Ce type de monte escalier convient parfaitement pour les escaliers \u00e9troits. Si vous cherchez un monte escalier \u00e0 Ivry-sur-Seine.\" \/>\n<meta name=\"robots\" content=\"index, follow, max-snippet:-1, max-image-preview:large, max-video-preview:-1\" \/>\n<link rel=\"canonical\" href=\"https:\/\/www.monteescalier.net\/france\/monte-escalier-ivry-sur-seine\/\" \/>\n<meta property=\"og:locale\" content=\"fr_FR\" \/>\n<meta property=\"og:type\" content=\"article\" \/>\n<meta property=\"og:title\" content=\"Monte escalier Ivry-sur-Seine - Monte escalier\" \/>\n<meta property=\"og:description\" content=\"Ce type de monte escalier convient parfaitement pour les escaliers \u00e9troits. Si vous cherchez un monte escalier \u00e0 Ivry-sur-Seine.\" \/>\n<meta property=\"og:url\" content=\"https:\/\/www.monteescalier.net\/france\/monte-escalier-ivry-sur-seine\/\" \/>\n<meta property=\"og:site_name\" content=\"Monte escalier\" \/>\n<meta property=\"article:modified_time\" content=\"2021-11-10T10:45:34+00:00\" \/>\n<meta name=\"twitter:card\" content=\"summary_large_image\" \/>\n<meta name=\"twitter:label1\" content=\"Dur\u00e9e de lecture estim\u00e9e\" \/>\n\t<meta name=\"twitter:data1\" content=\"2 minutes\" \/>\n<script type=\"application\/ld+json\" class=\"yoast-schema-graph\">{\"@context\":\"https:\/\/schema.org\",\"@graph\":[{\"@type\":\"WebPage\",\"@id\":\"https:\/\/www.monteescalier.net\/france\/monte-escalier-ivry-sur-seine\/\",\"url\":\"https:\/\/www.monteescalier.net\/france\/monte-escalier-ivry-sur-seine\/\",\"name\":\"Monte escalier Ivry-sur-Seine - Monte escalier\",\"isPartOf\":{\"@id\":\"https:\/\/www.monteescalier.net\/france\/#website\"},\"datePublished\":\"2021-09-24T09:47:11+00:00\",\"dateModified\":\"2021-11-10T10:45:34+00:00\",\"description\":\"Ce type de monte escalier convient parfaitement pour les escaliers \u00e9troits. Si vous cherchez un monte escalier \u00e0 Ivry-sur-Seine.\",\"breadcrumb\":{\"@id\":\"https:\/\/www.monteescalier.net\/france\/monte-escalier-ivry-sur-seine\/#breadcrumb\"},\"inLanguage\":\"fr-FR\",\"potentialAction\":[{\"@type\":\"ReadAction\",\"target\":[\"https:\/\/www.monteescalier.net\/france\/monte-escalier-ivry-sur-seine\/\"]}]},{\"@type\":\"BreadcrumbList\",\"@id\":\"https:\/\/www.monteescalier.net\/france\/monte-escalier-ivry-sur-seine\/#breadcrumb\",\"itemListElement\":[{\"@type\":\"ListItem\",\"position\":1,\"name\":\"Accueil\",\"item\":\"https:\/\/www.monteescalier.net\/france\/\"},{\"@type\":\"ListItem\",\"position\":2,\"name\":\"Monte escalier Ivry-sur-Seine\"}]},{\"@type\":\"WebSite\",\"@id\":\"https:\/\/www.monteescalier.net\/france\/#website\",\"url\":\"https:\/\/www.monteescalier.net\/france\/\",\"name\":\"Monte escalier\",\"description\":\"\",\"publisher\":{\"@id\":\"https:\/\/www.monteescalier.net\/france\/#organization\"},\"potentialAction\":[{\"@type\":\"SearchAction\",\"target\":{\"@type\":\"EntryPoint\",\"urlTemplate\":\"https:\/\/www.monteescalier.net\/france\/?s={search_term_string}\"},\"query-input\":{\"@type\":\"PropertyValueSpecification\",\"valueRequired\":true,\"valueName\":\"search_term_string\"}}],\"inLanguage\":\"fr-FR\"},{\"@type\":\"Organization\",\"@id\":\"https:\/\/www.monteescalier.net\/france\/#organization\",\"name\":\"monte-escalier.net\",\"url\":\"https:\/\/www.monteescalier.net\/france\/\",\"logo\":{\"@type\":\"ImageObject\",\"inLanguage\":\"fr-FR\",\"@id\":\"https:\/\/www.monteescalier.net\/france\/#\/schema\/logo\/image\/\",\"url\":\"https:\/\/www.monteescalier.net\/france\/wp-content\/uploads\/2016\/10\/4devis-mont-escalier-500-500.gif\",\"contentUrl\":\"https:\/\/www.monteescalier.net\/france\/wp-content\/uploads\/2016\/10\/4devis-mont-escalier-500-500.gif\",\"width\":500,\"height\":500,\"caption\":\"monte-escalier.net\"},\"image\":{\"@id\":\"https:\/\/www.monteescalier.net\/france\/#\/schema\/logo\/image\/\"}}]}<\/script>\n<!-- \/ Yoast SEO plugin. -->","yoast_head_json":{"title":"Monte escalier Ivry-sur-Seine - Monte escalier","description":"Ce type de monte escalier convient parfaitement pour les escaliers \u00e9troits. Si vous cherchez un monte escalier \u00e0 Ivry-sur-Seine.","robots":{"index":"index","follow":"follow","max-snippet":"max-snippet:-1","max-image-preview":"max-image-preview:large","max-video-preview":"max-video-preview:-1"},"canonical":"https:\/\/www.monteescalier.net\/france\/monte-escalier-ivry-sur-seine\/","og_locale":"fr_FR","og_type":"article","og_title":"Monte escalier Ivry-sur-Seine - Monte escalier","og_description":"Ce type de monte escalier convient parfaitement pour les escaliers \u00e9troits. Si vous cherchez un monte escalier \u00e0 Ivry-sur-Seine.","og_url":"https:\/\/www.monteescalier.net\/france\/monte-escalier-ivry-sur-seine\/","og_site_name":"Monte escalier","article_modified_time":"2021-11-10T10:45:34+00:00","twitter_card":"summary_large_image","twitter_misc":{"Dur\u00e9e de lecture estim\u00e9e":"2 minutes"},"schema":{"@context":"https:\/\/schema.org","@graph":[{"@type":"WebPage","@id":"https:\/\/www.monteescalier.net\/france\/monte-escalier-ivry-sur-seine\/","url":"https:\/\/www.monteescalier.net\/france\/monte-escalier-ivry-sur-seine\/","name":"Monte escalier Ivry-sur-Seine - Monte escalier","isPartOf":{"@id":"https:\/\/www.monteescalier.net\/france\/#website"},"datePublished":"2021-09-24T09:47:11+00:00","dateModified":"2021-11-10T10:45:34+00:00","description":"Ce type de monte escalier convient parfaitement pour les escaliers \u00e9troits. Si vous cherchez un monte escalier \u00e0 Ivry-sur-Seine.","breadcrumb":{"@id":"https:\/\/www.monteescalier.net\/france\/monte-escalier-ivry-sur-seine\/#breadcrumb"},"inLanguage":"fr-FR","potentialAction":[{"@type":"ReadAction","target":["https:\/\/www.monteescalier.net\/france\/monte-escalier-ivry-sur-seine\/"]}]},{"@type":"BreadcrumbList","@id":"https:\/\/www.monteescalier.net\/france\/monte-escalier-ivry-sur-seine\/#breadcrumb","itemListElement":[{"@type":"ListItem","position":1,"name":"Accueil","item":"https:\/\/www.monteescalier.net\/france\/"},{"@type":"ListItem","position":2,"name":"Monte escalier Ivry-sur-Seine"}]},{"@type":"WebSite","@id":"https:\/\/www.monteescalier.net\/france\/#website","url":"https:\/\/www.monteescalier.net\/france\/","name":"Monte escalier","description":"","publisher":{"@id":"https:\/\/www.monteescalier.net\/france\/#organization"},"potentialAction":[{"@type":"SearchAction","target":{"@type":"EntryPoint","urlTemplate":"https:\/\/www.monteescalier.net\/france\/?s={search_term_string}"},"query-input":{"@type":"PropertyValueSpecification","valueRequired":true,"valueName":"search_term_string"}}],"inLanguage":"fr-FR"},{"@type":"Organization","@id":"https:\/\/www.monteescalier.net\/france\/#organization","name":"monte-escalier.net","url":"https:\/\/www.monteescalier.net\/france\/","logo":{"@type":"ImageObject","inLanguage":"fr-FR","@id":"https:\/\/www.monteescalier.net\/france\/#\/schema\/logo\/image\/","url":"https:\/\/www.monteescalier.net\/france\/wp-content\/uploads\/2016\/10\/4devis-mont-escalier-500-500.gif","contentUrl":"https:\/\/www.monteescalier.net\/france\/wp-content\/uploads\/2016\/10\/4devis-mont-escalier-500-500.gif","width":500,"height":500,"caption":"monte-escalier.net"},"image":{"@id":"https:\/\/www.monteescalier.net\/france\/#\/schema\/logo\/image\/"}}]}},"_links":{"self":[{"href":"https:\/\/www.monteescalier.net\/france\/wp-json\/wp\/v2\/pages\/998","targetHints":{"allow":["GET"]}}],"collection":[{"href":"https:\/\/www.monteescalier.net\/france\/wp-json\/wp\/v2\/pages"}],"about":[{"href":"https:\/\/www.monteescalier.net\/france\/wp-json\/wp\/v2\/types\/page"}],"author":[{"embeddable":true,"href":"https:\/\/www.monteescalier.net\/france\/wp-json\/wp\/v2\/users\/1"}],"replies":[{"embeddable":true,"href":"https:\/\/www.monteescalier.net\/france\/wp-json\/wp\/v2\/comments?post=998"}],"version-history":[{"count":5,"href":"https:\/\/www.monteescalier.net\/france\/wp-json\/wp\/v2\/pages\/998\/revisions"}],"predecessor-version":[{"id":8102,"href":"https:\/\/www.monteescalier.net\/france\/wp-json\/wp\/v2\/pages\/998\/revisions\/8102"}],"wp:attachment":[{"href":"https:\/\/www.monteescalier.net\/france\/wp-json\/wp\/v2\/media?parent=998"}],"curies":[{"name":"wp","href":"https:\/\/api.w.org\/{rel}","templated":true}]}}